{"id":41609,"date":"2023-02-26T23:37:46","date_gmt":"2023-02-26T21:37:46","guid":{"rendered":"https:\/\/migle.dev.unionfintech.com\/gift-cards\/"},"modified":"2023-02-26T23:37:46","modified_gmt":"2023-02-26T21:37:46","slug":"gift-cards","status":"publish","type":"page","link":"https:\/\/migle.dev.unionfintech.com\/en\/gift-cards\/","title":{"rendered":"Gift cards"},"content":{"rendered":"\n<h2 class=\"wp-block-heading\">Gift cards<\/h2>\n\n<p>Don&#8217;t know what to give? <\/p>\n\n<p>Give a <mark style=\"background-color:rgba(0, 0, 0, 0)\" class=\"has-inline-color has-vivid-red-color\">Migl\u0117 Lingerie dovan\u0173 kupon\u0105!<\/mark> A special beloved one wears the best accessory &#8211; quality underwear. <\/p>\n\n<p>Let everyday life breathe mystery, and special moments be perfect!<\/p>\n\n<p><\/p>\n\n<p>Purchased e-gift coupons can be used for shopping in the <strong>migle.lt<\/strong>electronic store and <strong>in physical stores.<\/strong><\/p>\n\n<p>You can order a gift card for \u20ac50, \u20ac100, \u20ac150 and \u20ac200. <\/p>\n\n<p><br\/>You will receive an e-gift voucher by e- mail after payment same or next business day. For faster shipping, you can contact us by phone or email.<\/p>\n\n<p><br\/>Purchased e-gift vouchers can be sent by e-mail. by post or you can choose the &#8220;pick it up&#8221; delivery option.<\/p>\n\n<figure class=\"wp-block-gallery has-nested-images columns-default is-cropped wp-block-gallery-1 is-layout-flex wp-block-gallery-is-layout-flex\">\n<figure class=\"wp-block-image size-large\"><img loading=\"lazy\" decoding=\"async\" width=\"1024\" height=\"1024\" data-id=\"37926\" src=\"https:\/\/migle.dev.unionfintech.com\/wp-content\/uploads\/2022\/12\/gift-card-2-1-1024x1024.jpeg\" alt=\"\" class=\"wp-image-37926\" srcset=\"https:\/\/migle.dev.unionfintech.com\/wp-content\/uploads\/2022\/12\/gift-card-2-1-1024x1024.jpeg 1024w, https:\/\/migle.dev.unionfintech.com\/wp-content\/uploads\/2022\/12\/gift-card-2-1-300x300.jpeg 300w, https:\/\/migle.dev.unionfintech.com\/wp-content\/uploads\/2022\/12\/gift-card-2-1-150x150.jpeg 150w, https:\/\/migle.dev.unionfintech.com\/wp-content\/uploads\/2022\/12\/gift-card-2-1-768x768.jpeg 768w, https:\/\/migle.dev.unionfintech.com\/wp-content\/uploads\/2022\/12\/gift-card-2-1-1010x1010.jpeg 1010w, https:\/\/migle.dev.unionfintech.com\/wp-content\/uploads\/2022\/12\/gift-card-2-1-50x50.jpeg 50w, https:\/\/migle.dev.unionfintech.com\/wp-content\/uploads\/2022\/12\/gift-card-2-1-100x100.jpeg 100w\" sizes=\"auto, (max-width: 1024px) 100vw, 1024px\" \/><\/figure>\n\n\n\n<figure class=\"wp-block-image size-large\"><img loading=\"lazy\" decoding=\"async\" width=\"1024\" height=\"1024\" data-id=\"37925\" src=\"https:\/\/migle.dev.unionfintech.com\/wp-content\/uploads\/2022\/12\/gift-card-1024x1024.jpeg\" alt=\"\" class=\"wp-image-37925\" srcset=\"https:\/\/migle.dev.unionfintech.com\/wp-content\/uploads\/2022\/12\/gift-card-1024x1024.jpeg 1024w, https:\/\/migle.dev.unionfintech.com\/wp-content\/uploads\/2022\/12\/gift-card-300x300.jpeg 300w, https:\/\/migle.dev.unionfintech.com\/wp-content\/uploads\/2022\/12\/gift-card-150x150.jpeg 150w, https:\/\/migle.dev.unionfintech.com\/wp-content\/uploads\/2022\/12\/gift-card-768x768.jpeg 768w, https:\/\/migle.dev.unionfintech.com\/wp-content\/uploads\/2022\/12\/gift-card-1010x1010.jpeg 1010w, https:\/\/migle.dev.unionfintech.com\/wp-content\/uploads\/2022\/12\/gift-card-50x50.jpeg 50w, https:\/\/migle.dev.unionfintech.com\/wp-content\/uploads\/2022\/12\/gift-card-100x100.jpeg 100w\" sizes=\"auto, (max-width: 1024px) 100vw, 1024px\" \/><\/figure>\n<\/figure>\n\n<p><em>The validity period of the gift card is 6 months. <\/em><\/p>\n\n<h2 class=\"wp-block-heading\">Discount code<\/h2>\n\n<p>Discount\/Promo code is a special combination of letters and numbers that gives you a certain discount discount when purchasing goods in the Migle.lt e-store.<\/p>\n\n<p>You can only use one discount code per purchase. After entering the discount code, the goods are automatically calculated with a discount.<\/p>\n\n<p>The discount code is valid for a limited time, which is indicated at the time of receipt.<\/p>\n\n<p><em>How to use the discount code?<\/em><\/p>\n\n<p>After choosing all the desired products and placing them in the basket, press &#8220;shopping basket&#8221; below, you will find the &#8220;discount code&#8221; box under all the selected products. Enter the available discount code and click &#8220;apply&#8221;. Continue with the payment &#8211; fill in the buyer&#8217;s data, choose payment and delivery methods.<\/p>\n","protected":false},"excerpt":{"rendered":"<p>Gift cards Don&#8217;t know what to give? Give a Migl\u0117 Lingerie dovan\u0173 kupon\u0105! A special beloved one wears the best accessory &#8211; quality underwear. Let everyday life breathe mystery, and special moments be perfect! Purchased e-gift coupons can be used for shopping in the migle.ltelectronic store and in physical stores. You can order a gift&hellip;<\/p>\n","protected":false},"author":2,"featured_media":0,"parent":0,"menu_order":0,"comment_status":"closed","ping_status":"closed","template":"","meta":{"inline_featured_image":false,"footnotes":""},"class_list":["post-41609","page","type-page","status-publish","hentry"],"_links":{"self":[{"href":"https:\/\/migle.dev.unionfintech.com\/en\/wp-json\/wp\/v2\/pages\/41609","targetHints":{"allow":["GET"]}}],"collection":[{"href":"https:\/\/migle.dev.unionfintech.com\/en\/wp-json\/wp\/v2\/pages"}],"about":[{"href":"https:\/\/migle.dev.unionfintech.com\/en\/wp-json\/wp\/v2\/types\/page"}],"author":[{"embeddable":true,"href":"https:\/\/migle.dev.unionfintech.com\/en\/wp-json\/wp\/v2\/users\/2"}],"replies":[{"embeddable":true,"href":"https:\/\/migle.dev.unionfintech.com\/en\/wp-json\/wp\/v2\/comments?post=41609"}],"version-history":[{"count":2,"href":"https:\/\/migle.dev.unionfintech.com\/en\/wp-json\/wp\/v2\/pages\/41609\/revisions"}],"predecessor-version":[{"id":41611,"href":"https:\/\/migle.dev.unionfintech.com\/en\/wp-json\/wp\/v2\/pages\/41609\/revisions\/41611"}],"wp:attachment":[{"href":"https:\/\/migle.dev.unionfintech.com\/en\/wp-json\/wp\/v2\/media?parent=41609"}],"curies":[{"name":"wp","href":"https:\/\/api.w.org\/{rel}","templated":true}]}}