{"id":42288,"date":"2023-03-10T11:29:14","date_gmt":"2023-03-10T09:29:14","guid":{"rendered":"https:\/\/migle.dev.unionfintech.com\/eng-lietosanas-noteikumi\/"},"modified":"2023-03-10T11:29:16","modified_gmt":"2023-03-10T09:29:16","slug":"eng-lietosanas-noteikumi","status":"publish","type":"page","link":"https:\/\/migle.dev.unionfintech.com\/en\/eng-lietosanas-noteikumi\/","title":{"rendered":"ENG Lieto\u0161anas noteikumi"},"content":{"rendered":"\n<h2 class=\"wp-block-heading\">ENG Lieto\u0161anas noteikumi<\/h2>\n\n<h2 class=\"has-kb-palette-4-color has-text-color wp-block-heading\">1. IEVADS<\/h2>\n\n<ol class=\"wp-block-list\">\n<li>Nosac\u012bjumi tiek piem\u0113roti tiesiskaj\u0101m attiec\u012bb\u0101m, kas, ieg\u0101d\u0101joties preces, rodas starp www.migle.lt p\u0101rdo\u0161anas vides (e-veikals) \u012bpa\u0161nieku Amica Lt UAB (Tirgot\u0101js), Liepyno g. 2-42, Vilnius, Lietuva re\u0123istr\u0101cijas numurs 302341761, <a href=\"mailto:info@migle.lt\">info@migle.lt<\/a>, un pirkumu veiku\u0161o personu (Klients).<\/li>\n\n\n\n<li>Papildus \u0161iem nosac\u012bjumiem tiesisk\u0101s attiec\u012bbas, kas rodas, ieg\u0101d\u0101joties preces e-veikal\u0101, regul\u0113 <strong>Lietuvos<\/strong> <strong>Republik\u0101<\/strong> sp\u0113k\u0101 eso\u0161ie likumi.<\/li>\n\n\n\n<li>Tirgot\u0101js var main\u012bt interneta veikala visp\u0101r\u0113jos nosac\u012bjumus un pre\u010du un pakalpojumu cenas. Par izmai\u0146\u0101m tiek inform\u0113ts interneta veikala vid\u0113. Dar\u012bjumam piem\u0113ro dar\u012bjuma veik\u0161anas br\u012bd\u012b sp\u0113k\u0101 eso\u0161os nosac\u012bjumus un cenas.<\/li>\n<\/ol>\n\n<h2 class=\"has-kb-palette-4-color has-text-color wp-block-heading\">2. CENA<\/h2>\n\n<ol class=\"wp-block-list\" start=\"1\">\n<li>Nor\u0101d\u012btaj\u0101s cen\u0101s ir iek\u013cauts Lietuvas Republik\u0101 piem\u0113rojamais pievienot\u0101s v\u0113rt\u012bbas nodoklis 21%.<\/li>\n\n\n\n<li>Pas\u016bt\u012bjuma noform\u0113\u0161anas gait\u0101 pre\u010du cenai pievieno izv\u0113l\u0113t\u0101 pieg\u0101des veida cenu. Pieg\u0101des veidu izv\u0113las un pieg\u0101des atl\u012bdz\u012bbu apr\u0113\u0137ina iepirkumu groz\u0101.<\/li>\n\n\n\n<li>Ja pirc\u0113jam ir atlaides kods, preces atlaidi apr\u0113\u0137ina p\u0113c atlaides koda ievad\u012b\u0161anas iepirkumu groz\u0101.<\/li>\n<\/ol>\n\n<h2 class=\"has-kb-palette-4-color has-text-color wp-block-heading\">3. PAS\u016aT\u012aJUMA NOFORM\u0112\u0160ANA<\/h2>\n\n<ol class=\"wp-block-list\">\n<li>P\u0113c preces un, nepiecie\u0161am\u012bbas gad\u012bjum\u0101, izm\u0113ra izv\u0113l\u0113\u0161an\u0101s pre\u010du lap\u0101 preci iepirkumu grozam pievieno p\u0113c tausti\u0146a &#8220;Pievienot iepirkumu grozam&#8221; nospie\u0161anas.<\/li>\n\n\n\n<li>Iepirkumu groz\u0101 var main\u012bt pre\u010du skaitu un iz\u0146emt preces no iepirkumu groza.<\/li>\n\n\n\n<li>Pas\u016bt\u012bjuma noform\u0113\u0161anai iepirkumu groz\u0101 j\u0101nospie\u017e tausti\u0146\u0161 &#8220;Noform\u0113t pirkumu&#8221; &#8211; klientu nos\u016bta uz pas\u016bt\u012bjuma noform\u0113\u0161anas lapu. P\u0113c nepiecie\u0161amo datu ievad\u012b\u0161anas klientu novirza uz maks\u0101juma veida izv\u0113les lapu.<\/li>\n\n\n\n<li>Pas\u016bt\u012bjumu uzskata par noform\u0113tu p\u0113c r\u0113\u0137ina apmaksas.<\/li>\n<\/ol>\n\n<h2 class=\"has-kb-palette-4-color has-text-color wp-block-heading\">4. APMAKSA<\/h2>\n\n<ol class=\"wp-block-list\">\n<li>Par interneta vid\u0113 veiktajiem pas\u016bt\u012bjumiem nor\u0113\u0137in\u0101s ar 100% priek\u0161apmaksu.<\/li>\n\n\n\n<li>Klients apmaksai var izmantot bankas saites (Luminor, Citadele, SEB) un kred\u012btkartes (Visa, Maestro, Mastercard).<\/li>\n\n\n\n<li>Apmaksa notiek dro\u0161\u0101 vid\u0113 \u0101rpus interneta veikala ar Maksekeskus AS starpniec\u012bbu. <em><strong>Amica Lt UAB ir atbild\u012bgais personas datu apstr\u0101d\u0101t\u0101js, Amica Lt UAB nos\u016bta maks\u0101jumu veik\u0161anai nepiecie\u0161amos personas datus pilnvarotajam apstr\u0101d\u0101t\u0101jam Maksekeskus AS. Maks\u0101jumi tiek veikti caur Maksekeskus AS.<\/strong><\/em><\/li>\n\n\n\n<li>P\u0113c pas\u016bt\u012bjuma iesnieg\u0161anas veik\u0161anas Klientam pa e-pastu nos\u016bta pas\u016bt\u012bjuma apstiprin\u0101jumu. Pieg\u0101d\u0101jot preci, s\u016bt\u012bjumam pievieno r\u0113\u0137inu.<\/li>\n<\/ol>\n\n<h2 class=\"has-kb-palette-4-color has-text-color wp-block-heading\">5. PRE\u010cU PIEG\u0100DE<\/h2>\n\n<ol class=\"wp-block-list\">\n<li>40den.eu interneta veikals pieg\u0101d\u0101 preces uz Igauniju, Latviju un Lietuvu.<\/li>\n\n\n\n<li>Preces klientiem pieg\u0101d\u0101, izmantojot Venipak, pieg\u0101d\u0101jot ar kurjeru vai uz Venipak pickup points.<\/li>\n\n\n\n<li>Ja nav nor\u0101d\u012bts cit\u0101d\u0101k, par pas\u016bt\u012bjuma apstr\u0101di maks\u0101 klients. Atkar\u012bb\u0101 no galam\u0113r\u0137a, s\u016bt\u012bjuma maksa ir: \n<ul class=\"wp-block-list\">\n<li>Latvij\u0101 ar kurjeru Venipak: \u20ac 5 <\/li>\n\n\n\n<li>Latvij\u0101 Venipak Pickup punkts: \u20ac 5<\/li>\n\n\n\n<li>L\u016bdzu, skatiet vietnes &#8220;Uz\u0146emt punktus&#8221; \u0161eit.<\/li>\n<\/ul>\n<\/li>\n\n\n\n<li>Pas\u016bt\u012bjumus parasti apstr\u0101d\u0101 un nos\u016bta, v\u0113l\u0101kais, n\u0101ko\u0161aj\u0101 darbdien\u0101. Pas\u016bt\u012bjuma pieg\u0101de ir atkar\u012bga pieg\u0101des servisa. Orient\u0113jo\u0161ie pieg\u0101des laiki ir:\n<ul class=\"wp-block-list\">\n<li>*Latvija: 2-4 darbdienas (Izp\u0101rdo\u0161anas laik\u0101 l\u012bdz 10 darba dien\u0101m).<\/li>\n<\/ul>\n<\/li>\n<\/ol>\n\n<h2 class=\"has-kb-palette-4-color has-text-color wp-block-heading\">6. PAS\u016aT\u012aJUMA ANUL\u0112\u0160ANA, PRE\u010cU ATDO\u0160ANA<\/h2>\n\n<ol class=\"wp-block-list\">\n<li>Lai atgrieztu preci\/preces, Klientam ir j\u0101aizpilda pre\u010du <a href=\"https:\/\/migle.dev.unionfintech.com\/en\/return-form\/\" data-type=\"page\" data-id=\"41683\">atgrie\u0161anas veidlapa<\/a><strong>.<\/strong><\/li>\n\n\n\n<li>Klientam ir ties\u012bbas anul\u0113t dar\u012bjumu 14 kalend\u0101ro dienu laik\u0101 p\u0113c preces sa\u0146em\u0161anas (iz\u0146emot preces defektu konstat\u0113\u0161anas gad\u012bjum\u0101, skat. apak\u0161punktu \u201cGarantija\u201d).<\/li>\n\n\n\n<li>Klientam ir pien\u0101kums preci atdot atpaka\u013c Tirgot\u0101jam 14 dienu laik\u0101 p\u0113c nodo\u0161anas atgrie\u0161anas formas iesnieg\u0161anas.<\/li>\n\n\n\n<li>Atpaka\u013c atdodamajai preci j\u0101b\u016bt nelietotai, ar vis\u0101m eti\u0137et\u0113m.<\/li>\n\n\n\n<li>Preces atpaka\u013c nos\u016bt\u012b\u0161anas pasta izdevumus sedz Klients.<\/li>\n<\/ol>\n\n<h2 class=\"has-kb-palette-4-color has-text-color wp-block-heading\">7. TIRGOT\u0100JA VEIKTA PAS\u016aT\u012aJUMA ANUL\u0112\u0160ANA<\/h2>\n\n<ol class=\"wp-block-list\">\n<li>Ja klienta pas\u016bt\u012bt\u0101 prece ir izp\u0101rdota, Tirgot\u0101js anul\u0113 pas\u016bt\u012bjumu. Pas\u016bt\u012bjumu var anul\u0113t gan da\u013c\u0113ji, gan piln\u012bb\u0101. Par anul\u0113tu pas\u016bt\u012bjumu nekav\u0113joties inform\u0113 klientu. Da\u013c\u0113jas anul\u0113\u0161anas gad\u012bjum\u0101 Tirgot\u0101js var v\u0113rsties pie Klienta, lai noskaidrotu vi\u0146a v\u0113lmes par p\u0101r\u0113j\u0101 pas\u016bt\u012bjuma apstr\u0101di &#8211; vai to nos\u016bt\u012bt, vai ar\u012b anul\u0113t.<\/li>\n\n\n\n<li>Pas\u016bt\u012bjuma anul\u0113\u0161anas gad\u012bjum\u0101 klienta samaks\u0101to summu atmaks\u0101 cik vien dr\u012bz iesp\u0113jams, ta\u010du ne v\u0113l\u0101k k\u0101 14 dienu laik\u0101.<\/li>\n<\/ol>\n\n<h2 class=\"has-kb-palette-4-color has-text-color wp-block-heading\">8. GARANTIJA<\/h2>\n\n<ol class=\"wp-block-list\">\n<li>Konstat\u0113jot preces neatbilst\u012bbu pras\u012bb\u0101m vai t\u0101s defektus, nekav\u0113joties inform\u0113jiet par to Tirgot\u0101ju.<\/li>\n\n\n\n<li>Lai b\u016btu iesp\u0113jams preci atdot atpaka\u013c, nepiecie\u0161ams klientam izsniegtais r\u0113\u0137ins.<\/li>\n\n\n\n<li>Preces neatbilst\u012bbas pras\u012bb\u0101m vai defektu gad\u012bjum\u0101 Klientam ir ties\u012bbas piepras\u012bt preces aizvieto\u0161anu ar pras\u012bb\u0101m atbilsto\u0161u preci bez defektiem vai nos\u016bt\u012bt preci atpaka\u013c. Pasta izdevumus \u0161aj\u0101 gad\u012bjum\u0101 sedz Tirgot\u0101js.<\/li>\n\n\n\n<li>Ja atpaka\u013c tiek nos\u016bt\u012bta pras\u012bb\u0101m neatbilsto\u0161a prece, par preci samaks\u0101t\u0101 summa kop\u0101 ar transport\u0113\u0161anas izdevumiem tiks p\u0101rskait\u012bta uz Klienta nor\u0101d\u012bto bankas kontu, v\u0113l\u0101kais, 14 dienu laik\u0101 p\u0113c preces nodo\u0161anas.<\/li>\n\n\n\n<li>Tirgot\u0101js neatbild par preces neatbilst\u012bbu pras\u012bb\u0101m vai defektiem ja:\n<ul class=\"wp-block-list\">\n<li>1. Prece ir pasliktin\u0101jusies\/ boj\u0101ta Klienta vainas d\u0113\u013c;<\/li>\n\n\n\n<li>2. Tr\u016bkumi ir radu\u0161ies m\u0113r\u0137im neatbilsto\u0161as preces lieto\u0161anas d\u0113\u013c, t.sk. apkopes nor\u0101d\u012bjumu neiev\u0113ro\u0161anas rezult\u0101t\u0101;<\/li>\n\n\n\n<li>3. Prece ir main\u012bjusies dabisk\u0101 nolietojuma rezult\u0101t\u0101.<\/li>\n<\/ul>\n<\/li>\n<\/ol>\n\n<h2 class=\"has-kb-palette-4-color has-text-color wp-block-heading\">9. CITI NOSAC\u012aJUMI<\/h2>\n\n<ol class=\"wp-block-list\">\n<li>Interneta veikala pas\u016bt\u012bjumu vid\u0113 uzglab\u0101tie dati par Klientu un vi\u0146a pas\u016bt\u012bjumiem ir konfidenci\u0101la inform\u0101cija. Tirgot\u0101js ieg\u016btos datus nepublisko tre\u0161aj\u0101m pus\u0113m.<\/li>\n\n\n\n<li>Datu apmai\u0146a starp Klientu un kar\u0161u maks\u0101jumu centru ir \u0161ifr\u0113ta, kas garant\u0113 Klienta personas datu un bankas rekviz\u012btu dro\u0161\u012bbu. Tirgot\u0101jam nav pieejas klienta konfidenci\u0101lajiem bankas un maks\u0101jumu kartes datiem.<\/li>\n\n\n\n<li>Domstarp\u012bbas, kas radu\u0161\u0101s starp Klientu un Tirgot\u0101ju, risina sarunu ce\u013c\u0101. Tirgot\u0101js uz Klienta s\u016bdz\u012bb\u0101m un pretenzij\u0101m atbild pa e-pastu, v\u0113l\u0101kais, 5 darbdienu laik\u0101.<\/li>\n<\/ol>\n\n<p>Str\u012bdu risin\u0101\u0161ana notiek atbilsto\u0161i Lietuvos Republikas likumiem.<\/p>\n","protected":false},"excerpt":{"rendered":"<p>ENG Lieto\u0161anas noteikumi 1. IEVADS 2. CENA 3. PAS\u016aT\u012aJUMA NOFORM\u0112\u0160ANA 4. APMAKSA 5. PRE\u010cU PIEG\u0100DE 6. PAS\u016aT\u012aJUMA ANUL\u0112\u0160ANA, PRE\u010cU ATDO\u0160ANA 7. TIRGOT\u0100JA VEIKTA PAS\u016aT\u012aJUMA ANUL\u0112\u0160ANA 8. GARANTIJA 9. CITI NOSAC\u012aJUMI Str\u012bdu risin\u0101\u0161ana notiek atbilsto\u0161i Lietuvos Republikas likumiem.<\/p>\n","protected":false},"author":2,"featured_media":0,"parent":0,"menu_order":0,"comment_status":"closed","ping_status":"closed","template":"","meta":{"inline_featured_image":false,"footnotes":""},"class_list":["post-42288","page","type-page","status-publish","hentry"],"_links":{"self":[{"href":"https:\/\/migle.dev.unionfintech.com\/en\/wp-json\/wp\/v2\/pages\/42288","targetHints":{"allow":["GET"]}}],"collection":[{"href":"https:\/\/migle.dev.unionfintech.com\/en\/wp-json\/wp\/v2\/pages"}],"about":[{"href":"https:\/\/migle.dev.unionfintech.com\/en\/wp-json\/wp\/v2\/types\/page"}],"author":[{"embeddable":true,"href":"https:\/\/migle.dev.unionfintech.com\/en\/wp-json\/wp\/v2\/users\/2"}],"replies":[{"embeddable":true,"href":"https:\/\/migle.dev.unionfintech.com\/en\/wp-json\/wp\/v2\/comments?post=42288"}],"version-history":[{"count":2,"href":"https:\/\/migle.dev.unionfintech.com\/en\/wp-json\/wp\/v2\/pages\/42288\/revisions"}],"predecessor-version":[{"id":42290,"href":"https:\/\/migle.dev.unionfintech.com\/en\/wp-json\/wp\/v2\/pages\/42288\/revisions\/42290"}],"wp:attachment":[{"href":"https:\/\/migle.dev.unionfintech.com\/en\/wp-json\/wp\/v2\/media?parent=42288"}],"curies":[{"name":"wp","href":"https:\/\/api.w.org\/{rel}","templated":true}]}}