{"id":28690,"date":"2022-03-16T16:01:37","date_gmt":"2022-03-16T14:01:37","guid":{"rendered":"https:\/\/migle.dev.unionfintech.com\/meist\/"},"modified":"2022-10-04T23:55:19","modified_gmt":"2022-10-04T20:55:19","slug":"meist","status":"publish","type":"page","link":"https:\/\/migle.dev.unionfintech.com\/et\/meist\/","title":{"rendered":"Meist"},"content":{"rendered":"\n<div class=\"wp-block-media-text is-stacked-on-mobile is-image-fill has-background has-background\" style=\"background-color:#f2ece8\"><figure class=\"wp-block-media-text__media\" style=\"background-image:url(https:\/\/migle.dev.unionfintech.com\/wp-content\/uploads\/2022\/03\/DAY-TO-NIGHT-HALF-CUP-BRA-NUDE-819x1024.jpg);background-position:49% 24%\"><img loading=\"lazy\" decoding=\"async\" width=\"819\" height=\"1024\" src=\"https:\/\/migle.dev.unionfintech.com\/wp-content\/uploads\/2022\/03\/DAY-TO-NIGHT-HALF-CUP-BRA-NUDE-819x1024.jpg\" alt=\"\" class=\"wp-image-962 size-full\" srcset=\"https:\/\/migle.dev.unionfintech.com\/wp-content\/uploads\/2022\/03\/DAY-TO-NIGHT-HALF-CUP-BRA-NUDE-819x1024.jpg 819w, https:\/\/migle.dev.unionfintech.com\/wp-content\/uploads\/2022\/03\/DAY-TO-NIGHT-HALF-CUP-BRA-NUDE-240x300.jpg 240w, https:\/\/migle.dev.unionfintech.com\/wp-content\/uploads\/2022\/03\/DAY-TO-NIGHT-HALF-CUP-BRA-NUDE-768x960.jpg 768w, https:\/\/migle.dev.unionfintech.com\/wp-content\/uploads\/2022\/03\/DAY-TO-NIGHT-HALF-CUP-BRA-NUDE-80x100.jpg 80w\" sizes=\"auto, (max-width: 819px) 100vw, 819px\" \/><\/figure><div class=\"wp-block-media-text__content\">\n<h1 class=\"wp-block-heading\">MIGL\u0116 LINGERIE<\/h1>\n\n\n\n<p><strong>Pesu kanname iga p\u00e4ev &#8211; soovime pesus s\u00e4rada ja end h\u00e4sti tunda!<\/strong><\/p>\n\n\n\n<p>Migl\u0117 lingerie on pesupood imelistele, ainulaadsetele, tugevatele ja tundlikele naistele \u2013 igale naisele. <\/p>\n\n\n\n<p>Migl\u0117 lingerie on veebipood ja v\u00e4ike butiikide kett Vilniuses, Leedus, kust saab leida paljude \u00fclemaailmselt tuntud kaubam\u00e4rkide pesukomplekte, sealhulgas <strong>Chantelle, Passionata, Chantal Thomass, Spanx, Wacoal, Calvin Klein, Tommy Hilfiger, Aubade, Charmline, Maryan Mehlhorn.<\/strong> Samuti on meiega koost\u00f6\u00f6d tegemas ka m\u00f5ned uued tulijad.<\/p>\n<\/div><\/div>\n\n<div class=\"wp-block-columns is-layout-flex wp-container-core-columns-is-layout-9d6595d7 wp-block-columns-is-layout-flex\">\n<div class=\"wp-block-column is-layout-flow wp-block-column-is-layout-flow\" style=\"flex-basis:70%\">\n<p>Meie poest leiate igap\u00e4evaseid luksuslikke p\u00f5hiesemeid, vormivaid r\u00f5ivaid, rannariideid, siidist pid\u017eaamasid, pulmakomplekte ja erinevaid pakkumisi Teie \u00fcritusteks ning veel palju muud igaks tujuks, riietuseks, tundeks \u2013 igaks p\u00e4evaks. <\/p>\n\n\n\n<p>Teame, et korralik aluspesu on vajalik luksus ja inspireeriv osa Sinu argip\u00e4evas ja erilistes s\u00fcndmustes. Hoolikalt valitud kollektsioonid on valmistatud kvaliteetsete materjalide ja uuenduslike tehnoloogiatega, et need sobiksid erineva silueti, kuju ja suurusega naistele. Meilt leiate laia valiku suuruste ja funktsioonidega pesusid. <\/p>\n\n\n\n<p>Loome turvalise ja hubase ruumi intiimmaailmaga tutvumiseks \u2013 koha, kus naised tunnevad, et neid m\u00f5istetakse ja nende eest hoolitsetakse, et nad saaksid tunda r\u00f5\u00f5mu ja inspiratsiooni. <\/p>\n\n\n\n<p>Valige uhket pesu kiirelt ja mugavalt meie veebipoest! Migle.lt e-pood saadab kauba kohale Leedu piires tasuta ning Eestisse saatmisel lisandub postiteenuse tasu. K\u00f5ik tellimused saadetakse v\u00e4lja 1-2 t\u00f6\u00f6p\u00e4eva jooksul peale tellimuse vormistamist, v.a. p\u00fchadel ja n\u00e4dalavahetustel. <\/p>\n\n\n\n<p>Armastusega, Migle lingerie tiim.<\/p>\n<\/div>\n<\/div>\n","protected":false},"excerpt":{"rendered":"<p>MIGL\u0116 LINGERIE Pesu kanname iga p\u00e4ev &#8211; soovime pesus s\u00e4rada ja end h\u00e4sti tunda! Migl\u0117 lingerie on pesupood imelistele, ainulaadsetele, tugevatele ja tundlikele naistele \u2013 igale naisele. Migl\u0117 lingerie on veebipood ja v\u00e4ike butiikide kett Vilniuses, Leedus, kust saab leida paljude \u00fclemaailmselt tuntud kaubam\u00e4rkide pesukomplekte, sealhulgas Chantelle, Passionata, Chantal Thomass, Spanx, Wacoal, Calvin Klein, Tommy&hellip;<\/p>\n","protected":false},"author":1,"featured_media":0,"parent":0,"menu_order":0,"comment_status":"closed","ping_status":"closed","template":"","meta":{"inline_featured_image":false,"footnotes":""},"class_list":["post-28690","page","type-page","status-publish","hentry"],"_links":{"self":[{"href":"https:\/\/migle.dev.unionfintech.com\/et\/wp-json\/wp\/v2\/pages\/28690","targetHints":{"allow":["GET"]}}],"collection":[{"href":"https:\/\/migle.dev.unionfintech.com\/et\/wp-json\/wp\/v2\/pages"}],"about":[{"href":"https:\/\/migle.dev.unionfintech.com\/et\/wp-json\/wp\/v2\/types\/page"}],"author":[{"embeddable":true,"href":"https:\/\/migle.dev.unionfintech.com\/et\/wp-json\/wp\/v2\/users\/1"}],"replies":[{"embeddable":true,"href":"https:\/\/migle.dev.unionfintech.com\/et\/wp-json\/wp\/v2\/comments?post=28690"}],"version-history":[{"count":5,"href":"https:\/\/migle.dev.unionfintech.com\/et\/wp-json\/wp\/v2\/pages\/28690\/revisions"}],"predecessor-version":[{"id":30961,"href":"https:\/\/migle.dev.unionfintech.com\/et\/wp-json\/wp\/v2\/pages\/28690\/revisions\/30961"}],"wp:attachment":[{"href":"https:\/\/migle.dev.unionfintech.com\/et\/wp-json\/wp\/v2\/media?parent=28690"}],"curies":[{"name":"wp","href":"https:\/\/api.w.org\/{rel}","templated":true}]}}