{"id":38088,"date":"2022-12-10T01:25:05","date_gmt":"2022-12-09T23:25:05","guid":{"rendered":"https:\/\/migle.dev.unionfintech.com\/saatmine\/"},"modified":"2022-12-10T01:25:06","modified_gmt":"2022-12-09T23:25:06","slug":"saatmine","status":"publish","type":"page","link":"https:\/\/migle.dev.unionfintech.com\/et\/saatmine\/","title":{"rendered":"Saatmine"},"content":{"rendered":"\n<h2 class=\"wp-block-heading\">Saatmine<\/h2>\n\n<p>Ma ei saa pakki k\u00e4tte? Kuidas ma saan oma pakki j\u00e4lgida? See pole sugugi keeruline, lihtsalt j\u00e4lgige oma uute ostude teekonda Omniva, SmartPosti v\u00f5i Venipak veebisaidil.<\/p>\n\n<p>Anname endast parima, et pakk v\u00f5imalikult kiiresti teieni j\u00f5uaks. K\u00fclastades vedaja kodulehte ja m\u00e4\u00e4rates saadetise numbri, on n\u00e4ha, kus saadetis hetkel asub.<br\/>Veenduge, et see on v\u00e4ga lihtne!<\/p>\n\n<div class=\"wp-block-buttons is-layout-flex wp-block-buttons-is-layout-flex\">\n<div class=\"wp-block-button\"><a class=\"wp-block-button__link has-luminous-vivid-orange-background-color has-background\" href=\"https:\/\/www.omniva.lt\" target=\"_blank\" rel=\"noreferrer noopener\">Omniva<\/a><\/div>\n<\/div>\n\n<p><\/p>\n\n<p><\/p>\n\n<div class=\"wp-block-buttons is-layout-flex wp-block-buttons-is-layout-flex\">\n<div class=\"wp-block-button\"><a class=\"wp-block-button__link has-vivid-purple-background-color has-background\" href=\"https:\/\/venipak.lt\" target=\"_blank\" rel=\"noreferrer noopener\">Venipak<\/a><\/div>\n<\/div>\n\n<p><\/p>\n","protected":false},"excerpt":{"rendered":"<p>Saatmine Ma ei saa pakki k\u00e4tte? Kuidas ma saan oma pakki j\u00e4lgida? See pole sugugi keeruline, lihtsalt j\u00e4lgige oma uute ostude teekonda Omniva, SmartPosti v\u00f5i Venipak veebisaidil. Anname endast parima, et pakk v\u00f5imalikult kiiresti teieni j\u00f5uaks. K\u00fclastades vedaja kodulehte ja m\u00e4\u00e4rates saadetise numbri, on n\u00e4ha, kus saadetis hetkel asub.Veenduge, et see on v\u00e4ga lihtne!<\/p>\n","protected":false},"author":2,"featured_media":0,"parent":0,"menu_order":0,"comment_status":"closed","ping_status":"closed","template":"","meta":{"inline_featured_image":false,"footnotes":""},"class_list":["post-38088","page","type-page","status-publish","hentry"],"_links":{"self":[{"href":"https:\/\/migle.dev.unionfintech.com\/et\/wp-json\/wp\/v2\/pages\/38088","targetHints":{"allow":["GET"]}}],"collection":[{"href":"https:\/\/migle.dev.unionfintech.com\/et\/wp-json\/wp\/v2\/pages"}],"about":[{"href":"https:\/\/migle.dev.unionfintech.com\/et\/wp-json\/wp\/v2\/types\/page"}],"author":[{"embeddable":true,"href":"https:\/\/migle.dev.unionfintech.com\/et\/wp-json\/wp\/v2\/users\/2"}],"replies":[{"embeddable":true,"href":"https:\/\/migle.dev.unionfintech.com\/et\/wp-json\/wp\/v2\/comments?post=38088"}],"version-history":[{"count":2,"href":"https:\/\/migle.dev.unionfintech.com\/et\/wp-json\/wp\/v2\/pages\/38088\/revisions"}],"predecessor-version":[{"id":38090,"href":"https:\/\/migle.dev.unionfintech.com\/et\/wp-json\/wp\/v2\/pages\/38088\/revisions\/38090"}],"wp:attachment":[{"href":"https:\/\/migle.dev.unionfintech.com\/et\/wp-json\/wp\/v2\/media?parent=38088"}],"curies":[{"name":"wp","href":"https:\/\/api.w.org\/{rel}","templated":true}]}}