{"id":38216,"date":"2022-12-09T15:01:36","date_gmt":"2022-12-09T13:01:36","guid":{"rendered":"https:\/\/migle.dev.unionfintech.com\/kinkekaardid\/"},"modified":"2023-02-26T23:20:39","modified_gmt":"2023-02-26T21:20:39","slug":"kinkekaardid","status":"publish","type":"page","link":"https:\/\/migle.dev.unionfintech.com\/et\/kinkekaardid\/","title":{"rendered":"Kinkekaardid"},"content":{"rendered":"\n<h2 class=\"wp-block-heading\">Kinkekaardid<\/h2>\n\n<p>Ei tea, mida kinkida? <\/p>\n\n<p>Kingi <mark style=\"background-color:rgba(0, 0, 0, 0)\" class=\"has-inline-color has-vivid-red-color\">Migl\u0117 Lingerie kinkekaart<\/mark>! Eriline naine v\u00e4\u00e4rub kaunist pesu. <\/p>\n\n<p>Siidist ja pitsist pesukomplektid ning \u00f6\u00f6r\u00f5ivad teevad imelise p\u00e4eva veelgi erilisemaks.<\/p>\n\n<p><\/p>\n\n<p>Migle Lingerie kinkekaardi v\u00e4\u00e4rtuses saate valida meelep\u00e4raseid tooteid <strong>migle.lt<\/strong> veebipoest ja <strong>f\u00fc\u00fcsilistes kauplustes<\/strong>.<\/p>\n\n<p>Meie e-poest on v\u00f5imalik tellida kinkekaarte summas 50 \u20ac, 100 \u20ac, 150 \u20ac ja 200 \u20ac. <\/p>\n\n<p><br\/>Soovi korral saadame kinkekaardi Teile elektroonilisel kujul (PDF- formaadis) e-mailile v\u00f5i prinditud kujul posti teel. Kiiremaks kohaletoimetamiseks v\u00f5ite meiega \u00fchendust v\u00f5tta telefoni v\u00f5i e-posti teel.<\/p>\n\n<p><br\/>Ostetud e-kinkekaardid saadetakse e-postiga.<\/p>\n\n<figure class=\"wp-block-gallery has-nested-images columns-default is-cropped wp-block-gallery-1 is-layout-flex wp-block-gallery-is-layout-flex\">\n<figure class=\"wp-block-image size-large\"><img loading=\"lazy\" decoding=\"async\" width=\"1024\" height=\"1024\" data-id=\"37926\" src=\"https:\/\/migle.dev.unionfintech.com\/wp-content\/uploads\/2022\/12\/gift-card-2-1-1024x1024.jpeg\" alt=\"\" class=\"wp-image-37926\" srcset=\"https:\/\/migle.dev.unionfintech.com\/wp-content\/uploads\/2022\/12\/gift-card-2-1-1024x1024.jpeg 1024w, https:\/\/migle.dev.unionfintech.com\/wp-content\/uploads\/2022\/12\/gift-card-2-1-300x300.jpeg 300w, https:\/\/migle.dev.unionfintech.com\/wp-content\/uploads\/2022\/12\/gift-card-2-1-150x150.jpeg 150w, https:\/\/migle.dev.unionfintech.com\/wp-content\/uploads\/2022\/12\/gift-card-2-1-768x768.jpeg 768w, https:\/\/migle.dev.unionfintech.com\/wp-content\/uploads\/2022\/12\/gift-card-2-1-1010x1010.jpeg 1010w, https:\/\/migle.dev.unionfintech.com\/wp-content\/uploads\/2022\/12\/gift-card-2-1-50x50.jpeg 50w, https:\/\/migle.dev.unionfintech.com\/wp-content\/uploads\/2022\/12\/gift-card-2-1-100x100.jpeg 100w\" sizes=\"auto, (max-width: 1024px) 100vw, 1024px\" \/><\/figure>\n\n\n\n<figure class=\"wp-block-image size-large\"><img loading=\"lazy\" decoding=\"async\" width=\"1024\" height=\"1024\" data-id=\"37925\" src=\"https:\/\/migle.dev.unionfintech.com\/wp-content\/uploads\/2022\/12\/gift-card-1024x1024.jpeg\" alt=\"\" class=\"wp-image-37925\" srcset=\"https:\/\/migle.dev.unionfintech.com\/wp-content\/uploads\/2022\/12\/gift-card-1024x1024.jpeg 1024w, https:\/\/migle.dev.unionfintech.com\/wp-content\/uploads\/2022\/12\/gift-card-300x300.jpeg 300w, https:\/\/migle.dev.unionfintech.com\/wp-content\/uploads\/2022\/12\/gift-card-150x150.jpeg 150w, https:\/\/migle.dev.unionfintech.com\/wp-content\/uploads\/2022\/12\/gift-card-768x768.jpeg 768w, https:\/\/migle.dev.unionfintech.com\/wp-content\/uploads\/2022\/12\/gift-card-1010x1010.jpeg 1010w, https:\/\/migle.dev.unionfintech.com\/wp-content\/uploads\/2022\/12\/gift-card-50x50.jpeg 50w, https:\/\/migle.dev.unionfintech.com\/wp-content\/uploads\/2022\/12\/gift-card-100x100.jpeg 100w\" sizes=\"auto, (max-width: 1024px) 100vw, 1024px\" \/><\/figure>\n<\/figure>\n\n<p><em>Kinkekaart kehtib kuus kuud p\u00e4rast ostmist. <\/em><\/p>\n\n<h2 class=\"wp-block-heading\">Sooduskoodid<\/h2>\n\n<p>Sooduskood on numbrite ja t\u00e4htede kombinatsioon, mis v\u00f5imaldab Teil kaupa veelgi soodsamalt osta e-poest Migle.lt<\/p>\n\n<p>\u00dche ostu raames saab kasutada ainult \u00fchte allahindlust. Sooduskoodi olemasolul arvutatakse toote allahindlus peale sooduskoodi sisestamist ostukorvis.<\/p>\n\n<p>Sooduskood kehtib kindla ajani ning sellest teavitatakse Teid sooduskoodi saamisel.<\/p>\n\n<p><em>Kuidas kasutada sooduskoodi?<\/em><\/p>\n\n<p>Tellimuse tegemisel sisestage kinkekaardi number sooduskupongi lahtrisse. Valige endale sobiv tarneviis. Valige sobiv maksmisviis. Kinnitage tellimus ning vajutage \u2019\u2019ESITA TELLIMUS\u2019\u2019 ja oodake tagasisidet.<\/p>\n","protected":false},"excerpt":{"rendered":"<p>Kinkekaardid Ei tea, mida kinkida? Kingi Migl\u0117 Lingerie kinkekaart! Eriline naine v\u00e4\u00e4rub kaunist pesu. Siidist ja pitsist pesukomplektid ning \u00f6\u00f6r\u00f5ivad teevad imelise p\u00e4eva veelgi erilisemaks. Migle Lingerie kinkekaardi v\u00e4\u00e4rtuses saate valida meelep\u00e4raseid tooteid migle.lt veebipoest ja f\u00fc\u00fcsilistes kauplustes. Meie e-poest on v\u00f5imalik tellida kinkekaarte summas 50 \u20ac, 100 \u20ac, 150 \u20ac ja 200 \u20ac. Soovi&hellip;<\/p>\n","protected":false},"author":2,"featured_media":0,"parent":0,"menu_order":0,"comment_status":"closed","ping_status":"closed","template":"","meta":{"inline_featured_image":false,"footnotes":""},"class_list":["post-38216","page","type-page","status-publish","hentry"],"_links":{"self":[{"href":"https:\/\/migle.dev.unionfintech.com\/et\/wp-json\/wp\/v2\/pages\/38216","targetHints":{"allow":["GET"]}}],"collection":[{"href":"https:\/\/migle.dev.unionfintech.com\/et\/wp-json\/wp\/v2\/pages"}],"about":[{"href":"https:\/\/migle.dev.unionfintech.com\/et\/wp-json\/wp\/v2\/types\/page"}],"author":[{"embeddable":true,"href":"https:\/\/migle.dev.unionfintech.com\/et\/wp-json\/wp\/v2\/users\/2"}],"replies":[{"embeddable":true,"href":"https:\/\/migle.dev.unionfintech.com\/et\/wp-json\/wp\/v2\/comments?post=38216"}],"version-history":[{"count":7,"href":"https:\/\/migle.dev.unionfintech.com\/et\/wp-json\/wp\/v2\/pages\/38216\/revisions"}],"predecessor-version":[{"id":41608,"href":"https:\/\/migle.dev.unionfintech.com\/et\/wp-json\/wp\/v2\/pages\/38216\/revisions\/41608"}],"wp:attachment":[{"href":"https:\/\/migle.dev.unionfintech.com\/et\/wp-json\/wp\/v2\/media?parent=38216"}],"curies":[{"name":"wp","href":"https:\/\/api.w.org\/{rel}","templated":true}]}}