{"id":38223,"date":"2022-06-02T13:44:53","date_gmt":"2022-06-02T10:44:53","guid":{"rendered":"https:\/\/migle.dev.unionfintech.com\/maksetingimused\/"},"modified":"2022-12-14T12:38:57","modified_gmt":"2022-12-14T10:38:57","slug":"maksetingimused","status":"publish","type":"page","link":"https:\/\/migle.dev.unionfintech.com\/et\/maksetingimused\/","title":{"rendered":"Maksetingimused"},"content":{"rendered":"\n<h2 class=\"wp-block-heading\">Maksetingimused<\/h2>\n\n<p>Internetist tellitud kaubale kehtib 100% ettemaks.<\/p>\n\n<p>MAKSEVIISID Ostja saab kaupade eest tasuda \u00fchel j\u00e4rgmistest viisidest: Maksekeskus &#8211; tellimuste eest saab tasuda Visa, MasterCard ja Maestro deebet- ja krediitkaartidega, Eesti pangalinkidega (Swedbank, SEB, Nordea, Danske Bank, Krediidipank, LHV pank, Coop pank, Poco pay). Makse teostamine toimub v\u00e4ljaspool Migle.lt e-poe keskkonda Maksekeskuse AS teenusepakkuja poolt turvalises maksekeskkonnas. Migle.lt e-poel puudub ligip\u00e4\u00e4s Kliendi panga ja krediitkaardi andmetele. Arvega &#8211; maksta saab panga\u00fclekandega arvelduskontole LT054010042402466416, Amica lt, UAB. Arve tasumisel palun sisestage tellimuse\/arve number.<\/p>\n\n<p>Paysera &#8211; peale tellimuse vormistamist suunatakse klient makse sooritamiseks Paysera turvalisse keskkonda. Paysera maksekeskkonnas on v\u00f5imalik tasuda nii Swedbank, Luminor|Nordea, LHV pank, Coop Pank pangalingi kaudu, aga ka Paysera- ja WebMoney kasutajakonto kaudu. Makse saaja on EVP INTERNATIONAL UAB ehk PAYSERA. Payserast tuleb \u00fclekanne Amica lt, UAB (migle.lt) nimele ja kontole. <\/p>\n\n<p>Palun valige sobivaim maksesooritamisviis ja k\u00fcsimuste korral kirjutage meile e-postile. Aitame Teid meeleldi! Maksmine toimub eurodes. K\u00f5ik hinnad on n\u00e4idatud eurodes ja sisaldavad Leedu Vabariigis kehtivat k\u00e4ibemaksu (21%).<\/p>\n","protected":false},"excerpt":{"rendered":"<p>Maksetingimused Internetist tellitud kaubale kehtib 100% ettemaks. MAKSEVIISID Ostja saab kaupade eest tasuda \u00fchel j\u00e4rgmistest viisidest: Maksekeskus &#8211; tellimuste eest saab tasuda Visa, MasterCard ja Maestro deebet- ja krediitkaartidega, Eesti pangalinkidega (Swedbank, SEB, Nordea, Danske Bank, Krediidipank, LHV pank, Coop pank, Poco pay). Makse teostamine toimub v\u00e4ljaspool Migle.lt e-poe keskkonda Maksekeskuse AS teenusepakkuja poolt turvalises&hellip;<\/p>\n","protected":false},"author":2,"featured_media":0,"parent":0,"menu_order":0,"comment_status":"closed","ping_status":"closed","template":"","meta":{"inline_featured_image":false,"footnotes":""},"class_list":["post-38223","page","type-page","status-publish","hentry"],"_links":{"self":[{"href":"https:\/\/migle.dev.unionfintech.com\/et\/wp-json\/wp\/v2\/pages\/38223","targetHints":{"allow":["GET"]}}],"collection":[{"href":"https:\/\/migle.dev.unionfintech.com\/et\/wp-json\/wp\/v2\/pages"}],"about":[{"href":"https:\/\/migle.dev.unionfintech.com\/et\/wp-json\/wp\/v2\/types\/page"}],"author":[{"embeddable":true,"href":"https:\/\/migle.dev.unionfintech.com\/et\/wp-json\/wp\/v2\/users\/2"}],"replies":[{"embeddable":true,"href":"https:\/\/migle.dev.unionfintech.com\/et\/wp-json\/wp\/v2\/comments?post=38223"}],"version-history":[{"count":5,"href":"https:\/\/migle.dev.unionfintech.com\/et\/wp-json\/wp\/v2\/pages\/38223\/revisions"}],"predecessor-version":[{"id":41649,"href":"https:\/\/migle.dev.unionfintech.com\/et\/wp-json\/wp\/v2\/pages\/38223\/revisions\/41649"}],"wp:attachment":[{"href":"https:\/\/migle.dev.unionfintech.com\/et\/wp-json\/wp\/v2\/media?parent=38223"}],"curies":[{"name":"wp","href":"https:\/\/api.w.org\/{rel}","templated":true}]}}