{"id":40241,"date":"2023-01-13T11:56:09","date_gmt":"2023-01-13T09:56:09","guid":{"rendered":"https:\/\/migle.dev.unionfintech.com\/kontaktid\/"},"modified":"2023-01-13T11:56:11","modified_gmt":"2023-01-13T09:56:11","slug":"kontaktid","status":"publish","type":"page","link":"https:\/\/migle.dev.unionfintech.com\/et\/kontaktid\/","title":{"rendered":"Kontaktid"},"content":{"rendered":"\n<div class=\"wp-block-media-text has-media-on-the-right is-stacked-on-mobile is-image-fill has-background has-background\" style=\"background-color:#f7f4f2;grid-template-columns:auto 56%\"><figure class=\"wp-block-media-text__media\" style=\"background-image:url(https:\/\/migle.dev.unionfintech.com\/wp-content\/uploads\/2022\/10\/small-NIGHTSHADE-NIGHTDRESS-CA2140-08Q-ACAJOU-2.jpg);background-position:68% 23%\"><img loading=\"lazy\" decoding=\"async\" width=\"800\" height=\"1000\" src=\"https:\/\/migle.dev.unionfintech.com\/wp-content\/uploads\/2022\/10\/small-NIGHTSHADE-NIGHTDRESS-CA2140-08Q-ACAJOU-2.jpg\" alt=\"\" class=\"wp-image-30935 size-full\" srcset=\"https:\/\/migle.dev.unionfintech.com\/wp-content\/uploads\/2022\/10\/small-NIGHTSHADE-NIGHTDRESS-CA2140-08Q-ACAJOU-2.jpg 800w, https:\/\/migle.dev.unionfintech.com\/wp-content\/uploads\/2022\/10\/small-NIGHTSHADE-NIGHTDRESS-CA2140-08Q-ACAJOU-2-240x300.jpg 240w, https:\/\/migle.dev.unionfintech.com\/wp-content\/uploads\/2022\/10\/small-NIGHTSHADE-NIGHTDRESS-CA2140-08Q-ACAJOU-2-768x960.jpg 768w, https:\/\/migle.dev.unionfintech.com\/wp-content\/uploads\/2022\/10\/small-NIGHTSHADE-NIGHTDRESS-CA2140-08Q-ACAJOU-2-80x100.jpg 80w\" sizes=\"auto, (max-width: 800px) 100vw, 800px\" \/><\/figure><div class=\"wp-block-media-text__content\">\n<h1 class=\"wp-block-heading\">Kuidas saame Sind aidata?<\/h1>\n\n\n\n<p>Kui sul on k\u00fcsimusi v\u00f5i p\u00e4ringuid, siis v\u00f5ta palun meiega \u00fchendust. Kontakteerume sinuga koheselt, kui oleme tutvunud p\u00e4ringuga.<br\/><\/p>\n\n\n\n<h6 class=\"wp-block-heading\"><strong>UAB AMICA LT<\/strong><\/h6>\n\n\n\n<p style=\"font-size:14px\">Liepyno g. 2 \u2013 42, <\/p>\n\n\n\n<p style=\"font-size:14px\">Vilnius, 08106, Leedu<br\/><br\/>Tel. nr.: <a href=\"http:\/\/+37064737959\" data-type=\"URL\" data-id=\"+37064737959\" target=\"_blank\">+370 6473 7959<\/a><br\/>E- mail: <a href=\"mailto:info@migle.lt\">info@migle.lt<\/a><\/p>\n\n\n\n<h6 class=\"wp-block-heading\"><strong>Poed<\/strong><\/h6>\n\n\n\n<p style=\"font-size:14px\">PLC Panorama: I-VII 10:00 \u2013 21:00 <\/p>\n\n\n\n<p style=\"font-size:14px\">PPC Ozas: I-VII 10:00 \u2013 21:00<\/p>\n<\/div><\/div>\n\n<div class=\"wp-block-media-text is-stacked-on-mobile is-image-fill has-background has-background\" style=\"background-color:#f7f4f2;grid-template-columns:56% auto\"><figure class=\"wp-block-media-text__media\" style=\"background-image:url(https:\/\/migle.dev.unionfintech.com\/wp-content\/uploads\/2022\/10\/TRUE_LACE-VERY_COVERING_UNDERWIRED_BRA-C11M10-050-HIGH_WAISTED_FULL_BRIEF-C11M80-050-DANUBE_BLUE-2-819x1024.jpg);background-position:51% 13%\"><img loading=\"lazy\" decoding=\"async\" width=\"819\" height=\"1024\" src=\"https:\/\/migle.dev.unionfintech.com\/wp-content\/uploads\/2022\/10\/TRUE_LACE-VERY_COVERING_UNDERWIRED_BRA-C11M10-050-HIGH_WAISTED_FULL_BRIEF-C11M80-050-DANUBE_BLUE-2-819x1024.jpg\" alt=\"\" class=\"wp-image-30940 size-full\" srcset=\"https:\/\/migle.dev.unionfintech.com\/wp-content\/uploads\/2022\/10\/TRUE_LACE-VERY_COVERING_UNDERWIRED_BRA-C11M10-050-HIGH_WAISTED_FULL_BRIEF-C11M80-050-DANUBE_BLUE-2-819x1024.jpg 819w, https:\/\/migle.dev.unionfintech.com\/wp-content\/uploads\/2022\/10\/TRUE_LACE-VERY_COVERING_UNDERWIRED_BRA-C11M10-050-HIGH_WAISTED_FULL_BRIEF-C11M80-050-DANUBE_BLUE-2-240x300.jpg 240w, https:\/\/migle.dev.unionfintech.com\/wp-content\/uploads\/2022\/10\/TRUE_LACE-VERY_COVERING_UNDERWIRED_BRA-C11M10-050-HIGH_WAISTED_FULL_BRIEF-C11M80-050-DANUBE_BLUE-2-768x960.jpg 768w, https:\/\/migle.dev.unionfintech.com\/wp-content\/uploads\/2022\/10\/TRUE_LACE-VERY_COVERING_UNDERWIRED_BRA-C11M10-050-HIGH_WAISTED_FULL_BRIEF-C11M80-050-DANUBE_BLUE-2-80x100.jpg 80w\" sizes=\"auto, (max-width: 819px) 100vw, 819px\" \/><\/figure><div class=\"wp-block-media-text__content\">\n<h1 class=\"wp-block-heading\">Esita k\u00fcsimus<\/h1>\n\n\n\n<div style=\"height:20px\" aria-hidden=\"true\" class=\"wp-block-spacer\"><\/div>\n\n\n<style>.wp-block-kadence-form.kadence-form-_f9b7eb-32.kb-form-wrap{margin-bottom:0px;}.kadence-form-_f9b7eb-32 .kb-form .kadence-blocks-form-field{margin-bottom:20px;}.kadence-form-_f9b7eb-32 .kb-form .kadence-blocks-form-field{padding-right:5px;padding-left:5px;}.kadence-form-_f9b7eb-32 .kb-form{margin-right:-5px;margin-left:-5px;}.kadence-form-_f9b7eb-32 .kb-form .kadence-blocks-form-field label .required{color:#eb5656;}.kadence-form-_f9b7eb-32 .kb-form .kadence-blocks-form-field .kb-text-style-field, .kadence-form-_f9b7eb-32 .kb-form .kadence-blocks-form-field .kb-select-style-field{color:#000000;border-radius:0px;font-size:14px;line-height:16px;border-width:1px 1px 1px 1px;border-color:#f2e7e5;}.kadence-form-_f9b7eb-32 .kb-form .kadence-blocks-form-field .kb-text-style-field:focus, .kadence-form-_f9b7eb-32 .kb-form .kadence-blocks-form-field .kb-select-style-field:focus{border-color:#333333;}.kadence-form-_f9b7eb-32 .kb-form .kadence-blocks-form-field > label{color:#121212;font-size:14px;line-height:18px;padding-top:0px;padding-right:0px;padding-bottom:0px;padding-left:0px;}.kadence-form-_f9b7eb-32 .kb-form .kadence-blocks-form-field.kb-accept-form-field .kb-checkbox-style{font-size:18px;height:1em;}.kadence-form-_f9b7eb-32 .kb-form .kadence-blocks-form-field .kb-forms-submit{color:#ffffff;border-radius:0px;border-width:0px 0px 0px 0px;background:#5a5958;}.kadence-form-_f9b7eb-32 .kb-form .kadence-blocks-form-field .kb-forms-submit:hover, .kadence-form-_f9b7eb-32 .kb-form .kadence-blocks-form-field .kb-forms-submit:focus {background:#272525;}.kadence-form-_f9b7eb-32 .kb-form .kadence-blocks-form-field .kb-forms-submit{font-size:14px;line-height:23px;}.kadence-form-_f9b7eb-32 .kadence-blocks-form-success{color:#00d084;border-color:rgba(0,0,0,0);background:rgba(0, 0, 0, 0);}.kadence-form-_f9b7eb-32 .kadence-blocks-form-warning{color:#ef404d;border-color:#ef404d;background:rgba(0, 0, 0, 0);}.kadence-form-_f9b7eb-32 .kadence-blocks-form-message, .kadence-form-_f9b7eb-32 .kb-form-error-msg{border-width:0px 0px 0px 0px;font-size:12px;line-height:14px;font-weight:400;padding-top:0px;padding-right:0px;padding-bottom:0px;padding-left:0px;margin-right:0px;margin-bottom:0px;margin-left:0px;}<\/style>\n<div class=\"wp-block-kadence-form kadence-form-_f9b7eb-32 kb-form-wrap\"><form class=\"kb-form\" action=\"\" method=\"post\"><div class=\"kadence-blocks-form-field kb-field-desk-width-100 kb-input-size-standard\"><label for=\"kb_field__f9b7eb-32_0\">Sinu nimi<span class=\"required\">*<\/span><\/label><input name=\"kb_field_0\" id=\"kb_field__f9b7eb-32_0\" data-label=\"Sinu nimi\" type=\"text\" placeholder=\"\" value=\"\" data-type=\"text\" class=\"kb-field kb-text-style-field kb-text-field kb-field-0\" data-required=\"yes\"\/><\/div><div class=\"kadence-blocks-form-field kb-form-field-1 kb-field-desk-width-100 kb-input-size-standard\"><label for=\"kb_field__f9b7eb-32_1\">E- maili:<span class=\"required\">*<\/span><\/label><input name=\"kb_field_1\" id=\"kb_field__f9b7eb-32_1\" data-label=\"E- maili:\" type=\"email\" placeholder=\"\" value=\"\" data-type=\"email\" class=\"kb-field kb-text-style-field kb-email-field kb-field-1\" data-required=\"yes\"\/><\/div><div class=\"kadence-blocks-form-field kb-form-field-2 kb-field-desk-width-100 kb-input-size-standard\"><label for=\"kb_field__f9b7eb-32_2\">Sinu s\u00f5num<span class=\"required\">*<\/span><\/label><textarea name=\"kb_field_2\" id=\"kb_field__f9b7eb-32_2\" data-label=\"Sinu s&#xF5;num\" type=\"textarea\" placeholder=\"\" data-type=\"textarea\" class=\"kb-field kb-text-style-field kb-textarea-field kb-field-2\" rows=\"3\" data-required=\"yes\"><\/textarea><\/div><input type=\"hidden\" name=\"_kb_form_id\" value=\"_f9b7eb-32\"\/><input type=\"hidden\" name=\"_kb_form_post_id\" value=\"40241\"\/><input type=\"hidden\" name=\"action\" value=\"kb_process_ajax_submit\"\/><input class=\"kadence-blocks-field verify\" type=\"text\" name=\"_kb_verify_email\" autocomplete=\"new-password\" aria-hidden=\"true\" placeholder=\"Email\" tabindex=\"-1\" data-1p-ignore=\"true\" data-lpignore=\"true\" \/><div class=\"kadence-blocks-form-field kb-submit-field kb-field-desk-width-100\"><button class=\"kb-forms-submit button kb-button-size-large kb-button-width-auto\">Saada<\/button><\/div><\/form><\/div>\n<noscript><div class=\"kadence-blocks-form-message kadence-blocks-form-warning\">Please enable JavaScript in your browser to submit the form<\/div><style>.kadence-form-_f9b7eb-32 .kadence-blocks-form-field.kb-submit-field { display: none; }<\/style><\/noscript><\/div><\/div>\n\n<p><\/p>\n","protected":false},"excerpt":{"rendered":"<p>Kuidas saame Sind aidata? Kui sul on k\u00fcsimusi v\u00f5i p\u00e4ringuid, siis v\u00f5ta palun meiega \u00fchendust. Kontakteerume sinuga koheselt, kui oleme tutvunud p\u00e4ringuga. UAB AMICA LT Liepyno g. 2 \u2013 42, Vilnius, 08106, Leedu Tel. nr.: +370 6473 7959E- mail: info@migle.lt Poed PLC Panorama: I-VII 10:00 \u2013 21:00 PPC Ozas: I-VII 10:00 \u2013 21:00<\/p>\n","protected":false},"author":1,"featured_media":0,"parent":0,"menu_order":0,"comment_status":"closed","ping_status":"closed","template":"","meta":{"inline_featured_image":false,"footnotes":""},"class_list":["post-40241","page","type-page","status-publish","hentry"],"_links":{"self":[{"href":"https:\/\/migle.dev.unionfintech.com\/et\/wp-json\/wp\/v2\/pages\/40241","targetHints":{"allow":["GET"]}}],"collection":[{"href":"https:\/\/migle.dev.unionfintech.com\/et\/wp-json\/wp\/v2\/pages"}],"about":[{"href":"https:\/\/migle.dev.unionfintech.com\/et\/wp-json\/wp\/v2\/types\/page"}],"author":[{"embeddable":true,"href":"https:\/\/migle.dev.unionfintech.com\/et\/wp-json\/wp\/v2\/users\/1"}],"replies":[{"embeddable":true,"href":"https:\/\/migle.dev.unionfintech.com\/et\/wp-json\/wp\/v2\/comments?post=40241"}],"version-history":[{"count":2,"href":"https:\/\/migle.dev.unionfintech.com\/et\/wp-json\/wp\/v2\/pages\/40241\/revisions"}],"predecessor-version":[{"id":40243,"href":"https:\/\/migle.dev.unionfintech.com\/et\/wp-json\/wp\/v2\/pages\/40241\/revisions\/40243"}],"wp:attachment":[{"href":"https:\/\/migle.dev.unionfintech.com\/et\/wp-json\/wp\/v2\/media?parent=40241"}],"curies":[{"name":"wp","href":"https:\/\/api.w.org\/{rel}","templated":true}]}}