{"id":40248,"date":"2023-01-13T10:49:52","date_gmt":"2023-01-13T08:49:52","guid":{"rendered":"https:\/\/migle.dev.unionfintech.com\/kohaletoimetamine-ja-tagastamine\/"},"modified":"2023-03-03T12:05:54","modified_gmt":"2023-03-03T10:05:54","slug":"kohaletoimetamine-ja-tagastamine","status":"publish","type":"page","link":"https:\/\/migle.dev.unionfintech.com\/et\/kohaletoimetamine-ja-tagastamine\/","title":{"rendered":"Kohaletoimetamine ja tagastamine"},"content":{"rendered":"\n<h2 class=\"wp-block-heading\">Kohaletoimetamine<\/h2>\n\n\n\n<p>Migle.lt e-pood tarnib kaupa Leetu, L\u00e4tti ja Eestisse.<\/p>\n\n\n\n<h2 class=\"wp-block-heading\">Leedu<\/h2>\n\n\n\n<p>Tooted tarnitakse kliendile Venipak kulleriga v\u00f5i Venipak pickup punktidesse.<\/p>\n\n\n<style>.wp-block-kadence-advancedbtn.kb-btns_775c51-6d{gap:var(--global-kb-gap-xs, 0.5rem );justify-content:flex-start;align-items:center;}.kt-btns_775c51-6d .kt-button{font-weight:normal;font-style:normal;}.kt-btns_775c51-6d .kt-btn-wrap-0{margin-right:5px;}.wp-block-kadence-advancedbtn.kt-btns_775c51-6d .kt-btn-wrap-0 .kt-button{color:#ffffff;background:#9339f2;border-color:#9339f2;}.wp-block-kadence-advancedbtn.kt-btns_775c51-6d .kt-btn-wrap-0 .kt-button:hover, .wp-block-kadence-advancedbtn.kt-btns_775c51-6d .kt-btn-wrap-0 .kt-button:focus{color:#ffffff;border-color:#ddc0b4;}.wp-block-kadence-advancedbtn.kt-btns_775c51-6d .kt-btn-wrap-0 .kt-button::before{display:none;}.wp-block-kadence-advancedbtn.kt-btns_775c51-6d .kt-btn-wrap-0 .kt-button:hover, .wp-block-kadence-advancedbtn.kt-btns_775c51-6d .kt-btn-wrap-0 .kt-button:focus{background:#ddc0b4;}.kt-btns_775c51-6d .kt-btn-wrap-1{margin-right:5px;}.wp-block-kadence-advancedbtn.kt-btns_775c51-6d .kt-btn-wrap-1 .kt-button{color:#ffffff;background:#ff6600;border-color:#ff6600;}.wp-block-kadence-advancedbtn.kt-btns_775c51-6d .kt-btn-wrap-1 .kt-button:hover, .wp-block-kadence-advancedbtn.kt-btns_775c51-6d .kt-btn-wrap-1 .kt-button:focus{color:#ffffff;border-color:#ddc0b4;}.wp-block-kadence-advancedbtn.kt-btns_775c51-6d .kt-btn-wrap-1 .kt-button::before{display:none;}.wp-block-kadence-advancedbtn.kt-btns_775c51-6d .kt-btn-wrap-1 .kt-button:hover, .wp-block-kadence-advancedbtn.kt-btns_775c51-6d .kt-btn-wrap-1 .kt-button:focus{background:#ddc0b4;}.kt-btns_775c51-6d .kt-btn-wrap-2{margin-right:5px;}.wp-block-kadence-advancedbtn.kt-btns_775c51-6d .kt-btn-wrap-2 .kt-button{color:#ffffff;background:#035dba;border-color:#035dba;}.wp-block-kadence-advancedbtn.kt-btns_775c51-6d .kt-btn-wrap-2 .kt-button:hover, .wp-block-kadence-advancedbtn.kt-btns_775c51-6d .kt-btn-wrap-2 .kt-button:focus{color:#ffffff;border-color:#ddc0b4;}.wp-block-kadence-advancedbtn.kt-btns_775c51-6d .kt-btn-wrap-2 .kt-button::before{display:none;}.wp-block-kadence-advancedbtn.kt-btns_775c51-6d .kt-btn-wrap-2 .kt-button:hover, .wp-block-kadence-advancedbtn.kt-btns_775c51-6d .kt-btn-wrap-2 .kt-button:focus{background:#ddc0b4;}<\/style>\n<div class=\"wp-block-kadence-advancedbtn kt-btn-align-left kt-btn-tablet-align-inherit kt-btn-mobile-align-inherit kt-btns-wrap kt-btns_775c51-6d\"><div class=\"kt-btn-wrap kt-btn-wrap-0\"><a class=\"kt-button button kt-btn-0-action kt-btn-size-standard kt-btn-style-basic kt-btn-svg-show-always kt-btn-has-text-true kt-btn-has-svg-false\" href=\"https:\/\/venipak.com\/lt\/produktai-ir-paslaugos\/pickup-punktai\/\" target=\"_blank\" rel=\"noreferrer noopener\"><span class=\"kt-btn-inner-text\">Venipak pickup punktid Lietuva<\/span><\/a><\/div><div class=\"kt-btn-wrap kt-btn-wrap-1\"><a class=\"kt-button button kt-btn-1-action kt-btn-size-standard kt-btn-style-basic kt-btn-svg-show-always kt-btn-has-text-true kt-btn-has-svg-false\" href=\"https:\/\/www.omniva.lt\/pastomatu_adresai\" target=\"_blank\" rel=\"noreferrer noopener\"><span class=\"kt-btn-inner-text\">Omniva Lietuva<\/span><\/a><\/div><div class=\"kt-btn-wrap kt-btn-wrap-2\"><a class=\"kt-button button kt-btn-2-action kt-btn-size-standard kt-btn-style-basic kt-btn-svg-show-always kt-btn-has-text-true kt-btn-has-svg-false\" href=\"https:\/\/itella.lt\/private-customer\/siuntu-terminalu-vietos\/\" target=\"_blank\" rel=\"noreferrer noopener\"><span class=\"kt-btn-inner-text\">Smart Itella Lietuva<\/span><\/a><\/div><\/div>\n\n\n\n<p>Kohaletoimetamise tasu Leedus:<\/p>\n\n\n\n<p>Omniva kulleriga valitud sihtpunkti: \u20ac 5<\/p>\n\n\n\n<p>Omniva pakiautomaat: \u20ac5<\/p>\n\n\n\n<p>Itella Smartpost pakiautomaat: \u20ac 5<\/p>\n\n\n\n<p><em>Venipak kulleriga kohale: \u20ac <\/em>5<\/p>\n\n\n\n<p><em>Venipak pickup punktid: \u20ac 5<\/em><\/p>\n\n\n\n<p><em>\u00dcle \u20ac 150 tellimustele on kohaletoimetamine Omniva pakiautomaati tasuta.<\/em><\/p>\n\n\n\n<p><em>K\u00f5ik \u00fcle 150\u20ac ostud toimetame soovi korral \u00fcle Eesti Venipak kulleriga koduukseni &#8211; kontaktivabalt ja tasuta.<\/em><\/p>\n\n\n\n<p>Tellimused t\u00f6\u00f6deldakse ning postitatakse reeglina samal v\u00f5i j\u00e4rgmisel t\u00f6\u00f6p\u00e4eval. Tellimuse kohalej\u00f5udmine s\u00f5ltub postiteenistustest.<\/p>\n\n\n\n<p><\/p>\n\n\n\n<p>Orienteeruvad kohalej\u00f5udmise ajad on:<br>1-3 t\u00f6\u00f6p\u00e4eva (soodusm\u00fc\u00fckide ajal kuni 10 t\u00f6\u00f6p\u00e4eva).<\/p>\n\n\n\n<p><\/p>\n\n\n\n<h2 class=\"wp-block-heading\">Eesti<\/h2>\n\n\n\n<p>Tooted tarnitakse kliendile Omniva v\u00f5i Venipak kulleriga ning Omniva ja Itella SmartPOST pakiautomaati v\u00f5i Venipak pickup punktidesse.<\/p>\n\n\n<style>.wp-block-kadence-advancedbtn.kb-btns_2ddbf0-67{gap:var(--global-kb-gap-xs, 0.5rem );justify-content:flex-start;align-items:center;}.kt-btns_2ddbf0-67 .kt-button{font-weight:normal;font-style:normal;}.kt-btns_2ddbf0-67 .kt-btn-wrap-0{margin-right:5px;}.wp-block-kadence-advancedbtn.kt-btns_2ddbf0-67 .kt-btn-wrap-0 .kt-button{color:#ffffff;background:#9339f2;border-color:#9339f2;}.wp-block-kadence-advancedbtn.kt-btns_2ddbf0-67 .kt-btn-wrap-0 .kt-button:hover, .wp-block-kadence-advancedbtn.kt-btns_2ddbf0-67 .kt-btn-wrap-0 .kt-button:focus{color:#ffffff;border-color:#ddc0b4;}.wp-block-kadence-advancedbtn.kt-btns_2ddbf0-67 .kt-btn-wrap-0 .kt-button::before{display:none;}.wp-block-kadence-advancedbtn.kt-btns_2ddbf0-67 .kt-btn-wrap-0 .kt-button:hover, .wp-block-kadence-advancedbtn.kt-btns_2ddbf0-67 .kt-btn-wrap-0 .kt-button:focus{background:#ddc0b4;}.kt-btns_2ddbf0-67 .kt-btn-wrap-1{margin-right:5px;}.wp-block-kadence-advancedbtn.kt-btns_2ddbf0-67 .kt-btn-wrap-1 .kt-button{color:#ffffff;background:#ff6600;border-color:#ff6600;}.wp-block-kadence-advancedbtn.kt-btns_2ddbf0-67 .kt-btn-wrap-1 .kt-button:hover, .wp-block-kadence-advancedbtn.kt-btns_2ddbf0-67 .kt-btn-wrap-1 .kt-button:focus{color:#ffffff;border-color:#ddc0b4;}.wp-block-kadence-advancedbtn.kt-btns_2ddbf0-67 .kt-btn-wrap-1 .kt-button::before{display:none;}.wp-block-kadence-advancedbtn.kt-btns_2ddbf0-67 .kt-btn-wrap-1 .kt-button:hover, .wp-block-kadence-advancedbtn.kt-btns_2ddbf0-67 .kt-btn-wrap-1 .kt-button:focus{background:#ddc0b4;}.kt-btns_2ddbf0-67 .kt-btn-wrap-2{margin-right:5px;}.wp-block-kadence-advancedbtn.kt-btns_2ddbf0-67 .kt-btn-wrap-2 .kt-button{color:#ffffff;background:#035dba;border-color:#035dba;}.wp-block-kadence-advancedbtn.kt-btns_2ddbf0-67 .kt-btn-wrap-2 .kt-button:hover, .wp-block-kadence-advancedbtn.kt-btns_2ddbf0-67 .kt-btn-wrap-2 .kt-button:focus{color:#ffffff;border-color:#ddc0b4;}.wp-block-kadence-advancedbtn.kt-btns_2ddbf0-67 .kt-btn-wrap-2 .kt-button::before{display:none;}.wp-block-kadence-advancedbtn.kt-btns_2ddbf0-67 .kt-btn-wrap-2 .kt-button:hover, .wp-block-kadence-advancedbtn.kt-btns_2ddbf0-67 .kt-btn-wrap-2 .kt-button:focus{background:#ddc0b4;}<\/style>\n<div class=\"wp-block-kadence-advancedbtn kt-btn-align-left kt-btn-tablet-align-inherit kt-btn-mobile-align-inherit kt-btns-wrap kt-btns_2ddbf0-67\"><div class=\"kt-btn-wrap kt-btn-wrap-0\"><a class=\"kt-button button kt-btn-0-action kt-btn-size-standard kt-btn-style-basic kt-btn-svg-show-always kt-btn-has-text-true kt-btn-has-svg-false\" href=\"https:\/\/venipak.com\/ee\/tooted-ja-teenused\/pickup-punktid\/\" target=\"_blank\" rel=\"noreferrer noopener\"><span class=\"kt-btn-inner-text\">Venipak Eesti<\/span><\/a><\/div><div class=\"kt-btn-wrap kt-btn-wrap-1\"><a class=\"kt-button button kt-btn-1-action kt-btn-size-standard kt-btn-style-basic kt-btn-svg-show-always kt-btn-has-text-true kt-btn-has-svg-false\" href=\"https:\/\/www.omniva.ee\/abi\/kaart\" target=\"_blank\" rel=\"noreferrer noopener\"><span class=\"kt-btn-inner-text\">Omniva Eesti<\/span><\/a><\/div><div class=\"kt-btn-wrap kt-btn-wrap-2\"><a class=\"kt-button button kt-btn-2-action kt-btn-size-standard kt-btn-style-basic kt-btn-svg-show-always kt-btn-has-text-true kt-btn-has-svg-false\" href=\"https:\/\/uus.smartpost.ee\/pakiautomaatide-asukohad\" target=\"_blank\" rel=\"noreferrer noopener\"><span class=\"kt-btn-inner-text\">Smart Itella Eesti<\/span><\/a><\/div><\/div>\n\n\n\n<p class=\"has-black-color has-text-color\"><\/p>\n\n\n\n<p>Kohaletoimetamise tasu Eestis:<\/p>\n\n\n\n<p>Omniva kulleriga valitud sihtpunkti: \u20ac 5<\/p>\n\n\n\n<p>Omniva pakiautomaat: \u20ac 5<\/p>\n\n\n\n<p>Itella Smartpost pakiautomaat: \u20ac 5<\/p>\n\n\n\n<p>Venipak kulleriga kohale: \u20ac 5<\/p>\n\n\n\n<p>\u00dcle \u20ac 150 tellimustele on kohaletoimetamine Smartpost pakiautomaati tasuta.<\/p>\n\n\n\n<p>K\u00f5ik \u00fcle 150\u20ac ostud toimetame soovi korral \u00fcle Eesti Venipak kulleriga koduukseni &#8211; kontaktivabalt ja tasuta.<\/p>\n\n\n\n<p>Tasuta kohaletoimetamine ei kehti suurte kampaaniate ajal nagu must reede, e-smasp\u00e4ev. Vabandame!<\/p>\n\n\n\n<p><\/p>\n\n\n\n<h2 class=\"wp-block-heading\">L\u00e4ti<\/h2>\n\n\n\n<p>Tooted tarnitakse kliendile Venipak kulleriga v\u00f5i Venipak pickup punktidesse.<\/p>\n\n\n<style>.wp-block-kadence-advancedbtn.kb-btns_f07a56-06{gap:var(--global-kb-gap-xs, 0.5rem );justify-content:flex-start;align-items:center;}.kt-btns_f07a56-06 .kt-button{font-weight:normal;font-style:normal;}.kt-btns_f07a56-06 .kt-btn-wrap-0{margin-right:5px;}.wp-block-kadence-advancedbtn.kt-btns_f07a56-06 .kt-btn-wrap-0 .kt-button{color:#ffffff;background:#9339f2;border-color:#9339f2;}.wp-block-kadence-advancedbtn.kt-btns_f07a56-06 .kt-btn-wrap-0 .kt-button:hover, .wp-block-kadence-advancedbtn.kt-btns_f07a56-06 .kt-btn-wrap-0 .kt-button:focus{color:#ffffff;border-color:#ddc0b4;}.wp-block-kadence-advancedbtn.kt-btns_f07a56-06 .kt-btn-wrap-0 .kt-button::before{display:none;}.wp-block-kadence-advancedbtn.kt-btns_f07a56-06 .kt-btn-wrap-0 .kt-button:hover, .wp-block-kadence-advancedbtn.kt-btns_f07a56-06 .kt-btn-wrap-0 .kt-button:focus{background:#ddc0b4;}.kt-btns_f07a56-06 .kt-btn-wrap-1{margin-right:5px;}.wp-block-kadence-advancedbtn.kt-btns_f07a56-06 .kt-btn-wrap-1 .kt-button{color:#ffffff;background:#ff6600;border-color:#ff6600;}.wp-block-kadence-advancedbtn.kt-btns_f07a56-06 .kt-btn-wrap-1 .kt-button:hover, .wp-block-kadence-advancedbtn.kt-btns_f07a56-06 .kt-btn-wrap-1 .kt-button:focus{color:#ffffff;border-color:#ddc0b4;}.wp-block-kadence-advancedbtn.kt-btns_f07a56-06 .kt-btn-wrap-1 .kt-button::before{display:none;}.wp-block-kadence-advancedbtn.kt-btns_f07a56-06 .kt-btn-wrap-1 .kt-button:hover, .wp-block-kadence-advancedbtn.kt-btns_f07a56-06 .kt-btn-wrap-1 .kt-button:focus{background:#ddc0b4;}.kt-btns_f07a56-06 .kt-btn-wrap-2{margin-right:5px;}.wp-block-kadence-advancedbtn.kt-btns_f07a56-06 .kt-btn-wrap-2 .kt-button{color:#ffffff;background:#035dba;border-color:#035dba;}.wp-block-kadence-advancedbtn.kt-btns_f07a56-06 .kt-btn-wrap-2 .kt-button:hover, .wp-block-kadence-advancedbtn.kt-btns_f07a56-06 .kt-btn-wrap-2 .kt-button:focus{color:#ffffff;border-color:#ddc0b4;}.wp-block-kadence-advancedbtn.kt-btns_f07a56-06 .kt-btn-wrap-2 .kt-button::before{display:none;}.wp-block-kadence-advancedbtn.kt-btns_f07a56-06 .kt-btn-wrap-2 .kt-button:hover, .wp-block-kadence-advancedbtn.kt-btns_f07a56-06 .kt-btn-wrap-2 .kt-button:focus{background:#ddc0b4;}<\/style>\n<div class=\"wp-block-kadence-advancedbtn kt-btn-align-left kt-btn-tablet-align-inherit kt-btn-mobile-align-inherit kt-btns-wrap kt-btns_f07a56-06\"><div class=\"kt-btn-wrap kt-btn-wrap-0\"><a class=\"kt-button button kt-btn-0-action kt-btn-size-standard kt-btn-style-basic kt-btn-svg-show-always kt-btn-has-text-true kt-btn-has-svg-false\" href=\"https:\/\/venipak.com\/lv\/produkti-un-pakalpojumi\/pickup-sutijumu-punkti\/\" target=\"_blank\" rel=\"noreferrer noopener\"><span class=\"kt-btn-inner-text\">Venipak Latvia<\/span><\/a><\/div><div class=\"kt-btn-wrap kt-btn-wrap-1\"><a class=\"kt-button button kt-btn-1-action kt-btn-size-standard kt-btn-style-basic kt-btn-svg-show-always kt-btn-has-text-true kt-btn-has-svg-false\" href=\"https:\/\/www.omniva.lv\/privats\/adreses\" target=\"_blank\" rel=\"noreferrer noopener\"><span class=\"kt-btn-inner-text\">Omniva Latvia<\/span><\/a><\/div><div class=\"kt-btn-wrap kt-btn-wrap-2\"><a class=\"kt-button button kt-btn-2-action kt-btn-size-standard kt-btn-style-basic kt-btn-svg-show-always kt-btn-has-text-true kt-btn-has-svg-false\" href=\"https:\/\/itella.lv\/juridiskiem-klientiem\/find-parcel-lockers\/\" target=\"_blank\" rel=\"noreferrer noopener\"><span class=\"kt-btn-inner-text\">Smart Itella Latvia<\/span><\/a><\/div><\/div>\n\n\n\n<p>Kohaletoimetamise tasu L\u00e4tis:<\/p>\n\n\n\n<p>Venipak kulleriga kohale: \u20ac 5<\/p>\n\n\n\n<p>Venipak pickup punktid: \u20ac 5<\/p>\n\n\n\n<p>\u00dcle \u20ac 150 tellimustele on kohaletoimetamine Omniva pakiautomaati tasuta.<\/p>\n\n\n\n<p>K\u00f5ik \u00fcle 150\u20ac ostud toimetame soovi korral \u00fcle Eesti Venipak kulleriga koduukseni &#8211; kontaktivabalt ja tasuta.<\/p>\n\n\n\n<p><\/p>\n\n\n\n<h2 class=\"wp-block-heading\">Tagastamine<\/h2>\n\n\n\n<p>Migle Lingerie aktsepteerib tagastusi, mis on vormistatud 14 p\u00e4eva jooksul alates tellimuse k\u00e4ttesaamisest. K\u00f5ik tagastatavad tooted peavad olema samas seisundis nagu need olid kohaletoimetamisel. Aktsepteerime tagastust ainult juhul, kui toode on kasutamata, sellel on k\u00fcljes originaaletiketid ning toode on originaalpakendis. <\/p>\n\n\n\n<p>NB! Tagastamisele ei kuulu sukatooted kui pakendit on avatud.<\/p>\n\n\n\n<p>Kui soovite toote tagastada v\u00f5i toodet vahetada, t\u00e4itke <strong>avalduse<\/strong> v\u00f5i v\u00f5tke meiega \u00fchendust e-posti aadressil: <\/p>\n\n\n\n<p><a href=\"mailto:info@migle.lt\">info@migle.lt<\/a><\/p>\n\n\n\n<p>Lisage kirja oma tellimuse number, tagasisaatmise p\u00f5hjus ja informatsioon, kas soovite toote tagastada v\u00f5i seda vahetada. <strong>Kui oleme k\u00e4tte saanud e-kirja, edastame \u00fcksikasjad toote tagasisaatmise kohta asap<\/strong>, vastame kirjadele t\u00f6\u00f6p\u00e4evadel.<\/p>\n\n\n\n<p>Kui tagastate meile toote, palun j\u00e4tke alles postitamist t\u00f5endav t\u0161ekk. Tagastamisega seotud postikulud tasub ostja. Toote \u00fcmbervahetamise korral ostja tasub tagastamise kulud ja m\u00fc\u00fcja uue kauba saatmise kulud.<\/p>\n\n\n\n<p>NB! Me ei vastuta postiteenuse poolt kaotatud esemete eest.<\/p>\n\n\n\n<h2 class=\"wp-block-heading\">Mittekvaliteetse kauba tagastamine<\/h2>\n\n\n\n<p>Kui leiate, et teile saadetud toode ei ole kvaliteetne, palume Teid <a href=\"https:\/\/migle.dev.unionfintech.com\/et\/kontaktid\/\">teavitada<\/a> meid sellest koheselt p\u00e4rast tellimuse k\u00e4ttesaamist ning tagastage see meile viivitamatult. Mittekvaliteetse toote korral tagastame teile nii toote v\u00e4\u00e4rtuse kui l\u00e4hetuskulud. Praagiks loeme tehase poolt defektselt toodetud kaupu.<\/p>\n\n\n\n<h2 class=\"wp-block-heading\">Kui oleme saatnud teile vale toote<\/h2>\n\n\n\n<p>Kui oleme teinud vea ja saatnud teile tellitust erineva toote v\u00f5i suuruse, <a href=\"https:\/\/migle.dev.unionfintech.com\/et\/kontaktid\/\">teavitage meid<\/a> sellest koheselt ning tagastage see viivitamatult. Vale toote saatmise korral tagastame teile nii toote v\u00e4\u00e4rtuse kui l\u00e4hetuskulud niipea, kui v\u00f5imalik, ent mitte hiljem, kui 7 p\u00e4eva jooksul.<\/p>\n\n\n\n<h2 class=\"wp-block-heading\">Raha tagastamine<\/h2>\n\n\n\n<p>Tagastame teile toodete v\u00e4\u00e4rtuse. <strong>L\u00e4hetus- ja postikulud tagastamisele ei kuulu.<\/strong><br>Raha tagastame samale arvelduskontole, millelt toimus laekumine.<br>Tagastatava summa tagastame niipea, kui v\u00f5imalik ent mitte hiljem, kui 7 p\u00e4eva jooksul.<\/p>\n","protected":false},"excerpt":{"rendered":"<p>Kohaletoimetamine Migle.lt e-pood tarnib kaupa Leetu, L\u00e4tti ja Eestisse. Leedu Tooted tarnitakse kliendile Venipak kulleriga v\u00f5i Venipak pickup punktidesse. Kohaletoimetamise tasu Leedus: Omniva kulleriga valitud sihtpunkti: \u20ac 5 Omniva pakiautomaat: \u20ac5 Itella Smartpost pakiautomaat: \u20ac 5 Venipak kulleriga kohale: \u20ac 5 Venipak pickup punktid: \u20ac 5 \u00dcle \u20ac 150 tellimustele on kohaletoimetamine Omniva pakiautomaati tasuta.&hellip;<\/p>\n","protected":false},"author":2,"featured_media":0,"parent":0,"menu_order":0,"comment_status":"closed","ping_status":"closed","template":"","meta":{"inline_featured_image":false,"footnotes":""},"class_list":["post-40248","page","type-page","status-publish","hentry"],"_links":{"self":[{"href":"https:\/\/migle.dev.unionfintech.com\/et\/wp-json\/wp\/v2\/pages\/40248","targetHints":{"allow":["GET"]}}],"collection":[{"href":"https:\/\/migle.dev.unionfintech.com\/et\/wp-json\/wp\/v2\/pages"}],"about":[{"href":"https:\/\/migle.dev.unionfintech.com\/et\/wp-json\/wp\/v2\/types\/page"}],"author":[{"embeddable":true,"href":"https:\/\/migle.dev.unionfintech.com\/et\/wp-json\/wp\/v2\/users\/2"}],"replies":[{"embeddable":true,"href":"https:\/\/migle.dev.unionfintech.com\/et\/wp-json\/wp\/v2\/comments?post=40248"}],"version-history":[{"count":5,"href":"https:\/\/migle.dev.unionfintech.com\/et\/wp-json\/wp\/v2\/pages\/40248\/revisions"}],"predecessor-version":[{"id":41917,"href":"https:\/\/migle.dev.unionfintech.com\/et\/wp-json\/wp\/v2\/pages\/40248\/revisions\/41917"}],"wp:attachment":[{"href":"https:\/\/migle.dev.unionfintech.com\/et\/wp-json\/wp\/v2\/media?parent=40248"}],"curies":[{"name":"wp","href":"https:\/\/api.w.org\/{rel}","templated":true}]}}