{"id":40252,"date":"2022-12-10T00:47:55","date_gmt":"2022-12-09T22:47:55","guid":{"rendered":"https:\/\/migle.dev.unionfintech.com\/suurustejuhend\/"},"modified":"2023-01-13T12:45:05","modified_gmt":"2023-01-13T10:45:05","slug":"suurustejuhend","status":"publish","type":"page","link":"https:\/\/migle.dev.unionfintech.com\/et\/suurustejuhend\/","title":{"rendered":"Suurustejuhend"},"content":{"rendered":"\n<h2 class=\"wp-block-heading\"><mark style=\"background-color:rgba(0, 0, 0, 0);color:#e9c9c9\" class=\"has-inline-color\">Suurustejuhend<\/mark><\/h2>\n\n<p><\/p>\n\n<h2 class=\"wp-block-heading\"><mark style=\"background-color:rgba(0, 0, 0, 0);color:#abb8c3\" class=\"has-inline-color\">Rinnahoidja suurused<\/mark><\/h2>\n\n<p>Oma rinnahoidja suuruse v\u00e4lja selgitamiseks m\u00f5\u00f5tke palun esmalt oma rinnaalune \u00fcmberm\u00f5\u00f5t (1). Vastavalt saadud tulemusele leiate tabelist skaalal 63-97 endale sobiva rinnahoidja \u00fcmberm\u00f5\u00f5du suuruse. J\u00e4rgnevalt m\u00f5\u00f5tke palun oma rinnapealne \u00fcmberm\u00f5\u00f5t ning vastavalt saadud tulemusele leiate tabelist skaalal A-FF endale sobiva rinnahoidja korvi suuruse. Selle jaoks j\u00e4lgige oma rinnahoidja \u00fcmberm\u00f5\u00f5dule vastavat veergu.<\/p>\n\n<p>Rinnaalune \u00fcmberm\u00f5\u00f5t (cm)<\/p>\n\n<figure class=\"wp-block-table is-style-stripes\" style=\"font-size:10px\"><table><tbody><tr><td><\/td><td>63-67 cm<\/td><td>68-72 cm<\/td><td>73-77 cm<\/td><td>78-82 cm<\/td><td>83-87 cm<\/td><td>88-92 cm<\/td><td>93-97 cm<\/td><\/tr><tr><td>FR\/BE<\/td><td>80<\/td><td>85<\/td><td>90<\/td><td>95<\/td><td>100<\/td><td>105<\/td><td>110<\/td><\/tr><tr><td>UK\/US<\/td><td>30<\/td><td>32<\/td><td>34<\/td><td>36<\/td><td>38<\/td><td>40<\/td><td>42<\/td><\/tr><tr><td>DE\/EUR<\/td><td>65<\/td><td>70<\/td><td>75<\/td><td>80<\/td><td>85<\/td><td>90<\/td><td>95<\/td><\/tr><\/tbody><\/table><\/figure>\n\n<h2 class=\"wp-block-heading\"><mark style=\"background-color:rgba(0, 0, 0, 0);color:#abb8c3\" class=\"has-inline-color\">Rinnahoidja korvi suurus<\/mark><\/h2>\n\n<p>Rinnapealne \u00fcmberm\u00f5\u00f5t (cm)<\/p>\n\n<figure class=\"wp-block-table is-style-stripes\" style=\"font-size:10px\"><table><tbody><tr><td><\/td><td>30<\/td><td>32<\/td><td>34<\/td><td>36<\/td><td>38<\/td><td>40<\/td><td>42<\/td><\/tr><tr><td>A<\/td><td>77-79<\/td><td>82-84<\/td><td>87-89<\/td><td>92-94<\/td><td>97-99<\/td><td>102-104<\/td><td>107-109<\/td><\/tr><tr><td>B<\/td><td>79-81<\/td><td>84-86<\/td><td>89-91<\/td><td>94-98<\/td><td>99-101<\/td><td>104-106<\/td><td>109-111<\/td><\/tr><tr><td>C<\/td><td>81-83<\/td><td>86-88<\/td><td>91-93<\/td><td>96-98<\/td><td>101-103<\/td><td>106-108<\/td><td>111-113<\/td><\/tr><tr><td>D<\/td><td>83-85<\/td><td>88-90<\/td><td>93-95<\/td><td>98-100<\/td><td>103-105<\/td><td>108-110<\/td><td>113-115<\/td><\/tr><tr><td>DD<\/td><td>85-87<\/td><td>90-92<\/td><td>95-97<\/td><td>100-102<\/td><td>105-107<\/td><td>110-112<\/td><td>115-117<\/td><\/tr><tr><td>E<\/td><td>87-89<\/td><td>92-94<\/td><td>97-99<\/td><td>102-104<\/td><td>107-109<\/td><td>112-114<\/td><td>117-119<\/td><\/tr><tr><td>F<\/td><td>89-90<\/td><td>94-96<\/td><td>99-101<\/td><td>104-106<\/td><td>109-111<\/td><td>114-116<\/td><td>119-121<\/td><\/tr><tr><td>FF<\/td><td>91-93<\/td><td>96-98<\/td><td>101-103<\/td><td>106-108<\/td><td>111-113<\/td><td>116-118<\/td><td>121-123<\/td><\/tr><\/tbody><\/table><\/figure>\n\n<h2 class=\"wp-block-heading\"><mark style=\"background-color:rgba(0, 0, 0, 0);color:#abb8c3\" class=\"has-inline-color\">Bralet\u0117<\/mark><\/h2>\n\n<p>UK suurused<\/p>\n\n<figure class=\"wp-block-table is-style-stripes\" style=\"font-size:10px\"><table><tbody><tr><td><\/td><td>32<\/td><td>34<\/td><td>36<\/td><td>38<\/td><\/tr><tr><td>A<\/td><td>XS<\/td><td>S<\/td><td>M<\/td><td>L<\/td><\/tr><tr><td>B<\/td><td>XS<\/td><td>S<\/td><td>M<\/td><td>L<\/td><\/tr><tr><td>C<\/td><td>XS<\/td><td>S<\/td><td>M<\/td><td>L<\/td><\/tr><tr><td>D<\/td><td>S<\/td><td>M<\/td><td>L<\/td><td>L<\/td><\/tr><tr><td>DD<\/td><td>S<\/td><td>L<\/td><td>L<\/td><td><\/td><\/tr><\/tbody><\/table><\/figure>\n\n<h2 class=\"wp-block-heading\"><mark style=\"background-color:rgba(0, 0, 0, 0);color:#abb8c3\" class=\"has-inline-color\">Alusp\u00fcksid<\/mark><\/h2>\n\n<p><\/p>\n\n<figure class=\"wp-block-table is-style-stripes\" style=\"font-size:10px\"><table><tbody><tr><td>v\u00f6\u00f6\u00fcmberm\u00f5\u00f5t (cm)<\/td><td>66-70<\/td><td>70-74<\/td><td>74-78<\/td><td>78-82<\/td><td>82-86<\/td><td>86-90<\/td><td>90-94<\/td><\/tr><tr><td>puusa \u00fcmberm\u00f5\u00f5t (cm)<\/td><td>92-96<\/td><td>96-100<\/td><td>100-104<\/td><td>104-108<\/td><td>108-112<\/td><td>112-116<\/td><td>116-120<\/td><\/tr><tr><td>FR<\/td><td>1<\/td><td>2<\/td><td>3<\/td><td>4<\/td><td>5<\/td><td>6<\/td><td>7<\/td><\/tr><tr><td>EUR\/DE<\/td><td>36<\/td><td>38<\/td><td>40<\/td><td>42<\/td><td>44<\/td><td>46<\/td><td>48<\/td><\/tr><tr><td>US<\/td><td>XS<\/td><td>S<\/td><td>M<\/td><td>L<\/td><td>XL<\/td><td>2XL<\/td><td>3XL<\/td><\/tr><tr><td>UK<\/td><td>8<\/td><td>10<\/td><td>12<\/td><td>14<\/td><td>16<\/td><td>18<\/td><td>20<\/td><\/tr><\/tbody><\/table><\/figure>\n\n<figure class=\"wp-block-gallery has-nested-images columns-default is-cropped wp-block-gallery-1 is-layout-flex wp-block-gallery-is-layout-flex\">\n<figure class=\"wp-block-image size-large\"><img loading=\"lazy\" decoding=\"async\" width=\"570\" height=\"760\" data-id=\"38067\" src=\"https:\/\/migle.dev.unionfintech.com\/wp-content\/uploads\/2022\/12\/pantie-size.jpeg\" alt=\"\" class=\"wp-image-38067\" srcset=\"https:\/\/migle.dev.unionfintech.com\/wp-content\/uploads\/2022\/12\/pantie-size.jpeg 570w, https:\/\/migle.dev.unionfintech.com\/wp-content\/uploads\/2022\/12\/pantie-size-225x300.jpeg 225w\" sizes=\"auto, (max-width: 570px) 100vw, 570px\" \/><\/figure>\n\n\n\n<figure class=\"wp-block-image size-large\"><img loading=\"lazy\" decoding=\"async\" width=\"570\" height=\"760\" data-id=\"38062\" src=\"https:\/\/migle.dev.unionfintech.com\/wp-content\/uploads\/2022\/12\/bra-size.jpeg\" alt=\"\" class=\"wp-image-38062\" srcset=\"https:\/\/migle.dev.unionfintech.com\/wp-content\/uploads\/2022\/12\/bra-size.jpeg 570w, https:\/\/migle.dev.unionfintech.com\/wp-content\/uploads\/2022\/12\/bra-size-225x300.jpeg 225w\" sizes=\"auto, (max-width: 570px) 100vw, 570px\" \/><\/figure>\n<\/figure>\n","protected":false},"excerpt":{"rendered":"<p>Suurustejuhend Rinnahoidja suurused Oma rinnahoidja suuruse v\u00e4lja selgitamiseks m\u00f5\u00f5tke palun esmalt oma rinnaalune \u00fcmberm\u00f5\u00f5t (1). Vastavalt saadud tulemusele leiate tabelist skaalal 63-97 endale sobiva rinnahoidja \u00fcmberm\u00f5\u00f5du suuruse. J\u00e4rgnevalt m\u00f5\u00f5tke palun oma rinnapealne \u00fcmberm\u00f5\u00f5t ning vastavalt saadud tulemusele leiate tabelist skaalal A-FF endale sobiva rinnahoidja korvi suuruse. Selle jaoks j\u00e4lgige oma rinnahoidja \u00fcmberm\u00f5\u00f5dule vastavat veergu. Rinnaalune&hellip;<\/p>\n","protected":false},"author":2,"featured_media":0,"parent":0,"menu_order":0,"comment_status":"closed","ping_status":"closed","template":"","meta":{"inline_featured_image":false,"footnotes":""},"class_list":["post-40252","page","type-page","status-publish","hentry"],"_links":{"self":[{"href":"https:\/\/migle.dev.unionfintech.com\/et\/wp-json\/wp\/v2\/pages\/40252","targetHints":{"allow":["GET"]}}],"collection":[{"href":"https:\/\/migle.dev.unionfintech.com\/et\/wp-json\/wp\/v2\/pages"}],"about":[{"href":"https:\/\/migle.dev.unionfintech.com\/et\/wp-json\/wp\/v2\/types\/page"}],"author":[{"embeddable":true,"href":"https:\/\/migle.dev.unionfintech.com\/et\/wp-json\/wp\/v2\/users\/2"}],"replies":[{"embeddable":true,"href":"https:\/\/migle.dev.unionfintech.com\/et\/wp-json\/wp\/v2\/comments?post=40252"}],"version-history":[{"count":6,"href":"https:\/\/migle.dev.unionfintech.com\/et\/wp-json\/wp\/v2\/pages\/40252\/revisions"}],"predecessor-version":[{"id":40262,"href":"https:\/\/migle.dev.unionfintech.com\/et\/wp-json\/wp\/v2\/pages\/40252\/revisions\/40262"}],"wp:attachment":[{"href":"https:\/\/migle.dev.unionfintech.com\/et\/wp-json\/wp\/v2\/media?parent=40252"}],"curies":[{"name":"wp","href":"https:\/\/api.w.org\/{rel}","templated":true}]}}