{"id":40292,"date":"2023-01-16T19:29:57","date_gmt":"2023-01-16T17:29:57","guid":{"rendered":"https:\/\/migle.dev.unionfintech.com\/?page_id=40292"},"modified":"2023-03-01T15:59:31","modified_gmt":"2023-03-01T13:59:31","slug":"maksemeetodid","status":"publish","type":"page","link":"https:\/\/migle.dev.unionfintech.com\/et\/maksemeetodid\/","title":{"rendered":"Maksemeetodid"},"content":{"rendered":"\n<h2 class=\"wp-block-heading\">Maksemeetodid<\/h2>\n\n\n\n<p><strong>Ostja saab kaupade eest tasuda \u00fchel j\u00e4rgmistest viisidest:<\/strong><\/p>\n\n\n\n<figure class=\"wp-block-image size-large is-resized\"><img loading=\"lazy\" decoding=\"async\" src=\"https:\/\/migle.dev.unionfintech.com\/wp-content\/uploads\/2023\/01\/maksekeskus_logo_horizontal-1024x200.png\" alt=\"\" class=\"wp-image-40303\" width=\"212\" height=\"42\"\/><figcaption class=\"wp-element-caption\">Maksekeskus<\/figcaption><\/figure>\n\n\n\n<p>Tellimuste eest saab tasuda<strong> Visa, MasterCard ja Maestro deebet- ja krediitkaartidega, Eesti pangalinkidega<\/strong> (Swedbank, SEB, Nordea, Danske Bank, Krediidipank, LHV pank, Coop pank, Poco pay). <\/p>\n\n\n\n<p><\/p>\n\n\n\n<p>Makse teostamine toimub v\u00e4ljaspool Migle.lt e-poe keskkonda Maksekeskuse AS teenusepakkuja poolt turvalises maksekeskkonnas. <\/p>\n\n\n\n<p>Amica Lt UAB on isikuandmete vastutav t\u00f6\u00f6tleja, Amica Lt UAB edastab maksete teostamiseks vajalikud isikuandmed volitatud t\u00f6\u00f6tlejale <strong>Maksekeskus AS-ile<\/strong> ning makseid vahendab <strong>Maksekeskus AS<\/strong>.<\/p>\n\n\n\n<p><strong>Migle.lt e-poel (Amica Lt UAB) puudub ligip\u00e4\u00e4s Kliendi pangaandmetele ja krediitkaardi andmetele.<\/strong><\/p>\n\n\n\n<p><\/p>\n\n\n\n<h2 class=\"wp-block-heading\">Arvega<\/h2>\n\n\n\n<p>Maksta saab panga\u00fclekandega arvelduskontole <strong>LT70 7044 0901 0246 5223<\/strong> (AB SEB bankas, seb.lt) , Amica LT UAB. <\/p>\n\n\n\n<p>Arve tasumisel palun sisestage tellimuse\/arve number.<\/p>\n\n\n\n<p><\/p>\n\n\n\n<figure class=\"wp-block-image size-full is-resized\"><img loading=\"lazy\" decoding=\"async\" src=\"https:\/\/migle.dev.unionfintech.com\/wp-content\/uploads\/2023\/01\/1_Paysera-logo-for-light-background-1.png\" alt=\"\" class=\"wp-image-40308\" width=\"202\" height=\"47\"\/><figcaption class=\"wp-element-caption\">Paysera makses\u00fcsteem<\/figcaption><\/figure>\n\n\n\n<p>Paysera on Leedus loodud rahvusvaheline makses\u00fcsteem, mis on v\u00e4ga mugav, kiire, usaldusv\u00e4\u00e4rne ning turvaline. Rohkem infot&nbsp;<a href=\"https:\/\/www.paysera.com\/\" target=\"_blank\" rel=\"noopener\">www.paysera.com<\/a>.<\/p>\n\n\n\n<p>Paysera teeb koost\u00f6\u00f6d erinevate Baltikumis tegutsevate pankadega. See v\u00f5imaldab kliendil sooritada ost ja tasuda selle eest just selle panga kaudu, mis on kliendile mugavam.<\/p>\n\n\n\n<p>Peale tellimuse vormistamist suunatakse klient makse sooritamiseks Paysera&nbsp;turvalisse keskkonda.&nbsp;Paysera maksekeskkonnas on v\u00f5imalik tasuda nii <strong>Swedbank, Luminor|Nordea, LHV pank, Coop Pank&nbsp;pangalingi kaudu, aga ka Paysera- ja&nbsp;WebMoney <\/strong>kasutajakonto kaudu.&nbsp; <\/p>\n\n\n\n<p>Makse saaja on&nbsp;EVP INTERNATIONAL UAB&nbsp;ehk&nbsp;PAYSERA. Payserast tuleb \u00fclekanne Amica LT UAB (migle.lt) nimele ja kontole.<\/p>\n\n\n\n<p><\/p>\n\n\n<style>.kt-svg-icons_3f540e-14 .kt-svg-item-0 .kb-svg-icon-wrap{color:#444444;font-size:24px;}.wp-block-kadence-icon.kt-svg-icons_3f540e-14{justify-content:flex-start;}<\/style>\n<div class=\"wp-block-kadence-icon kt-svg-icons kt-svg-icons_3f540e-14 alignnone\" style=\"text-align:left\"><div class=\"kt-svg-style-default kt-svg-icon-wrap kt-svg-item-0\"><div style=\"display:inline-flex;justify-content:center;align-items:center;color:#444444\" class=\"kt-svg-icon kt-svg-icon-fe_mail\"><svg style=\"display:inline-block;vertical-align:middle\" viewBox=\"0 0 24 24\" height=\"24\" width=\"24\" fill=\"none\" stroke=\"currentColor\" xmlns=\"http:\/\/www.w3.org\/2000\/svg\" stroke-width=\"2\" stroke-linecap=\"round\" stroke-linejoin=\"round\" aria-hidden=\"true\"><path d=\"M4 4h16c1.1 0 2 .9 2 2v12c0 1.1-.9 2-2 2H4c-1.1 0-2-.9-2-2V6c0-1.1.9-2 2-2z\"><\/path><polyline points=\"22,6 12,13 2,6\"><\/polyline><\/svg><\/div><\/div><\/div>\n\n\n\n<p><strong>Palun valige sobivaim maksesooritamisviis ja k\u00fcsimuste korral kirjutage meile e-postile <a href=\"mailto:info@migle.lt\" target=\"_blank\" rel=\"noreferrer noopener\">info@migle.lt<\/a>. <\/strong><\/p>\n\n\n\n<p>Aitame Teid meeleldi! <\/p>\n\n\n\n<p><em>Maksmine toimub eurodes. K\u00f5ik hinnad on n\u00e4idatud eurodes ja sisaldavad Leedu Vabariigis kehtivat k\u00e4ibemaksu (21%).<\/em><\/p>\n","protected":false},"excerpt":{"rendered":"<p>Maksemeetodid Ostja saab kaupade eest tasuda \u00fchel j\u00e4rgmistest viisidest: Tellimuste eest saab tasuda Visa, MasterCard ja Maestro deebet- ja krediitkaartidega, Eesti pangalinkidega (Swedbank, SEB, Nordea, Danske Bank, Krediidipank, LHV pank, Coop pank, Poco pay). Makse teostamine toimub v\u00e4ljaspool Migle.lt e-poe keskkonda Maksekeskuse AS teenusepakkuja poolt turvalises maksekeskkonnas. Amica Lt UAB on isikuandmete vastutav t\u00f6\u00f6tleja, Amica&hellip;<\/p>\n","protected":false},"author":2,"featured_media":0,"parent":0,"menu_order":0,"comment_status":"closed","ping_status":"closed","template":"","meta":{"inline_featured_image":false,"footnotes":""},"class_list":["post-40292","page","type-page","status-publish","hentry"],"_links":{"self":[{"href":"https:\/\/migle.dev.unionfintech.com\/et\/wp-json\/wp\/v2\/pages\/40292","targetHints":{"allow":["GET"]}}],"collection":[{"href":"https:\/\/migle.dev.unionfintech.com\/et\/wp-json\/wp\/v2\/pages"}],"about":[{"href":"https:\/\/migle.dev.unionfintech.com\/et\/wp-json\/wp\/v2\/types\/page"}],"author":[{"embeddable":true,"href":"https:\/\/migle.dev.unionfintech.com\/et\/wp-json\/wp\/v2\/users\/2"}],"replies":[{"embeddable":true,"href":"https:\/\/migle.dev.unionfintech.com\/et\/wp-json\/wp\/v2\/comments?post=40292"}],"version-history":[{"count":12,"href":"https:\/\/migle.dev.unionfintech.com\/et\/wp-json\/wp\/v2\/pages\/40292\/revisions"}],"predecessor-version":[{"id":41677,"href":"https:\/\/migle.dev.unionfintech.com\/et\/wp-json\/wp\/v2\/pages\/40292\/revisions\/41677"}],"wp:attachment":[{"href":"https:\/\/migle.dev.unionfintech.com\/et\/wp-json\/wp\/v2\/media?parent=40292"}],"curies":[{"name":"wp","href":"https:\/\/api.w.org\/{rel}","templated":true}]}}