{"id":40334,"date":"2023-01-17T16:37:22","date_gmt":"2023-01-17T14:37:22","guid":{"rendered":"https:\/\/migle.dev.unionfintech.com\/?page_id=40334"},"modified":"2023-03-01T15:09:03","modified_gmt":"2023-03-01T13:09:03","slug":"muugitingimused","status":"publish","type":"page","link":"https:\/\/migle.dev.unionfintech.com\/et\/muugitingimused\/","title":{"rendered":"M\u00fc\u00fcgitingimused"},"content":{"rendered":"\n<h2 class=\"wp-block-heading\">M\u00fc\u00fcgitingimused<\/h2>\n\n\n\n<h2 class=\"wp-block-heading\">\u00dcldist<\/h2>\n\n\n\n<p>K\u00e4esolevad m\u00fc\u00fcgitingimused kehtivad Migle internetipoes (migle.lt), mida k\u00e4itab Amica LT UAB (reg. 302341761).<\/p>\n\n\n\n<p>M\u00fc\u00fcgitingimused kehtivad k\u00f5igi isikute suhtes (edaspidi Klient), kes ostavad e-poest aadressil www.migle.lt (edaspidi M\u00fc\u00fcja) ning s\u00f5lmivad e-poest kauba ostmiseks ostu-m\u00fc\u00fcgilepingu. E-poes tellimust sooritades ja kauba eest tasudes kinnitab klient, et on tutvunud m\u00fc\u00fcgitingimustega ning annab neile oma n\u00f5usoleku. M\u00fc\u00fcjal on \u00f5igus \u00fchepoolselt tingimusi muuta ja t\u00e4iendada, muudatusi kajastatakse M\u00fc\u00fcja veebilehel. Tingimustele lisaks kehtivad M\u00fc\u00fcja&nbsp;e-poes Leedu Vabariigis kehtivad seadused.<\/p>\n\n\n\n<p>M\u00fc\u00fcja ei garanteeri internetipoe katkematut ega vigadeta toimimist ning teeninduses v\u00f5ib n\u00e4iteks seadmete teenindamise ja hooldamise t\u00f5ttu esineda katkestusi. M\u00fc\u00fcja ei vastuta internetipoe kasutamisest tingitud mistahes kahju eest, v\u00e4lja arvatud juhul, kui kehtiv seadusandlus s\u00e4testab teisiti.&nbsp;<\/p>\n\n\n\n<p>Internetipoes tellimuse esitamiseks tuleb t\u00e4ita internetipoe kasutustingimusi ning nendes s\u00e4testatud n\u00f5udeid ja esitada enda kohta t\u00e4ielikud ja t\u00f5esed andmed. Kui Kliendi mistahes isikuandmed on valed, tuleb need koheselt parandada. M\u00fc\u00fcja ei vastuta, kui Klient ei saa valede andmete t\u00f5ttu tellimust v\u00f5i tellimuse- v\u00f5i tarnekinnitus v\u00f5i muid dokumente k\u00e4tte.&nbsp;<\/p>\n\n\n\n<h2 class=\"wp-block-heading\">Hinnad<\/h2>\n\n\n\n<p>K\u00f5ik M\u00fc\u00fcja veebipoes esitatud hinnad on eurodes ja sisaldavad 21% k\u00e4ibemaksu. M\u00fc\u00fcjal on \u00f5igus veebipoes kuvatavaid hindasid igal ajal muuta. Juhul, kui Klient on tellimuse esitanud enne hindade muutmist, kehtib talle tellimuse vormistamise hetkel kehtinud hind. Kliendil puudub \u00f5igus n\u00f5uda hinnavahe kompenseerimist.<\/p>\n\n\n\n<h2 class=\"wp-block-heading\">Tellimuse vormistamine<\/h2>\n\n\n\n<p>Tellimuse sooritamiseks valib Klient v\u00e4lja sobiva kauba ning lisab selle ostukorvi. Toote lisamisel ostukorvi valib Klient endale sobiva v\u00e4rvi ning suuruse. Tellimuse kinnitamiseks tuleb t\u00e4ita n\u00f5utud andmev\u00e4ljad ja valida sobiv tellimuse kohaletoimetamise viis. <\/p>\n\n\n\n<p><\/p>\n\n\n\n<p>Tellimuste eest saab turvaliselt tasuda Eesti pangalinkide abil (Swedbank, SEB Pank, Nordea Pank ja Danske Bank), krediitkaardiga (Visa ja MasterCard) ja panga\u00fclekandega M\u00fc\u00fcja arvelduskontole <strong> <a href=\"https:\/\/migle.dev.unionfintech.com\/et\/maksemeetodid\/\">\u2192<\/a><\/strong><a href=\"https:\/\/migle.dev.unionfintech.com\/et\/maksemeetodid\/\">&nbsp;<strong>Maksemeetodid<\/strong><\/a><\/p>\n\n\n\n<p>Woocommerce e-kaubanduse platvorm kasutab tehtud krediit- ning deebetkaardi tehingute t\u00f6\u00f6tlemiseks turvalist veebimaksete vahendajaid &#8220;Maksekeskus AS&#8221; ja &#8220;Paysera LT UAB&#8221;, mis kr\u00fcpteerivad kaardi andmed turvalises keskkonnas.<\/p>\n\n\n\n<p>Amica Lt UAB on isikuandmete vastutav t\u00f6\u00f6tleja, Amica Lt UAB edastab maksete teostamiseks vajalikud isikuandmed volitatud t\u00f6\u00f6tlejatele:<\/p>\n\n\n\n<ul class=\"wp-block-list\">\n<li><strong>Maksekeskus AS-ile<\/strong><\/li>\n\n\n\n<li><strong>Paysera Lt UAB-ile<\/strong><\/li>\n<\/ul>\n\n\n\n<p>Makseid vahendavad:<\/p>\n\n\n\n<ul class=\"wp-block-list\">\n<li><strong>Maksekeskus AS<\/strong><\/li>\n\n\n\n<li><strong>Paysera Lt UAB<\/strong>.<\/li>\n<\/ul>\n\n\n\n<p><strong>M\u00fc\u00fcjal puudub ligip\u00e4\u00e4s Kliendi pangaandmetele ja krediitkaardi andmetele. <\/strong><\/p>\n\n\n\n<p>Ostu- ja m\u00fc\u00fcgileping loetakse s\u00f5lmituks ning tellimuse t\u00e4itmist alustatakse, kui Klient on tasunud kauba eest t\u00e4ies ulatuses.<\/p>\n\n\n\n<h2 class=\"wp-block-heading\">\u00d5igus tellimusest keelduda<\/h2>\n\n\n\n<p>Kui tellitud toode ei ole saadaval, v\u00f5tab M\u00fc\u00fcja Kliendiga \u00fchendust. Vajadusel on M\u00fc\u00fcjal \u00f5igus tellimus t\u00fchistada. Kui toode ei ole saadaval, M\u00fc\u00fcja teavitab Klienti sellest e-posti teel. Kliendile tagastatakse saadaval mitteoleva toote eest makstud summa vastavalt tellimuses kasutatud maksemeetodile.&nbsp;<\/p>\n\n\n\n<p>Kui n\u00f5udlus konkreetse toote j\u00e4rele \u00fcletab saadavalolevate toodete kogust, on M\u00fc\u00fcjal \u00f5igus tellitavat kogust piirata, et seda saaksid internetipoest osta v\u00f5imalikult paljud tootest huvitatud isikud. Kui Kliendi poolt tellitud kogust ei saa sellisel p\u00f5hjusel tarnida, v\u00f5tab M\u00fc\u00fcja teiega \u00fchendust. <\/p>\n\n\n\n<p><strong>NB! Internetipoe ostukorvi pandud tooted ei ole enne tellimuse eest tasumist broneeritud.&nbsp;<\/strong><\/p>\n\n\n\n<h2 class=\"wp-block-heading\">Tarnetingimused<\/h2>\n\n\n\n<p>Ostu- ja m\u00fc\u00fcgilepingu j\u00f5ustumisel t\u00e4idetakse tellimus M\u00fc\u00fcja poolt ning kaup pannakse teele hiljemalt ostule j\u00e4rgneval t\u00f6\u00f6p\u00e4eval, v.a. p\u00fchadel ja n\u00e4dalavahetustel. M\u00fc\u00fcja veebilehel v\u00e4lja toodud tarneajad j\u00f5ustuvad alates arve tasumise hetkest. Tellimus edastatakse Kliendi poolt m\u00e4rgitud sihtkohta ning Klient vastutab andmete \u00f5igsuse eest. <\/p>\n\n\n\n<p>Kui Kliendi tellitud kaupa pole v\u00f5imalik lepingus etten\u00e4htud ajal v\u00f5i viisil tarnida antakse sellest Kliendile esimesel v\u00f5imalusel teada ning pakutakse sobivat alternatiivlahendust v\u00f5i tagastatakse ostusumma 14 t\u00f6\u00f6p\u00e4eva jooksul.<\/p>\n\n\n\n<p>Orienteeruvad kohalej\u00f5udmise ajad on:<br>1 &#8211; 3 t\u00f6\u00f6p\u00e4eva (soodusm\u00fc\u00fckide ajal kuni 10 t\u00f6\u00f6p\u00e4eva). Tellimuse kohalej\u00f5udmine s\u00f5ltub postiteenistustest.<\/p>\n\n\n\n<h2 class=\"wp-block-heading\">Taganemis\u00f5igus<\/h2>\n\n\n\n<p>Kliendil on \u00f5igus tehingust 14 p\u00e4eva jooksul taganeda ja tellitud Toode \u00fcmber vahetada v\u00f5i tagastada.<\/p>\n\n\n\n<p>M\u00fc\u00fcja tagastab Kliendile ostusumma 7 p\u00e4eva jooksul arvates Toote \u00f5igeaegsest saabumisest e-poodi. Tagastus toimub samale arvelduskontole, millelt Klient tegi tagastatava tellimuse makse.<\/p>\n\n\n\n<p>Tagastatav Toode ei v\u00f5i olla kahjustunud v\u00f5i kandmisj\u00e4lgedega, Toode peab olema originaalpakendis ja Toote k\u00fcljes peavad olema k\u00f5ik originaaletiketid.<\/p>\n\n\n\n<p>Klient on kohustatud avama Toote pakendi alati ettevaatlikult, seda kahjustamata. Kui pakendit ei ole v\u00f5imalik avada seda rikkumata, ei ole Toote tagastamine originaalpakendis n\u00f5utav.<\/p>\n\n\n\n<p><strong>NB! Allahinnatud tooted ei kuulu tagastamisele<\/strong>!<\/p>\n\n\n\n<p>Kauba tagastamiseks tuleb alates k\u00e4ttesaamisest 14 p\u00e4eva jooksul esitada vabas vormis tagastamisavaldus e-posti aadressil <a href=\"mailito:\" data-type=\"URL\" data-id=\"mailito:\">info@migle.lt <\/a>Tagastamisavaldus peab sisaldama Kliendi nime ja tellimuse numbrit. <a href=\"https:\/\/migle.dev.unionfintech.com\/et\/maksemeetodid\/\"><strong>\u2192&nbsp;<\/strong><\/a><a href=\"https:\/\/migle.dev.unionfintech.com\/et\/kohaletoimetamine-ja-tagastamine\/\" data-type=\"page\" data-id=\"40248\"><strong>Kohaletoimetamine ja tagastamine<\/strong><\/a><\/p>\n\n\n\n<h2 class=\"wp-block-heading\">Garantii<\/h2>\n\n\n\n<p>Kui Kliendile saadetud&nbsp;toode&nbsp;on praak v\u00f5i vale toode, p\u00fc\u00fcab M\u00fc\u00fcja selle uue v\u00f5i \u00f5ige toote vastu vahetada, kui toode on veel saadaval. Vastasel juhul tehing t\u00fchistatakse ja kliendi poolt tasutud toote maksumus makstakse tagasi.&nbsp;<\/p>\n\n\n\n<p>Kliendil on \u00f5igus puuduse ilmnemisel p\u00f6\u00f6rduda hiljemalt kahe kuu jooksul M\u00fc\u00fcja poole saates e-kirja aadressil <a href=\"mailto:info@migle.lt\">info@migle.lt<\/a>. <\/p>\n\n\n\n<p>Kirjas tuleb esitada Kliendi nimi, kontaktandmed ja toote puudus. M\u00fc\u00fcja ei vastuta puuduste eest, mis on tekkinud p\u00e4rast kauba \u00fcleandmist Kliendile. <\/p>\n\n\n\n<h2 class=\"wp-block-heading\">Muud tingimused<\/h2>\n\n\n\n<p>K\u00e4esolevatele lepingutingimustele ja lepingut puudutavatele vaidlustele Kliendi ja M\u00fc\u00fcja vahel kohaldatakse Leedu \u00f5igust.<\/p>\n\n\n\n<h2 class=\"wp-block-heading\">Vaidlused<\/h2>\n\n\n\n<p>M\u00fc\u00fcja vastutab toodetes esinevate vigade eest vastavalt Leedu \u00f5igusele.&nbsp;<\/p>\n\n\n\n<h2 class=\"wp-block-heading\">Ilmselged hinnavead<\/h2>\n\n\n\n<p>M\u00fc\u00fcja s\u00e4ilitab \u00f5iguse tellimus t\u00fchistada, kui selles on ilmselge ja oluline hinnaviga. See viitab tootele, millele on internetipoes potentsiaalselt m\u00e4rgitud vale hind, kui hind on toote tavahinnast ilmselgelt ja oluliselt erinev ja juhul, kui v\u00f5ib pidada ilmseks, et tavaklient m\u00f5istab, et tegemist on hinnaveaga. Ilmselged hinnavead on n\u00e4iteks tootehind 0,00 eurot, puuduv tootehind v\u00f5i sadu eurosid v\u00e4\u00e4rt toode, mida m\u00fc\u00fcakse nii madala hinnaga, mida v\u00f5ib \u00fcldiselt ekslikuks pidada.&nbsp;<\/p>\n","protected":false},"excerpt":{"rendered":"<p>M\u00fc\u00fcgitingimused \u00dcldist K\u00e4esolevad m\u00fc\u00fcgitingimused kehtivad Migle internetipoes (migle.lt), mida k\u00e4itab Amica LT UAB (reg. 302341761). M\u00fc\u00fcgitingimused kehtivad k\u00f5igi isikute suhtes (edaspidi Klient), kes ostavad e-poest aadressil www.migle.lt (edaspidi M\u00fc\u00fcja) ning s\u00f5lmivad e-poest kauba ostmiseks ostu-m\u00fc\u00fcgilepingu. E-poes tellimust sooritades ja kauba eest tasudes kinnitab klient, et on tutvunud m\u00fc\u00fcgitingimustega ning annab neile oma n\u00f5usoleku. M\u00fc\u00fcjal on&hellip;<\/p>\n","protected":false},"author":2,"featured_media":0,"parent":0,"menu_order":0,"comment_status":"closed","ping_status":"closed","template":"","meta":{"inline_featured_image":false,"footnotes":""},"class_list":["post-40334","page","type-page","status-publish","hentry"],"_links":{"self":[{"href":"https:\/\/migle.dev.unionfintech.com\/et\/wp-json\/wp\/v2\/pages\/40334","targetHints":{"allow":["GET"]}}],"collection":[{"href":"https:\/\/migle.dev.unionfintech.com\/et\/wp-json\/wp\/v2\/pages"}],"about":[{"href":"https:\/\/migle.dev.unionfintech.com\/et\/wp-json\/wp\/v2\/types\/page"}],"author":[{"embeddable":true,"href":"https:\/\/migle.dev.unionfintech.com\/et\/wp-json\/wp\/v2\/users\/2"}],"replies":[{"embeddable":true,"href":"https:\/\/migle.dev.unionfintech.com\/et\/wp-json\/wp\/v2\/comments?post=40334"}],"version-history":[{"count":7,"href":"https:\/\/migle.dev.unionfintech.com\/et\/wp-json\/wp\/v2\/pages\/40334\/revisions"}],"predecessor-version":[{"id":41675,"href":"https:\/\/migle.dev.unionfintech.com\/et\/wp-json\/wp\/v2\/pages\/40334\/revisions\/41675"}],"wp:attachment":[{"href":"https:\/\/migle.dev.unionfintech.com\/et\/wp-json\/wp\/v2\/media?parent=40334"}],"curies":[{"name":"wp","href":"https:\/\/api.w.org\/{rel}","templated":true}]}}