{"id":41717,"date":"2023-03-02T12:11:48","date_gmt":"2023-03-02T10:11:48","guid":{"rendered":"https:\/\/migle.dev.unionfintech.com\/privaatsuspoliitika\/"},"modified":"2023-03-02T14:27:16","modified_gmt":"2023-03-02T12:27:16","slug":"privaatsuspoliitika","status":"publish","type":"page","link":"https:\/\/migle.dev.unionfintech.com\/et\/privaatsuspoliitika\/","title":{"rendered":"Privaatsuspoliitika"},"content":{"rendered":"\n<h2 class=\"wp-block-heading\">Privaatsuspoliitika<\/h2>\n\n<p>Andmete vastutav t\u00f6\u00f6tleja: Amica LT UAB, juriidilise isiku registrikood: 302341761, aadress &#8211; Liepyno 2-42, Vilnius, Leedu, e- post: <a href=\"mailto:info@migle.lt\">info@migle.lt<\/a><\/p>\n\n<p>Andmete t\u00f6\u00f6tlemise p\u00f5hieesm\u00e4rgid (\u00fcksikasjalikud eesm\u00e4rgid ja andmete t\u00f6\u00f6tlemise alused on p\u00f5hjalikumalt s\u00e4testatud allolevas isikuandmete t\u00f6\u00f6tlemise poliitika osas):<\/p>\n\n<ul class=\"wp-block-list\">\n<li>veebilehe sujuva t\u00f6\u00f6 tagamine;<\/li>\n\n\n\n<li>statistiliste andmete kogumine ja t\u00f6\u00f6tlemine, veebilehe vaatajate voogude tuvastamine ja anal\u00fc\u00fcsimine;<\/li>\n\n\n\n<li>kliendi registreerimine;<\/li>\n\n\n\n<li>lepingu s\u00f5lmimine ja t\u00e4itmine;<\/li>\n\n\n\n<li>teenuseosutaja klienditeeninduse kvaliteedi parandamine ja kontrollimine, uute t\u00f6\u00f6tajate koolitamine;<\/li>\n\n\n\n<li>otseturundus;<\/li>\n\n\n\n<li>oluline kommunikatsioon ja p\u00e4ringute haldamine.<\/li>\n<\/ul>\n\n<p>Teie \u00f5igused: Igal andmesubjektil, kelle andmeid t\u00f6\u00f6deldakse ettev\u00f5tte tegevuse k\u00e4igus, on s\u00f5ltuvalt asjaoludest j\u00e4rgmised \u00f5igused: teada (saada teavet), et tema andmeid t\u00f6\u00f6deldakse; tutvuda oma andmetega ja sellega, kuidas neid t\u00f6\u00f6deldakse; n\u00f5uda andmete parandamist v\u00f5i, arvestades isikuandmete t\u00f6\u00f6tlemise eesm\u00e4rke, t\u00e4iendada isiku mittet\u00e4ielikke isikuandmeid; \u00f5igus h\u00e4vitada oma andmed v\u00f5i \u00f5igus peatada oma andmete t\u00f6\u00f6tlemise toimingud (v\u00e4lja arvatud s\u00e4ilitamine); \u00f5igus n\u00f5uda, et isikuandmete vastutav t\u00f6\u00f6tleja piiraks isikuandmete t\u00f6\u00f6tlemist, kui esineb v\u00e4hemalt \u00fcks \u00f5igustatud p\u00f5hjus; \u00f5igus n\u00f5uda meile esitatud andmete \u00fcmber t\u00f5stmist; suvalisel ajal mitte n\u00f5ustuda oma isikuandmete t\u00f6\u00f6tlemisega, kui niisugust andmete t\u00f6\u00f6tlemist tehakse meie v\u00f5i kolmanda isiku \u00f5igustatud huvides ning kui isikuandmeid t\u00f6\u00f6deldakse otseturunduse eesm\u00e4rgil, sealhulgas ka profileerimine; t\u00fchistada antud isikuandmete t\u00f6\u00f6tlemise n\u00f5usolek, kui isikuandmeid t\u00f6\u00f6deldakse n\u00f5usoleku alusel; esitada kaebus riiklikule andmekaitseinspektsioonile. Oma \u00f5igusi saate ellu viia, kui kirjutate meile e-posti aadressile <a href=\"mailto:info@migle.lt\">info@migle.lt<\/a><\/p>\n\n<p>Lisateavet selle kohta, kuidas me teie isikuandmeid t\u00f6\u00f6tleme, leiate privaatsuspoliitika t\u00e4isversioonist.<\/p>\n\n<h2 class=\"wp-block-heading\">PRIVAATSUSPOLIITIKA T\u00c4ISVERSIOON<\/h2>\n\n<p>Andmete vastutav t\u00f6\u00f6tleja<\/p>\n\n<p>Me hoolime iga kasutaja privaatsusest ja tema isikuandmete kaitsest. Seet\u00f5ttu teavitame teid siinse privaatsuspoliitikaga (edaspidi: privaatsuspoliitika) sellest, milliseid andmed me kogume, kui vaatate meie veebilehte www.migle.lt (edaspidi: veebileht), kui kandideerite vabadele t\u00f6\u00f6kohtadele v\u00f5i suhtlete meiega muul moel.<\/p>\n\n<p>Millistel eesm\u00e4rkidel t\u00f6\u00f6tleme teie isikuandmeid? Andmete t\u00f6\u00f6tlemise eesm\u00e4rgid, juriidilised alused ja s\u00e4ilitamise t\u00e4htajad<\/p>\n\n<p>Kui vaatate veebilehte, v\u00f5tate meiega \u00fchendust e-posti v\u00f5i telefoni teel.<\/p>\n\n<ul class=\"wp-block-list\">\n<li>Kliendi registreerimine \u2013 meie veebilehel saavad osta nii registreerunud ja oma konto loonud kui ka registreerumata kliendid. T\u00f6\u00f6tleme konto loomiseks ja haldamiseks vajalikke andmeid oma \u00f5igustatud huvi \u00f5iguslikul alusel ehk \u00f5ppimaks tundma oma klienti ja loomaks p\u00fcsiklientide ringi. Teil on \u00f5igus esitada vastuv\u00e4iteid sellise isikuandmete t\u00f6\u00f6tlemise suhtes, v\u00f5ttes arvesse oma \u00fclekaalukat huvi v\u00f5i \u00f5igusi. Registreerumata ostjatel palume esitada andmed, mis on vajalikud tellimuse ja lepingu t\u00e4itmiseks, ning t\u00f6\u00f6tleme neid andmeid lepingu t\u00e4itmise \u00f5iguslikul alusel. Konto andmeid s\u00e4ilitatakse 5 (viis) aastat alates isiku viimastest aktiivsetest toimingutest veebilehel (sisselogimine, registreerumine ja\/v\u00f5i muud aktiivsed toimingud). Ostuandmeid s\u00e4ilitatakse v\u00e4hemalt viis aastat.<\/li>\n\n\n\n<li>Lepingu s\u00f5lmimine ja t\u00e4itmine \u2013 sel eesm\u00e4rgil t\u00f6\u00f6deldakse isikuandmeid seoses vajadusega s\u00f5lmida ja t\u00e4ita teiega s\u00f5lmitud lepingut ning neid andmeid s\u00e4ilitatakse mitte \u00fcle 10 (k\u00fcmne) aasta teie viimasest ostust meie veebilehel, v\u00e4lja arvatud juhul, kui seaduses on s\u00e4testatud teisiti. Sel eesm\u00e4rgil olete kohustatud esitama meile andmeid, muidu ei saa me pakkuda teile v\u00f5imalust teha sisseoste veebilehel.<\/li>\n\n\n\n<li>Kinkekaardi loomine ja saatmine \u2013 meie veebilehel saab osta kinkekaardi ja saata selle otse saajale. Sellisel juhul t\u00f6\u00f6tleme saaja andmeid \u00f5igustatud huvi alusel selleks, et pakkuda parimat v\u00f5imalikku klienditeenindust ja mugavat v\u00f5imalust kinkekaartide saatmiseks. Kinkekaardi saaja andmeid s\u00e4ilitame kuus kuud alates t\u0161eki v\u00e4ljasaatmise kuup\u00e4evast.<\/li>\n\n\n\n<li>Otseturundus \u2013 otseturunduse eesm\u00e4rgil t\u00f6\u00f6tleb teenusepakkuja olemasolevate klientide isikuandmeid \u00f5igustatud huvi alusel selleks, et teavitada oma muudest sarnastest kaupadest ja teenustest. Andmeid t\u00f6\u00f6deldakse sel eesm\u00e4rgil kolm aastat teie viimasest ostust veebilehel. Potentsiaalsete klientide andmeid t\u00f6\u00f6deldakse sel eesm\u00e4rgil vaid nende n\u00f5usolekul. N\u00f5usoleku v\u00f5ite anda, kui tellite meie veebilehel uudiskirja v\u00f5i t\u00e4idate ankeedi f\u00fc\u00fcsilistes m\u00fc\u00fcgikohtades. Andmeid s\u00e4ilitatakse nii kaua, kuni te oma n\u00f5usoleku t\u00fchistate. Anname teada, et teil on \u00f5igus negatiivsete tagaj\u00e4rgedeta esitada vastuv\u00e4iteid \/ mitte n\u00f5ustuda sellise isikuandmete t\u00f6\u00f6tlemisega. <strong>Oma n\u00f5usoleku saate igal ajal tagasi v\u00f5tta, teatades sellest meile e- posti aadressil <a href=\"mailto:info@migle.lt\">info@migle.lt<\/a> ja\/v\u00f5i kl\u00f5psates teile juba saadetud pakkumisteates olevale lingile UNSUBSCRIBE.<\/strong><\/li>\n\n\n\n<li>Oluline kommunikatsioon ja p\u00e4ringute haldamine. P\u00fc\u00fcame v\u00f5imalikult kiiresti teavitada eri muudatustest ja reageerida teie kaebustele, taotlustele, j\u00e4relep\u00e4rimistele jms; sel p\u00f5hjusel t\u00f6\u00f6tleme teie isikuandmeid ulatuses, mis on vajalik selle eesm\u00e4rgi saavutamiseks. Andmeid t\u00f6\u00f6deldakse vastutava t\u00f6\u00f6tleja \u00f5igustatud huvi alusel, st eesm\u00e4rk on pakkuda kvaliteetset klienditeenindust ja hallata kaebusi. Andmeid s\u00e4ilitatakse toote garantiiaja l\u00f5puni ja vaidluse korral kuni sellele l\u00f5pplahenduse saavutamiseni.<\/li>\n\n\n\n<li>Veebilehe t\u00f5rgeteta toimimise tagamine \u2013 sel eesm\u00e4rgil t\u00f6\u00f6tleme teie isikuandmeid, omades \u00f5igustatud huvi j\u00e4lgida oma osutatavate teenuste kvaliteeti, luua ja parendada oma osutatavat sisu ning tagada veebilehe turvalisus. Andmeid t\u00f6\u00f6tleme meie \u00f5igustatud huvi alusel selleks, et tagada veebilehe toimimine ja mugav ostlemine. Sellel eesm\u00e4rgil kasutatakse tehnilisi k\u00fcpsiseid. Andmeid s\u00e4ilitatakse veebilehe kasutuse ajal v\u00f5i maksimaalselt mitu aastat (olenevalt kasutatavast k\u00fcpsisest). Teil on \u00f5igus sellise t\u00f6\u00f6tlemisega mitte n\u00f5ustuda ja seadistada oma brauser nii, et see ei saaks tehnilisi k\u00fcpsiseid salvestada. Muidu salvestatakse tehnilised k\u00fcpsised automaatselt teie l\u00f5ppseadmesse veebilehe kasutuse alguses.<\/li>\n\n\n\n<li>Statistiliste andmete kogumine ja t\u00f6\u00f6tlemine, veebilehe vaatajate voogude tuvastamine ja anal\u00fc\u00fcsimine, et kohandada esitatavat teavet \u2013 sel eesm\u00e4rgil t\u00f6\u00f6tleme teie isikuandmeid, omades \u00f5igustatud huvi j\u00e4lgida oma osutatavate teenuste kvaliteeti, luua ja parendada oma osutatavat sisu ning tagada veebilehe turvalisus. Isikuandmeid t\u00f6\u00f6tleme teie n\u00f5usoleku alusel. Andmeid kogutakse mittetehniliste k\u00fcpsiste ja teiste niisuguste tehnoloogiate abil. Andmeid s\u00e4ilitatakse veebilehe kasutuse ajal v\u00f5i maksimaalselt mitu aastat (olenevalt kasutatavast k\u00fcpsisest). Teil on \u00f5igus sellise andmete t\u00f6\u00f6tlemisega mitte n\u00f5ustuda ja vaadata meie veebilehte anon\u00fc\u00fcmsena.<\/li>\n<\/ul>\n\n<h2 class=\"wp-block-heading\">Kuidas me kogume teavet teie kohta?<\/h2>\n\n<p>Teie isikuandmeid, st igasugust teavet teie kohta, mis lubab meil teid \u00e4ra tunda, saadakse eri viisil:<\/p>\n\n<ul class=\"wp-block-list\">\n<li>v\u00f5ite teavet esitada ise (n\u00e4iteks t\u00e4ites registreerimisvormi, helistades meile, tellides uudiskirja v\u00f5i v\u00f5ttes meiega muul moel \u00fchendust);<\/li>\n\n\n\n<li>teavet v\u00f5idakse teie kohta koguda ka automaatselt (kui te vaatate meie veebilehte, nt k\u00fcpsiste ja muude sarnaste tehnoloogiate abil);<\/li>\n\n\n\n<li>teatud juhtudel saame teie kohta teavet kolmandatelt isikutelt (nt teie l\u00e4hedastelt, kes ostavad meie kinkekaardi ja esitavad teie andmed) ning v\u00f5ime koguda teavet teie kohta ka avalikult ligip\u00e4\u00e4setavatest allikatest (n\u00e4iteks krediidi- ja teistest finantsasutustest, meie partneritelt, kes osutavad teile v\u00f5i meile teenuseid).<\/li>\n<\/ul>\n\n<h2 class=\"wp-block-heading\">Andmete saajad<\/h2>\n\n<p>V\u00f5ime avaldada teavet teie kohta oma vahendajatele, tarnijatele v\u00f5i allt\u00f6\u00f6v\u00f5tjatele, kui see on vajalik meie kohustuste t\u00e4itmiseks, n\u00e4iteks kauba ostmisega seotud finantstoiminguid v\u00f5ivad veebilehel korraldada meie makseteenuse pakkujad (Amica Lt on isikuandmete vastutav t\u00f6\u00f6tleja, Amica Lt edastab maksete teostamiseks vajalikud isikuandmed volitatud t\u00f6\u00f6tleja Maksekeskus AS-ile), me v\u00f5ime edastada teie isikuandmed teistele spetsiifiliste teenuste pakkujatele, n\u00e4iteks veebimajutusteenuse, kulleriteenuste, serverite ja nende tehnilise hoolduse teenuste, e- posti teenuste pakkujatele jne. Teenuste pakkujad on asutatud Leedus, L\u00e4tis v\u00f5i Eestis. Kui soovite saada t\u00e4pse saajate nimekirja, p\u00f6\u00f6rduge otse meie poole.<\/p>\n\n<p>Lisaks saame avaldada teie teavet:<\/p>\n\n<ul class=\"wp-block-list\">\n<li>kui see on kohustuslik \u00f5igusaktide alusel (nt maksuametile, eeluurimisametnikele, teistele j\u00e4relevalveasutustele);<\/li>\n\n\n\n<li>oma \u00f5iguste v\u00f5i huvide kaitseks (sh teie andmete esitamine kolmandatele isikutele, n\u00e4iteks juristidele, inkassoettev\u00f5tetele, kohtut\u00e4ituritele);<\/li>\n<\/ul>\n\n<h2 class=\"wp-block-heading\">Teie isikuandmete turvalisus<\/h2>\n\n<p>Teie isikuandmeid t\u00f6\u00f6tleme, j\u00e4rgides isikuandmete kaitse \u00fcldm\u00e4\u00e4rust, Leedu Vabariigi isikuandmete \u00f5iguskaitse seadust ning teisi \u00f5igusakte. T\u00f6\u00f6deldes teie isikuandmeid, viime ellu n\u00f5uetekohased organisatsioonilised ja tehnilised meetmed, mis on ette n\u00e4htud kaitsmaks isikuandmeid juhusliku v\u00f5i ebaseadusliku h\u00e4vitamise, muutmise, avaldamise ja igasuguse muu v\u00f5imaliku ebaseadusliku t\u00f6\u00f6tlemise eest.<\/p>\n\n<h2 class=\"wp-block-heading\">K\u00fcpsised<\/h2>\n\n<p>Meie veebilehe kasutamiseks soovime esitada teile sellist sisu ja funktsioone, mis oleks kohandatud just teie vajadustele. Selleks on vajalikud k\u00fcpsised (ingl cookies). K\u00fcpsis on teave, mille veebiserver saadab teie veebibrauserisse ja mida s\u00e4ilitatakse brauseris. See teave edastatakse veebiserverisse iga kord, kui brauser palub teil avada serveris asuva lehe. See v\u00f5imaldab veebiserveril seadistada ja j\u00e4lgida veebibrauserit, aitab andmete vastutaval t\u00f6\u00f6tlejal teid \u00e4ra tunda kui varasemat teatud veebilehe kasutajat, salvestada teie veebilehe vaatamise ajaloo ja kohandada selle j\u00e4rgi sisu.<\/p>\n\n<p>Samuti aitavad k\u00fcpsised tagada veebilehe ladusa toimimise, lubavad j\u00e4lgida kodulehe vaatamise kestust, sagedust ning koguda statistilist teavet veebilehe kasutajate arvu kohta. Nende andmete anal\u00fc\u00fcsimine lubab meil veebilehte t\u00e4iendada, teha selle kasutamine teile mugavamaks.<\/p>\n\n<p><br\/>Meie veebilehel kasutatakse tehnilisi k\u00fcpsiseid, et tagada veebisaidi n\u00f5uetekohane toimimine. Neid kasutatakse, kuna meil on \u00f5igustatud huvi tagada veebilehe toimimine, seet\u00f5ttu neid ise hallata ei saa. Me kasutame ka statistika- ja reklaamik\u00fcpsiseid, mis on ette n\u00e4htud selleks, et \u00f5ppida paremini tundma oma kasutajaid, nende ostueelistusi ja esitada neile kohandatud teavet (mittetehnilised k\u00fcpsised). Mittetehnilisi k\u00fcpsiseid kasutame teie n\u00f5usolekul, seet\u00f5ttu esitatakse teile enne sirvimist h\u00fcpikaken koos v\u00f5imalusega hallata mittetehnilisi k\u00fcpsiseid. Teil on \u00f5igus mitte n\u00f5ustuda k\u00fcpsiste salvestamisega; kui soovite sirvida anon\u00fc\u00fcmsena, blokeerige mittetehnilised k\u00fcpsised. Kui n\u00f5ustute mittetehniliste k\u00fcpsiste kasutamisega, saate tulevikus neid meie veebilehel korrigeerida.<br\/>K\u00fcpsiste haldamine on v\u00f5imalik kahel moel: <\/p>\n\n<ol class=\"wp-block-list\">\n<li>m\u00e4rkides h\u00fcpikaknas sobivad variandid; <\/li>\n\n\n\n<li>konfigureerides oma brauseri nii, et k\u00f5ik k\u00fcpsised oleks vastu v\u00f5etud, k\u00f5ik k\u00fcpsised oleks tagasi l\u00fckatud v\u00f5i et teid teavitataks k\u00fcpsise saatmisest. <\/li>\n<\/ol>\n\n<p>Iga brauser on erinev ja kui te ei tea, kuidas muuta k\u00fcpsiste seadeid, tutvuge brauseri abimen\u00fc\u00fcga. Teie seadme operatsioonis\u00fcsteemis v\u00f5ib olla k\u00fcpsiste lisakontrollereid. Kui te ei soovi, et teavet kogutakse k\u00fcpsiste abil, kasutage enamikus brauserites olevat lihtsat protseduuri, mis lubab teil keelduda k\u00fcpsiste kasutamisest. Kui soovite rohkem teavet, kuidas kontrollida k\u00fcpsiste kasutamist, vaadake veebilehte aadressil http:\/\/www.allaboutcookies.org\/manage-cookies\/.<\/p>\n\n<p><br\/>Kuid pidage meeles, et m\u00f5ni teenus v\u00f5ib olla loodud nii, et need toimiks ainult k\u00fcpsistega ja kui te k\u00fcpsised v\u00e4lja l\u00fclitate, ei saa te neid v\u00f5i nende teenuste m\u00f5nd osa enam kasutada.<\/p>\n\n<p>Lisaks andmete vastutava t\u00f6\u00f6tleja kasutatavatele k\u00fcpsistele v\u00f5ib meie veebilehel olla lubatud teatud kindlatel kolmandatel isikutel fikseerida ja ligi p\u00e4\u00e4seda k\u00fcpsistele teie arvutis v\u00f5i m\u00f5nes muus seadmes. Sellisel juhul rakendatakse k\u00fcpsiste kasutamisele kolmandate isikute privaatsuseeskirju.<\/p>\n\n<p>Google Analytics: http:\/\/www.google.com\/policies\/technologies\/cookies\/<br\/>Facebook: https:\/\/www.facebook.com\/policies\/cookies\/<\/p>\n\n<p>Juhime teie t\u00e4helepanu sellele, et meie sotsiaalv\u00f5rgustike kontodele rakendatakse vastavate sotsiaalv\u00f5rgustike k\u00fcpsiste poliitikat.<\/p>\n\n<h2 class=\"wp-block-heading\">Millised on teie \u00f5igused?<\/h2>\n\n<p>Teil kui isikuandmete subjektil on oma andmete suhtes j\u00e4rgmised \u00f5igused:<\/p>\n\n<ul class=\"wp-block-list\">\n<li>esitada meile kirjalik taotlus anda teile teavet selle kohta, kas teiega seotud andmeid t\u00f6\u00f6deldakse; juhul kui neid andmeid t\u00f6\u00f6deldakse, on teil \u00f5igus tutvuda oma isikuandmete ja j\u00e4rgmise teabega: \n<ul class=\"wp-block-list\">\n<li>andmete t\u00f6\u00f6tlemise eesm\u00e4rgid; <\/li>\n\n\n\n<li>vastavate isikuandmete kategooriad; <\/li>\n\n\n\n<li>andmete saajad v\u00f5i andmete saajate kategooriad, kellele on avaldatud v\u00f5i tulevikus avaldatakse teie isikuandmeid; <\/li>\n\n\n\n<li>kui on v\u00f5imalik, n\u00e4hakse ette isikuandmete s\u00e4ilitamise t\u00e4htaeg v\u00f5i, kui see ei ole v\u00f5imalik, kriteeriumid selle perioodi m\u00e4\u00e4ramiseks;<\/li>\n\n\n\n<li>n\u00f5uda ebat\u00e4psete andmete parandamist v\u00f5i t\u00e4iendada teiega seotud mittet\u00e4ielikke andmeid;<\/li>\n\n\n\n<li>n\u00f5uda, et me kustutaks teie isikuandmed. <\/li>\n<\/ul>\n<\/li>\n\n\n\n<li>See \u00f5igus ei ole siiski absoluutne ja seda saab n\u00f5uda vaid siis, kui on v\u00e4hemalt \u00fcks allj\u00e4rgnevatest p\u00f5hjustest: \n<ul class=\"wp-block-list\">\n<li>isikuandmed ei ole enam vajalikud, et saavutada eesm\u00e4rgid, milleks neid koguti v\u00f5i t\u00f6\u00f6deldi; <\/li>\n\n\n\n<li>olete otsustanud t\u00fchistada antud n\u00f5usoleku t\u00f6\u00f6delda teie isikuandmeid, kui teie isikuandmeid t\u00f6\u00f6deldakse vaid n\u00f5usoleku alusel ja pole mingit muud alust t\u00f6\u00f6delda teie isikuandmeid; <\/li>\n\n\n\n<li>teie isikuandmeid t\u00f6\u00f6deldi ebaseaduslikult; <\/li>\n\n\n\n<li>teie andmed peab kustutama, kui meile tehakse see kohustuseks;<\/li>\n<\/ul>\n<\/li>\n\n\n\n<li>n\u00f5uda, et oleks piiratud teie isikuandmete t\u00f6\u00f6tlemine, kui kasutatakse \u00fchte allj\u00e4rgnevatest juhtudest: \n<ul class=\"wp-block-list\">\n<li>te vaidlustate andmete t\u00e4psuse selleks perioodiks, mille jooksul me saame kontrollida teie isikuandmete t\u00e4psust; <\/li>\n\n\n\n<li>teie isikuandmete t\u00f6\u00f6tlemine on ebaseaduslik ja te ei n\u00f5ustu, et teie andmed kustutatakse ja selle asemel palute piirata nende kasutamist; <\/li>\n\n\n\n<li>meil ei ole vaja teie andmeid t\u00f6\u00f6tlemise eesm\u00e4rkidel, kuid teil on vaja neid selleks, et esitada, t\u00e4ita v\u00f5i kaitsta \u00f5igusn\u00f5udeid. <\/li>\n<\/ul>\n<\/li>\n\n\n\n<li>Kui teie isikuandmete t\u00f6\u00f6tlemine on piiratud, v\u00f5ib teie isikuandmeid t\u00f6\u00f6delda, v.a s\u00e4ilitamine, vaid saades teie n\u00f5usoleku v\u00f5i soovides avaldada, teostada v\u00f5i kaitsta \u00f5igusn\u00f5udeid ja\/v\u00f5i selleks, et kaitsta teie v\u00f5i teise isiku \u00f5igusi, v\u00f5i seoses t\u00f5siste avaliku huvi p\u00f5hjustega;<\/li>\n\n\n\n<li>t\u00fchistada n\u00f5usolek t\u00f6\u00f6delda teie isikuandmeid, kui isikuandmeid t\u00f6\u00f6deldakse teie n\u00f5usoleku alusel;<\/li>\n\n\n\n<li>taotleda, et edastaksime teie t\u00f6\u00f6deldavad isikuandmed teisele vastutavale t\u00f6\u00f6tlejale v\u00f5i teile endale, kui see on tehniliselt v\u00f5imalik;<\/li>\n\n\n\n<li>esitada meile v\u00f5i riiklikule andmekaitseinspektsioonile kaebus, kui arvate, et teie kui isikuandmete subjekti \u00f5igusi rikutakse ja\/v\u00f5i on rikutud.<\/li>\n<\/ul>\n\n<h2 class=\"wp-block-heading\">Vastutus<\/h2>\n\n<p>Teie vastutate oma paroolide ja kasutajaandmete konfidentsiaalsuse ning mis tahes toimingute (andmeedastus, tehtud tellimused jne) eest, mida meie veebilehel tehakse, kui logite sisse enda sisselogimisandmete abil. Te ei tohi avaldada oma salas\u00f5na kolmandatele isikutele. Kui meie veebilehel pakutavaid teenuseid kasutab kolmas isik, kes on sisse loginud, kasutades teie sisselogimisandmeid, siis arvestame, et sisse olete loginud teie. <\/p>\n\n<p>Kui olete sisselogimisandmed kaotanud, olete kohustatud viivitamata teavitama meid sellest telefoni v\u00f5i e-kirjaga <a href=\"mailto:info@migle.lt\">info@migle.lt<\/a>. <\/p>\n\n<p>Te vastutate selle eest, et teie poolt meile esitatud andmed oleksid t\u00e4psed, \u00f5iged ja p\u00f5hjalikud. Kui teie esitatud andmed muutuvad, peate meid sellest viivitamata teavitama, muutes registreerimisvormis andmeid, v\u00f5i kui andmed pole registreerimisvormis kirjas, siis teavitage meid e-kirja teel. Me ei vastuta mitte mingil juhul kahjude eest, mis tekivad teile seet\u00f5ttu, et olete esitanud valeandmed v\u00f5i mittep\u00f5hjalikud andmed v\u00f5i ei ole teavitanud meid andmete muutumisest.<\/p>\n\n<h2 class=\"wp-block-heading\">Privaatsuspoliitika muutmine<\/h2>\n\n<p>Me v\u00f5ime igal ajal uuendada v\u00f5i muuta seda privaatsuspoliitikat. Selline uuendatud v\u00f5i muudetud privaatsuspoliitika j\u00f5ustub selle avaldamisest meie veebilehel. Kui privaatsuspoliitikas tehakse olulisi muudatusi, teavitatakse sellest meie veebilehel. Hoolimata sellest peaksite regulaarselt kontrollima ajakohast privaatsuspoliitika versiooni ja veenduma, et see teid rahuldab.<\/p>\n\n<p>Kui teil on k\u00fcsimusi selle privaatsuspoliitika tingimuste kohta, v\u00f5tke meiega \u00fchendust allolevatel kontaktandmetel:<\/p>\n\n<h2 class=\"wp-block-heading\">Kontaktteave<\/h2>\n\n<p><strong>Migl\u0117 Lingerie<\/strong><\/p>\n\n<p><strong>Amica lt UAB<\/strong><br\/><a href=\"mailto:info@migle.lt\">info@migle.lt<\/a><\/p>\n\n<p>E-pood: +370 6473 7959<br\/>Panorama Migl\u0117: +370 6473 7959<br\/>Ozas Migl\u0117: +370 6169 9744<\/p>\n\n<p><em>V\u00f5ta meiega \u00fchendust 08:30 &#8211; 18:30.<\/em><\/p>\n\n<p>Saadud taotlustele, kaebustele v\u00f5i n\u00f5uetele vastame kirjalikult \u00f5igusaktides s\u00e4testatud korras ja t\u00e4htaegadel. P\u00fc\u00fcame teile vastata v\u00f5imalikult kiiresti, kuid mitte hiljem kui 7 p\u00e4eva jooksul teie taotluse k\u00e4ttesaamisest.<br\/>Kui taotluse, kaebuse v\u00f5i n\u00f5ude p\u00f5hjal tekib meil kahtlusi p\u00f6\u00f6rduja isikusamasuse kohta, on meil \u00f5igus paluda p\u00f6\u00f6rdujal esitada isikut t\u00f5endav dokument v\u00f5i muul moel t\u00f5endada oma isikusamasust.<br\/>Kui me ei saa teile anda vajalikku teavet ja\/v\u00f5i kui teil on pretensioone selle kohta, kuidas teie isikuandmeid t\u00f6\u00f6deldakse, on teil \u00f5igus esitada kaebus riiklikule andmekaitseinspektsioonile.<\/p>\n\n<p><\/p>\n","protected":false},"excerpt":{"rendered":"<p>Privaatsuspoliitika Andmete vastutav t\u00f6\u00f6tleja: Amica LT UAB, juriidilise isiku registrikood: 302341761, aadress &#8211; Liepyno 2-42, Vilnius, Leedu, e- post: info@migle.lt Andmete t\u00f6\u00f6tlemise p\u00f5hieesm\u00e4rgid (\u00fcksikasjalikud eesm\u00e4rgid ja andmete t\u00f6\u00f6tlemise alused on p\u00f5hjalikumalt s\u00e4testatud allolevas isikuandmete t\u00f6\u00f6tlemise poliitika osas): Teie \u00f5igused: Igal andmesubjektil, kelle andmeid t\u00f6\u00f6deldakse ettev\u00f5tte tegevuse k\u00e4igus, on s\u00f5ltuvalt asjaoludest j\u00e4rgmised \u00f5igused: teada (saada teavet),&hellip;<\/p>\n","protected":false},"author":2,"featured_media":0,"parent":0,"menu_order":0,"comment_status":"closed","ping_status":"closed","template":"","meta":{"inline_featured_image":false,"footnotes":""},"class_list":["post-41717","page","type-page","status-publish","hentry"],"_links":{"self":[{"href":"https:\/\/migle.dev.unionfintech.com\/et\/wp-json\/wp\/v2\/pages\/41717","targetHints":{"allow":["GET"]}}],"collection":[{"href":"https:\/\/migle.dev.unionfintech.com\/et\/wp-json\/wp\/v2\/pages"}],"about":[{"href":"https:\/\/migle.dev.unionfintech.com\/et\/wp-json\/wp\/v2\/types\/page"}],"author":[{"embeddable":true,"href":"https:\/\/migle.dev.unionfintech.com\/et\/wp-json\/wp\/v2\/users\/2"}],"replies":[{"embeddable":true,"href":"https:\/\/migle.dev.unionfintech.com\/et\/wp-json\/wp\/v2\/comments?post=41717"}],"version-history":[{"count":4,"href":"https:\/\/migle.dev.unionfintech.com\/et\/wp-json\/wp\/v2\/pages\/41717\/revisions"}],"predecessor-version":[{"id":41721,"href":"https:\/\/migle.dev.unionfintech.com\/et\/wp-json\/wp\/v2\/pages\/41717\/revisions\/41721"}],"wp:attachment":[{"href":"https:\/\/migle.dev.unionfintech.com\/et\/wp-json\/wp\/v2\/media?parent=41717"}],"curies":[{"name":"wp","href":"https:\/\/api.w.org\/{rel}","templated":true}]}}