{"id":39865,"date":"2023-01-12T11:48:06","date_gmt":"2023-01-12T09:48:06","guid":{"rendered":"https:\/\/migle.dev.unionfintech.com\/?post_type=product&#038;p=39865"},"modified":"2023-01-16T19:13:55","modified_gmt":"2023-01-16T17:13:55","slug":"aluspuksid-dans-des-sense-og24","status":"publish","type":"product","link":"https:\/\/migle.dev.unionfintech.com\/et\/toode\/aluspuksid-dans-des-sense-og24\/","title":{"rendered":"Alusp\u00fcksid Dans Des Sense OG24"},"content":{"rendered":"","protected":false},"excerpt":{"rendered":"<p>K\u00f5rge pihaga pitsist alusp\u00fcksid. Pitsil on peened rullid, mis ulatuvad puusade \u00fclaosast tuharateni. V\u00e4ike satiinist kaar t\u00f5stab esile tikandi, mis katab nahka nabani, et luua vastupandamatult retroefekt. Koostis: 87% pol\u00fcamiid, 13% elastaan.<\/p>\n","protected":false},"featured_media":39861,"comment_status":"open","ping_status":"closed","template":"","meta":{"inline_featured_image":false},"product_cat":[818,858,595],"product_tag":[1210,1446],"class_list":["post-39865","product","type-product","status-publish","has-post-thumbnail","hentry","product_cat-aluspuksid","product_cat-korge-vooga","product_cat-naiste-aluspesu","product_tag-aubade-et","product_tag-aubade-dans-des-sense-et"],"_links":{"self":[{"href":"https:\/\/migle.dev.unionfintech.com\/et\/wp-json\/wp\/v3\/product\/39865","targetHints":{"allow":["GET"]}}],"collection":[{"href":"https:\/\/migle.dev.unionfintech.com\/et\/wp-json\/wp\/v3\/product"}],"about":[{"href":"https:\/\/migle.dev.unionfintech.com\/et\/wp-json\/wp\/v2\/types\/product"}],"replies":[{"embeddable":true,"href":"https:\/\/migle.dev.unionfintech.com\/et\/wp-json\/wp\/v2\/comments?post=39865"}],"wp:featuredmedia":[{"embeddable":true,"href":"https:\/\/migle.dev.unionfintech.com\/et\/wp-json\/wp\/v2\/media\/39861"}],"wp:attachment":[{"href":"https:\/\/migle.dev.unionfintech.com\/et\/wp-json\/wp\/v2\/media?parent=39865"}],"wp:term":[{"taxonomy":"product_cat","embeddable":true,"href":"https:\/\/migle.dev.unionfintech.com\/et\/wp-json\/wp\/v2\/product_cat?post=39865"},{"taxonomy":"product_tag","embeddable":true,"href":"https:\/\/migle.dev.unionfintech.com\/et\/wp-json\/wp\/v2\/product_tag?post=39865"}],"curies":[{"name":"wp","href":"https:\/\/api.w.org\/{rel}","templated":true}]}}