{"id":39875,"date":"2023-01-12T12:03:35","date_gmt":"2023-01-12T10:03:35","guid":{"rendered":"https:\/\/migle.dev.unionfintech.com\/?post_type=product&#038;p=39875"},"modified":"2023-01-13T00:33:12","modified_gmt":"2023-01-12T22:33:12","slug":"aluspuksid-dans-des-sense-og27","status":"publish","type":"product","link":"https:\/\/migle.dev.unionfintech.com\/et\/toode\/aluspuksid-dans-des-sense-og27\/","title":{"rendered":"Alusp\u00fcksid Dans Des Sense OG27"},"content":{"rendered":"","protected":false},"excerpt":{"rendered":"<p>Kerged ja mugavad p\u00fcksikud. Seljaosa on kaetud pehme ja l\u00e4bipaistva puhta l\u00f5ikega v\u00f5rguga, mis on mugav ja v\u00f5rgutav. Koostis: 91% pol\u00fcamiid, 9% elastaan.<\/p>\n","protected":false},"featured_media":39913,"comment_status":"open","ping_status":"closed","template":"","meta":{"inline_featured_image":false},"product_cat":[818,742,595],"product_tag":[1210,1446],"class_list":["post-39875","product","type-product","status-publish","has-post-thumbnail","hentry","product_cat-aluspuksid","product_cat-madala-vookohaga","product_cat-naiste-aluspesu","product_tag-aubade-et","product_tag-aubade-dans-des-sense-et"],"_links":{"self":[{"href":"https:\/\/migle.dev.unionfintech.com\/et\/wp-json\/wp\/v3\/product\/39875","targetHints":{"allow":["GET"]}}],"collection":[{"href":"https:\/\/migle.dev.unionfintech.com\/et\/wp-json\/wp\/v3\/product"}],"about":[{"href":"https:\/\/migle.dev.unionfintech.com\/et\/wp-json\/wp\/v2\/types\/product"}],"replies":[{"embeddable":true,"href":"https:\/\/migle.dev.unionfintech.com\/et\/wp-json\/wp\/v2\/comments?post=39875"}],"wp:featuredmedia":[{"embeddable":true,"href":"https:\/\/migle.dev.unionfintech.com\/et\/wp-json\/wp\/v2\/media\/39913"}],"wp:attachment":[{"href":"https:\/\/migle.dev.unionfintech.com\/et\/wp-json\/wp\/v2\/media?parent=39875"}],"wp:term":[{"taxonomy":"product_cat","embeddable":true,"href":"https:\/\/migle.dev.unionfintech.com\/et\/wp-json\/wp\/v2\/product_cat?post=39875"},{"taxonomy":"product_tag","embeddable":true,"href":"https:\/\/migle.dev.unionfintech.com\/et\/wp-json\/wp\/v2\/product_tag?post=39875"}],"curies":[{"name":"wp","href":"https:\/\/api.w.org\/{rel}","templated":true}]}}