{"id":40518,"date":"2023-01-24T11:03:30","date_gmt":"2023-01-24T09:03:30","guid":{"rendered":"https:\/\/migle.dev.unionfintech.com\/?post_type=product&#038;p=40518"},"modified":"2023-03-20T13:02:30","modified_gmt":"2023-03-20T11:02:30","slug":"rinnahoidja-danse-des-sens-og12","status":"publish","type":"product","link":"https:\/\/migle.dev.unionfintech.com\/et\/toode\/rinnahoidja-danse-des-sens-og12\/","title":{"rendered":"Rinnahoidja Danse Des Sens OG12"},"content":{"rendered":"","protected":false},"excerpt":{"rendered":"<p>See rinnahoidja on kaunistatud vapustava pitsiga, mis pakub v\u00e4ga naiselikku v\u00e4limust. Rinnahoidja on traadiga, et see toetaks ja t\u00f5staks, kuid polsterdamata, et see istuks paigal ja tunne oleks loomulik. Paelad on reguleeritavad, et saaksite leida oma ainulaadse sobivuse.  Rinnahoidja kinnitub tagant konksu ja kinnitusega. Koostis: 89% pol\u00fcester 11% pol\u00fcamiid.<\/p>\n","protected":false},"featured_media":31161,"comment_status":"open","ping_status":"closed","template":"","meta":{"inline_featured_image":false},"product_cat":[1152,800],"product_tag":[1210,1446],"class_list":["post-40518","product","type-product","status-publish","has-post-thumbnail","hentry","product_cat-kolmnurkloikega-rinnahoidja","product_cat-rinnahoidjad","product_tag-aubade-et","product_tag-aubade-dans-des-sense-et"],"_links":{"self":[{"href":"https:\/\/migle.dev.unionfintech.com\/et\/wp-json\/wp\/v3\/product\/40518","targetHints":{"allow":["GET"]}}],"collection":[{"href":"https:\/\/migle.dev.unionfintech.com\/et\/wp-json\/wp\/v3\/product"}],"about":[{"href":"https:\/\/migle.dev.unionfintech.com\/et\/wp-json\/wp\/v2\/types\/product"}],"replies":[{"embeddable":true,"href":"https:\/\/migle.dev.unionfintech.com\/et\/wp-json\/wp\/v2\/comments?post=40518"}],"wp:featuredmedia":[{"embeddable":true,"href":"https:\/\/migle.dev.unionfintech.com\/et\/wp-json\/wp\/v2\/media\/31161"}],"wp:attachment":[{"href":"https:\/\/migle.dev.unionfintech.com\/et\/wp-json\/wp\/v2\/media?parent=40518"}],"wp:term":[{"taxonomy":"product_cat","embeddable":true,"href":"https:\/\/migle.dev.unionfintech.com\/et\/wp-json\/wp\/v2\/product_cat?post=40518"},{"taxonomy":"product_tag","embeddable":true,"href":"https:\/\/migle.dev.unionfintech.com\/et\/wp-json\/wp\/v2\/product_tag?post=40518"}],"curies":[{"name":"wp","href":"https:\/\/api.w.org\/{rel}","templated":true}]}}