{"id":41636,"date":"2023-02-27T16:02:43","date_gmt":"2023-02-27T14:02:43","guid":{"rendered":"https:\/\/migle.dev.unionfintech.com\/?post_type=product&#038;p=41636"},"modified":"2023-02-27T17:53:58","modified_gmt":"2023-02-27T15:53:58","slug":"kinkekaart","status":"publish","type":"product","link":"https:\/\/migle.dev.unionfintech.com\/et\/toode\/kinkekaart\/","title":{"rendered":"Kinkekaart"},"content":{"rendered":"","protected":false},"excerpt":{"rendered":"<p>Siidist ja pitsist pesukomplektid ning \u00f6\u00f6r\u00f5ivad teevad imelise p\u00e4eva veelgi erilisemaks.<\/p>\n<p>&nbsp;<\/p>\n<p>Migle Lingerie kinkekaardi v\u00e4\u00e4rtuses saate valida meelep\u00e4raseid tooteid <strong>migle.lt<\/strong> veebipoest ja <strong>f\u00fc\u00fcsilistes kauplustes<\/strong>.<\/p>\n<p>Meie e-poest on v\u00f5imalik tellida kinkekaarte summas 50 \u20ac, 100 \u20ac, 150 \u20ac ja 200 \u20ac.<\/p>\n<p>Soovi korral saadame kinkekaardi Teile elektroonilisel kujul (PDF- formaadis) e-mailile v\u00f5i prinditud kujul posti teel. Kiiremaks kohaletoimetamiseks v\u00f5ite meiega \u00fchendust v\u00f5tta telefoni v\u00f5i e-posti teel.<\/p>\n<p><em>Kinkekaart kehtib kuus kuud p\u00e4rast ostmist.<\/em><\/p>\n<p><img loading=\"lazy\" decoding=\"async\" class=\"alignnone wp-image-37920 size-large\" src=\"https:\/\/migle.dev.unionfintech.com\/wp-content\/uploads\/2022\/12\/gift-card-2-1024x1024.jpeg\" alt=\"\" width=\"1024\" height=\"1024\" srcset=\"https:\/\/migle.dev.unionfintech.com\/wp-content\/uploads\/2022\/12\/gift-card-2-1024x1024.jpeg 1024w, https:\/\/migle.dev.unionfintech.com\/wp-content\/uploads\/2022\/12\/gift-card-2-300x300.jpeg 300w, https:\/\/migle.dev.unionfintech.com\/wp-content\/uploads\/2022\/12\/gift-card-2-150x150.jpeg 150w, https:\/\/migle.dev.unionfintech.com\/wp-content\/uploads\/2022\/12\/gift-card-2-768x768.jpeg 768w, https:\/\/migle.dev.unionfintech.com\/wp-content\/uploads\/2022\/12\/gift-card-2-1010x1010.jpeg 1010w, https:\/\/migle.dev.unionfintech.com\/wp-content\/uploads\/2022\/12\/gift-card-2-50x50.jpeg 50w, https:\/\/migle.dev.unionfintech.com\/wp-content\/uploads\/2022\/12\/gift-card-2-100x100.jpeg 100w\" sizes=\"auto, (max-width: 1024px) 100vw, 1024px\" \/><\/p>\n","protected":false},"featured_media":37928,"comment_status":"open","ping_status":"closed","template":"","meta":{"inline_featured_image":false},"product_cat":[],"product_tag":[2088],"class_list":["post-41636","product","type-product","status-publish","has-post-thumbnail","hentry","product_tag-gift-card-et"],"_links":{"self":[{"href":"https:\/\/migle.dev.unionfintech.com\/et\/wp-json\/wp\/v3\/product\/41636","targetHints":{"allow":["GET"]}}],"collection":[{"href":"https:\/\/migle.dev.unionfintech.com\/et\/wp-json\/wp\/v3\/product"}],"about":[{"href":"https:\/\/migle.dev.unionfintech.com\/et\/wp-json\/wp\/v2\/types\/product"}],"replies":[{"embeddable":true,"href":"https:\/\/migle.dev.unionfintech.com\/et\/wp-json\/wp\/v2\/comments?post=41636"}],"wp:featuredmedia":[{"embeddable":true,"href":"https:\/\/migle.dev.unionfintech.com\/et\/wp-json\/wp\/v2\/media\/37928"}],"wp:attachment":[{"href":"https:\/\/migle.dev.unionfintech.com\/et\/wp-json\/wp\/v2\/media?parent=41636"}],"wp:term":[{"taxonomy":"product_cat","embeddable":true,"href":"https:\/\/migle.dev.unionfintech.com\/et\/wp-json\/wp\/v2\/product_cat?post=41636"},{"taxonomy":"product_tag","embeddable":true,"href":"https:\/\/migle.dev.unionfintech.com\/et\/wp-json\/wp\/v2\/product_tag?post=41636"}],"curies":[{"name":"wp","href":"https:\/\/api.w.org\/{rel}","templated":true}]}}