{"id":42270,"date":"2023-03-10T11:31:09","date_gmt":"2023-03-10T09:31:09","guid":{"rendered":"https:\/\/migle.dev.unionfintech.com\/?post_type=product&#038;p=42270"},"modified":"2023-03-10T12:21:53","modified_gmt":"2023-03-10T10:21:53","slug":"rinnahoidja-dans-des-sens-og08-n","status":"publish","type":"product","link":"https:\/\/migle.dev.unionfintech.com\/et\/toode\/rinnahoidja-dans-des-sens-og08-n\/","title":{"rendered":"Rinnahoidja Dans Des Sens OG08-N"},"content":{"rendered":"","protected":false},"excerpt":{"rendered":"<p>Molded Plunge rinnahoidja. V\u00e4ga seksikas s\u00fcvendav kaelus on oma v\u00e4ga v\u00e4rskendavas mustas v\u00e4rvitoonis \u00e4\u00e4rmiselt kerge. Pitsi delikaatsus pehmendab servi, et luua ahvatlev efekt, mis on t\u00f5eliselt jumalik. Koostis: 89% pol\u00fcamiid, 11% elastaan.<\/p>\n","protected":false},"featured_media":31096,"comment_status":"open","ping_status":"closed","template":"","meta":{"inline_featured_image":false},"product_cat":[744,595,800],"product_tag":[1210,1446,938],"class_list":["post-42270","product","type-product","status-publish","has-post-thumbnail","hentry","product_cat-klassikalised","product_cat-naiste-aluspesu","product_cat-rinnahoidjad","product_tag-aubade-et","product_tag-aubade-dans-des-sense-et","product_tag-made-in-france-et-2"],"_links":{"self":[{"href":"https:\/\/migle.dev.unionfintech.com\/et\/wp-json\/wp\/v3\/product\/42270","targetHints":{"allow":["GET"]}}],"collection":[{"href":"https:\/\/migle.dev.unionfintech.com\/et\/wp-json\/wp\/v3\/product"}],"about":[{"href":"https:\/\/migle.dev.unionfintech.com\/et\/wp-json\/wp\/v2\/types\/product"}],"replies":[{"embeddable":true,"href":"https:\/\/migle.dev.unionfintech.com\/et\/wp-json\/wp\/v2\/comments?post=42270"}],"wp:featuredmedia":[{"embeddable":true,"href":"https:\/\/migle.dev.unionfintech.com\/et\/wp-json\/wp\/v2\/media\/31096"}],"wp:attachment":[{"href":"https:\/\/migle.dev.unionfintech.com\/et\/wp-json\/wp\/v2\/media?parent=42270"}],"wp:term":[{"taxonomy":"product_cat","embeddable":true,"href":"https:\/\/migle.dev.unionfintech.com\/et\/wp-json\/wp\/v2\/product_cat?post=42270"},{"taxonomy":"product_tag","embeddable":true,"href":"https:\/\/migle.dev.unionfintech.com\/et\/wp-json\/wp\/v2\/product_tag?post=42270"}],"curies":[{"name":"wp","href":"https:\/\/api.w.org\/{rel}","templated":true}]}}