{"id":42695,"date":"2023-03-10T13:02:01","date_gmt":"2023-03-10T11:02:01","guid":{"rendered":"https:\/\/migle.dev.unionfintech.com\/?post_type=product&#038;p=42695"},"modified":"2023-03-10T13:04:51","modified_gmt":"2023-03-10T11:04:51","slug":"aluspuksid-lysessence-nk94","status":"publish","type":"product","link":"https:\/\/migle.dev.unionfintech.com\/et\/toode\/aluspuksid-lysessence-nk94\/","title":{"rendered":"Alusp\u00fcksid Lysessence NK94"},"content":{"rendered":"","protected":false},"excerpt":{"rendered":"<p>Pitsiga alusp\u00fcksid. Koostis: 85% pol\u00fcamiid, 15% elastaan.<\/p>\n","protected":false},"featured_media":42705,"comment_status":"open","ping_status":"closed","template":"","meta":{"inline_featured_image":false},"product_cat":[818,734,595],"product_tag":[],"class_list":["post-42695","product","type-product","status-publish","has-post-thumbnail","hentry","product_cat-aluspuksid","product_cat-klassikalise-vookohaga","product_cat-naiste-aluspesu"],"_links":{"self":[{"href":"https:\/\/migle.dev.unionfintech.com\/et\/wp-json\/wp\/v3\/product\/42695","targetHints":{"allow":["GET"]}}],"collection":[{"href":"https:\/\/migle.dev.unionfintech.com\/et\/wp-json\/wp\/v3\/product"}],"about":[{"href":"https:\/\/migle.dev.unionfintech.com\/et\/wp-json\/wp\/v2\/types\/product"}],"replies":[{"embeddable":true,"href":"https:\/\/migle.dev.unionfintech.com\/et\/wp-json\/wp\/v2\/comments?post=42695"}],"wp:featuredmedia":[{"embeddable":true,"href":"https:\/\/migle.dev.unionfintech.com\/et\/wp-json\/wp\/v2\/media\/42705"}],"wp:attachment":[{"href":"https:\/\/migle.dev.unionfintech.com\/et\/wp-json\/wp\/v2\/media?parent=42695"}],"wp:term":[{"taxonomy":"product_cat","embeddable":true,"href":"https:\/\/migle.dev.unionfintech.com\/et\/wp-json\/wp\/v2\/product_cat?post=42695"},{"taxonomy":"product_tag","embeddable":true,"href":"https:\/\/migle.dev.unionfintech.com\/et\/wp-json\/wp\/v2\/product_tag?post=42695"}],"curies":[{"name":"wp","href":"https:\/\/api.w.org\/{rel}","templated":true}]}}