{"id":44084,"date":"2023-05-05T10:20:21","date_gmt":"2023-05-05T07:20:21","guid":{"rendered":"https:\/\/migle.dev.unionfintech.com\/?post_type=product&#038;p=44084"},"modified":"2023-05-05T10:47:54","modified_gmt":"2023-05-05T07:47:54","slug":"wacoal-rinnahoidja-gloire","status":"publish","type":"product","link":"https:\/\/migle.dev.unionfintech.com\/et\/toode\/wacoal-rinnahoidja-gloire\/","title":{"rendered":"Wacoal rinnahoidja Gloire"},"content":{"rendered":"","protected":false},"excerpt":{"rendered":"<p>Gloire Contour reguleeritavate \u00f5lapaeltega rinnahoidja, mille uuenduslikus disanis on sileda kontuuriga korvid, mis pakuvad loomulikku \u00fcmarar dekolteed. Riiete all n\u00e4htamatu. Koostis: 68% pol\u00fcamiid, 31% elastaan, 1% pol\u00fcester.<\/p>\n","protected":false},"featured_media":33715,"comment_status":"open","ping_status":"closed","template":"","meta":{"inline_featured_image":false},"product_cat":[744,800,1086,104],"product_tag":[1657],"class_list":["post-44084","product","type-product","status-publish","has-post-thumbnail","hentry","product_cat-klassikalised","product_cat-rinnahoidjad","product_cat-suure-korviga-rinnahoidjad","product_cat-maaramata","product_tag-wacoal-et"],"_links":{"self":[{"href":"https:\/\/migle.dev.unionfintech.com\/et\/wp-json\/wp\/v3\/product\/44084","targetHints":{"allow":["GET"]}}],"collection":[{"href":"https:\/\/migle.dev.unionfintech.com\/et\/wp-json\/wp\/v3\/product"}],"about":[{"href":"https:\/\/migle.dev.unionfintech.com\/et\/wp-json\/wp\/v2\/types\/product"}],"replies":[{"embeddable":true,"href":"https:\/\/migle.dev.unionfintech.com\/et\/wp-json\/wp\/v2\/comments?post=44084"}],"wp:featuredmedia":[{"embeddable":true,"href":"https:\/\/migle.dev.unionfintech.com\/et\/wp-json\/wp\/v2\/media\/33715"}],"wp:attachment":[{"href":"https:\/\/migle.dev.unionfintech.com\/et\/wp-json\/wp\/v2\/media?parent=44084"}],"wp:term":[{"taxonomy":"product_cat","embeddable":true,"href":"https:\/\/migle.dev.unionfintech.com\/et\/wp-json\/wp\/v2\/product_cat?post=44084"},{"taxonomy":"product_tag","embeddable":true,"href":"https:\/\/migle.dev.unionfintech.com\/et\/wp-json\/wp\/v2\/product_tag?post=44084"}],"curies":[{"name":"wp","href":"https:\/\/api.w.org\/{rel}","templated":true}]}}