{"id":44173,"date":"2023-05-05T12:49:35","date_gmt":"2023-05-05T09:49:35","guid":{"rendered":"https:\/\/migle.dev.unionfintech.com\/?post_type=product&#038;p=44173"},"modified":"2023-05-05T12:51:18","modified_gmt":"2023-05-05T09:51:18","slug":"wacoal-oosark-lace-perfection","status":"publish","type":"product","link":"https:\/\/migle.dev.unionfintech.com\/et\/toode\/wacoal-oosark-lace-perfection\/","title":{"rendered":"Wacoal \u00f6\u00f6s\u00e4rk Lace Perfection"},"content":{"rendered":"","protected":false},"excerpt":{"rendered":"<p>Kauni ja keeruka kujundusega Lace Perfection Chemise on hoolikalt valmistatud venivast lillelisest pitsist, millel on pitsilised kolmnurgakujulised korvid, millel on peen elastsus, et tagada t\u00e4iuslik istuvus ja mugavus. Koostis: 72% pol\u00fcamiid, 19% elastaan, 9% pol\u00fcester.<\/p>\n","protected":false},"featured_media":44188,"comment_status":"open","ping_status":"closed","template":"","meta":{"inline_featured_image":false},"product_cat":[672,1221],"product_tag":[1657],"class_list":["post-44173","product","type-product","status-publish","has-post-thumbnail","hentry","product_cat-oopesu","product_cat-oosargid","product_tag-wacoal-et"],"_links":{"self":[{"href":"https:\/\/migle.dev.unionfintech.com\/et\/wp-json\/wp\/v3\/product\/44173","targetHints":{"allow":["GET"]}}],"collection":[{"href":"https:\/\/migle.dev.unionfintech.com\/et\/wp-json\/wp\/v3\/product"}],"about":[{"href":"https:\/\/migle.dev.unionfintech.com\/et\/wp-json\/wp\/v2\/types\/product"}],"replies":[{"embeddable":true,"href":"https:\/\/migle.dev.unionfintech.com\/et\/wp-json\/wp\/v2\/comments?post=44173"}],"wp:featuredmedia":[{"embeddable":true,"href":"https:\/\/migle.dev.unionfintech.com\/et\/wp-json\/wp\/v2\/media\/44188"}],"wp:attachment":[{"href":"https:\/\/migle.dev.unionfintech.com\/et\/wp-json\/wp\/v2\/media?parent=44173"}],"wp:term":[{"taxonomy":"product_cat","embeddable":true,"href":"https:\/\/migle.dev.unionfintech.com\/et\/wp-json\/wp\/v2\/product_cat?post=44173"},{"taxonomy":"product_tag","embeddable":true,"href":"https:\/\/migle.dev.unionfintech.com\/et\/wp-json\/wp\/v2\/product_tag?post=44173"}],"curies":[{"name":"wp","href":"https:\/\/api.w.org\/{rel}","templated":true}]}}