{"id":38228,"date":"2022-06-02T13:44:53","date_gmt":"2022-06-02T10:44:53","guid":{"rendered":"https:\/\/migle.dev.unionfintech.com\/apmaksas-forma\/"},"modified":"2023-03-02T15:58:45","modified_gmt":"2023-03-02T13:58:45","slug":"apmaksas-forma","status":"publish","type":"page","link":"https:\/\/migle.dev.unionfintech.com\/lv\/apmaksas-forma\/","title":{"rendered":"Apmaksas forma"},"content":{"rendered":"\n<h2 class=\"wp-block-heading\">Apmaksas forma<\/h2>\n\n\n\n<p>Par pas\u016bt\u012bjumiem var nor\u0113\u0137in\u0101ties ar kred\u012btkarti (Visa, Maestro, MasterCard) vai bankas sait\u0113s (Luminor, Citadele).<\/p>\n\n\n\n<p>Maks\u0101juma veik\u0161ana notiek \u0101rpus migle.lt interneta veikala vides konkr\u0113t\u0101s bankas vai pakalpojuma sniedz\u0113ja dro\u0161aj\u0101 maks\u0101jumu vid\u0113. Migle.lt interneta veikalam nav pieejas klienta bankas un kred\u012btkartes datiem. Kred\u012btkar\u0161u maks\u0101jumu starpnieks, <strong>Paysera<\/strong> ir <strong>MakeCommerce\u2122 by Maksekeskus AS Latvijas fili\u0101le<\/strong>. Makecommerce\/Paysera &#8211; maks\u0101jumu apstr\u0101des sist\u0113ma, kas \u013cauj veikt pirkumu apmaksu ar VISA, MasterCard un Maestro kart\u0113m un Baltijas, un Somijas iedz\u012bvot\u0101jiem ar\u012b tie\u0161os maks\u0101jumus ar internetbanku.<\/p>\n\n\n\n<figure class=\"wp-block-image size-medium\"><img loading=\"lazy\" decoding=\"async\" width=\"300\" height=\"58\" src=\"https:\/\/migle.dev.unionfintech.com\/wp-content\/uploads\/2023\/01\/maksekeskus_logo_horizontal-300x58.png\" alt=\"\" class=\"wp-image-40305\"\/><figcaption class=\"wp-element-caption\">MakeCommerce<\/figcaption><\/figure>\n\n\n\n<p><em>Amica Lt UAB ir atbild\u012bgais personas datu apstr\u0101d\u0101t\u0101js, Amica Lt UAB nos\u016bta maks\u0101jumu veik\u0161anai nepiecie\u0161amos personas datus pilnvarotajam apstr\u0101d\u0101t\u0101jam Maksekeskus AS. Maks\u0101jumi tiek veikti caur Maksekeskus AS.<\/em><\/p>\n\n\n\n<p>Valuta Samaksa tiek veikta eiro, visas cenas ir nor\u0101d\u012btas eiro ar PVN 21%.<\/p>\n","protected":false},"excerpt":{"rendered":"<p>Apmaksas forma Par pas\u016bt\u012bjumiem var nor\u0113\u0137in\u0101ties ar kred\u012btkarti (Visa, Maestro, MasterCard) vai bankas sait\u0113s (Luminor, Citadele). Maks\u0101juma veik\u0161ana notiek \u0101rpus migle.lt interneta veikala vides konkr\u0113t\u0101s bankas vai pakalpojuma sniedz\u0113ja dro\u0161aj\u0101 maks\u0101jumu vid\u0113. Migle.lt interneta veikalam nav pieejas klienta bankas un kred\u012btkartes datiem. Kred\u012btkar\u0161u maks\u0101jumu starpnieks, Paysera ir MakeCommerce\u2122 by Maksekeskus AS Latvijas fili\u0101le. Makecommerce\/Paysera &#8211;&hellip;<\/p>\n","protected":false},"author":2,"featured_media":0,"parent":0,"menu_order":0,"comment_status":"closed","ping_status":"closed","template":"","meta":{"inline_featured_image":false,"footnotes":""},"class_list":["post-38228","page","type-page","status-publish","hentry"],"_links":{"self":[{"href":"https:\/\/migle.dev.unionfintech.com\/lv\/wp-json\/wp\/v2\/pages\/38228","targetHints":{"allow":["GET"]}}],"collection":[{"href":"https:\/\/migle.dev.unionfintech.com\/lv\/wp-json\/wp\/v2\/pages"}],"about":[{"href":"https:\/\/migle.dev.unionfintech.com\/lv\/wp-json\/wp\/v2\/types\/page"}],"author":[{"embeddable":true,"href":"https:\/\/migle.dev.unionfintech.com\/lv\/wp-json\/wp\/v2\/users\/2"}],"replies":[{"embeddable":true,"href":"https:\/\/migle.dev.unionfintech.com\/lv\/wp-json\/wp\/v2\/comments?post=38228"}],"version-history":[{"count":4,"href":"https:\/\/migle.dev.unionfintech.com\/lv\/wp-json\/wp\/v2\/pages\/38228\/revisions"}],"predecessor-version":[{"id":41745,"href":"https:\/\/migle.dev.unionfintech.com\/lv\/wp-json\/wp\/v2\/pages\/38228\/revisions\/41745"}],"wp:attachment":[{"href":"https:\/\/migle.dev.unionfintech.com\/lv\/wp-json\/wp\/v2\/media?parent=38228"}],"curies":[{"name":"wp","href":"https:\/\/api.w.org\/{rel}","templated":true}]}}