{"id":40721,"date":"2023-02-06T11:36:54","date_gmt":"2023-02-06T09:36:54","guid":{"rendered":"https:\/\/migle.dev.unionfintech.com\/par-mums\/"},"modified":"2023-02-06T11:36:55","modified_gmt":"2023-02-06T09:36:55","slug":"par-mums","status":"publish","type":"page","link":"https:\/\/migle.dev.unionfintech.com\/lv\/par-mums\/","title":{"rendered":"Par mums"},"content":{"rendered":"\n<div class=\"wp-block-media-text is-stacked-on-mobile is-image-fill has-background has-background\" style=\"background-color:#f2ece8\"><figure class=\"wp-block-media-text__media\" style=\"background-image:url(https:\/\/migle.dev.unionfintech.com\/wp-content\/uploads\/2022\/09\/C15F50-011-815x1024.jpg);background-position:50% 50%\"><img loading=\"lazy\" decoding=\"async\" width=\"815\" height=\"1024\" src=\"https:\/\/migle.dev.unionfintech.com\/wp-content\/uploads\/2022\/09\/C15F50-011-815x1024.jpg\" alt=\"\" class=\"wp-image-30535 size-full\" srcset=\"https:\/\/migle.dev.unionfintech.com\/wp-content\/uploads\/2022\/09\/C15F50-011-815x1024.jpg 815w, https:\/\/migle.dev.unionfintech.com\/wp-content\/uploads\/2022\/09\/C15F50-011-239x300.jpg 239w, https:\/\/migle.dev.unionfintech.com\/wp-content\/uploads\/2022\/09\/C15F50-011-768x965.jpg 768w, https:\/\/migle.dev.unionfintech.com\/wp-content\/uploads\/2022\/09\/C15F50-011-80x100.jpg 80w\" sizes=\"auto, (max-width: 815px) 100vw, 815px\" \/><\/figure><div class=\"wp-block-media-text__content\">\n<h1 class=\"wp-block-heading\">MIGL\u0116 LINGERIE<\/h1>\n\n\n\n<p><strong>Migl\u0117 apak\u0161ve\u013cas m\u0113r\u0137is ir b\u016bt br\u012bni\u0161\u0137\u012bgai, unik\u0101lai, sp\u0113c\u012bgai un j\u016bt\u012bgai \u2013 sniegt \u0161o saj\u016btu ikkatrai sievietei.<\/strong><\/p>\n\n\n\n<p>\u2661 <\/p>\n\n\n\n<p>Migl\u0117 apak\u0161ve\u013ca ir tie\u0161saistes veikals un neliels veikalu t\u012bkls, kur\u0101 var atrast daudzu pasaul\u0113 paz\u012bstamus z\u012bmolus, piem\u0113ram, <strong>Chantelle, Passionata, Chantal Thomass, Spanx, Wacoal, Calvin Klein, Tommy Hilfiger, Aubade, Charmline, Maryan Mehlhorn<\/strong> un v\u0113l gaid\u0101mi jauni jaupien\u0101c\u0113ji.<\/p>\n<\/div><\/div>\n\n<div class=\"wp-block-columns is-layout-flex wp-container-core-columns-is-layout-9d6595d7 wp-block-columns-is-layout-flex\">\n<div class=\"wp-block-column is-layout-flow wp-block-column-is-layout-flow\" style=\"flex-basis:70%\">\n<p>Ikdienas luksusa preces, kori\u0123\u0113jo\u0161\u0101 ve\u013ca, pludmales ap\u0123\u0113rbi, z\u012bda pid\u017eamas, l\u012bgavu komplekti un izstr\u0101d\u0101jumi j\u016bsu \u012bpa\u0161aj\u0101m dien\u0101m, k\u0101 ar\u012b daudz kas cits ikkatram noska\u0146ojumam, katram t\u0113rpam, katrai saj\u016btai \u2013 katru dienu. <\/p>\n\n\n\n<p>M\u0113s zin\u0101m, ka laba apak\u0161ve\u013ca ir absol\u016bti nepiecie\u0161ama grezn\u012bba un iedvesmojo\u0161a sast\u0101vda\u013ca j\u016bsu ikdienas rut\u012bnai un \u012bpa\u0161ajiem sv\u0113tkiem. R\u016bp\u012bgi atlas\u012btas kolekcijas tiek veidotas no kvalitat\u012bviem materi\u0101liem un inovat\u012bv\u0101m tehnolo\u0123ij\u0101m, lai t\u0101s atbilstu da\u017e\u0101du siluetu, formu un izm\u0113ru sieviet\u0113m. Pla\u0161s izm\u0113ru un funkcionalit\u0101tes kl\u0101sts. <\/p>\n\n\n\n<p>M\u0113s veidojam dro\u0161u un m\u0101j\u012bgu telpu, lai izp\u0113t\u012btu int\u012bmo pasauli \u2014kur sievietes j\u016btas saprastas un apr\u016bp\u0113tas, lai vi\u0146as var\u0113tu justies laikm\u012bgas un iedvesmotas. <\/p>\n\n\n\n<p>Izv\u0113lieties tie\u0161saist\u0113 vai laipni l\u016bdzam veikal\u0101 jau \u0161odien un ieg\u0101d\u0101jieties kr\u0101\u0161\u0146u apak\u0161ve\u013cu, ko varat baud\u012bt jau taj\u0101 pa\u0161\u0101 dien\u0101. <\/p>\n\n\n\n<p><strong>Ar m\u012blest\u012bbu, Migl\u0117 komanda.<\/strong><\/p>\n<\/div>\n<\/div>\n","protected":false},"excerpt":{"rendered":"<p>MIGL\u0116 LINGERIE Migl\u0117 apak\u0161ve\u013cas m\u0113r\u0137is ir b\u016bt br\u012bni\u0161\u0137\u012bgai, unik\u0101lai, sp\u0113c\u012bgai un j\u016bt\u012bgai \u2013 sniegt \u0161o saj\u016btu ikkatrai sievietei. \u2661 Migl\u0117 apak\u0161ve\u013ca ir tie\u0161saistes veikals un neliels veikalu t\u012bkls, kur\u0101 var atrast daudzu pasaul\u0113 paz\u012bstamus z\u012bmolus, piem\u0113ram, Chantelle, Passionata, Chantal Thomass, Spanx, Wacoal, Calvin Klein, Tommy Hilfiger, Aubade, Charmline, Maryan Mehlhorn un v\u0113l gaid\u0101mi jauni jaupien\u0101c\u0113ji.&hellip;<\/p>\n","protected":false},"author":1,"featured_media":0,"parent":0,"menu_order":0,"comment_status":"closed","ping_status":"closed","template":"","meta":{"inline_featured_image":false,"footnotes":""},"class_list":["post-40721","page","type-page","status-publish","hentry"],"_links":{"self":[{"href":"https:\/\/migle.dev.unionfintech.com\/lv\/wp-json\/wp\/v2\/pages\/40721","targetHints":{"allow":["GET"]}}],"collection":[{"href":"https:\/\/migle.dev.unionfintech.com\/lv\/wp-json\/wp\/v2\/pages"}],"about":[{"href":"https:\/\/migle.dev.unionfintech.com\/lv\/wp-json\/wp\/v2\/types\/page"}],"author":[{"embeddable":true,"href":"https:\/\/migle.dev.unionfintech.com\/lv\/wp-json\/wp\/v2\/users\/1"}],"replies":[{"embeddable":true,"href":"https:\/\/migle.dev.unionfintech.com\/lv\/wp-json\/wp\/v2\/comments?post=40721"}],"version-history":[{"count":2,"href":"https:\/\/migle.dev.unionfintech.com\/lv\/wp-json\/wp\/v2\/pages\/40721\/revisions"}],"predecessor-version":[{"id":40723,"href":"https:\/\/migle.dev.unionfintech.com\/lv\/wp-json\/wp\/v2\/pages\/40721\/revisions\/40723"}],"wp:attachment":[{"href":"https:\/\/migle.dev.unionfintech.com\/lv\/wp-json\/wp\/v2\/media?parent=40721"}],"curies":[{"name":"wp","href":"https:\/\/api.w.org\/{rel}","templated":true}]}}