{"id":41018,"date":"2023-02-17T16:56:44","date_gmt":"2023-02-17T14:56:44","guid":{"rendered":"https:\/\/migle.dev.unionfintech.com\/izmeru-tabula\/"},"modified":"2023-02-17T16:56:47","modified_gmt":"2023-02-17T14:56:47","slug":"izmeru-tabula","status":"publish","type":"page","link":"https:\/\/migle.dev.unionfintech.com\/lv\/izmeru-tabula\/","title":{"rendered":"Izm\u0113ru tabula"},"content":{"rendered":"\n<h2 class=\"wp-block-heading\"><mark style=\"background-color:rgba(0, 0, 0, 0);color:#e9c9c9\" class=\"has-inline-color\">Izm\u0113ru tabula<\/mark><\/h2>\n\n<p><\/p>\n\n<h2 class=\"wp-block-heading\"><mark style=\"background-color:rgba(0, 0, 0, 0);color:#abb8c3\" class=\"has-inline-color\">Kr\u016b\u0161turi un peld\u0113\u0161anas kr\u016b\u0161turi<\/mark><\/h2>\n\n<p>Nosakiet kr\u016b\u0161tura joslas garumu<\/p>\n\n<p><em>Apk\u0101rtm\u0113rs zem kr\u016bt\u012bm (cm)<\/em><\/p>\n\n<figure class=\"wp-block-table is-style-stripes has-small-font-size\"><table><tbody><tr><td><\/td><td>63-67 cm<\/td><td>68-72 cm<\/td><td>73-77 cm<\/td><td>78-82 cm<\/td><td>83-87 cm<\/td><td>88-92 cm<\/td><td>93-97 cm<\/td><\/tr><tr><td>FR\/BE<\/td><td>80<\/td><td>85<\/td><td>90<\/td><td>95<\/td><td>100<\/td><td>105<\/td><td>110<\/td><\/tr><tr><td>UK\/US<\/td><td>30<\/td><td>32<\/td><td>34<\/td><td>36<\/td><td>38<\/td><td>40<\/td><td>42<\/td><\/tr><tr><td>DE\/EUR<\/td><td>65<\/td><td>70<\/td><td>75<\/td><td>80<\/td><td>85<\/td><td>90<\/td><td>95<\/td><\/tr><\/tbody><\/table><\/figure>\n\n<h2 class=\"wp-block-heading\"><mark style=\"background-color:rgba(0, 0, 0, 0);color:#abb8c3\" class=\"has-inline-color\">Nosakiet kausa izm\u0113ru<\/mark><\/h2>\n\n<p><em>Kr\u016b\u0161kurvja apk\u0101rtm\u0113rs (cm)<\/em><\/p>\n\n<figure class=\"wp-block-table is-style-stripes has-small-font-size\"><table><tbody><tr><td><\/td><td>30<\/td><td>32<\/td><td>34<\/td><td>36<\/td><td>38<\/td><td>40<\/td><td>42<\/td><\/tr><tr><td>A<\/td><td>77-79<\/td><td>82-84<\/td><td>87-89<\/td><td>92-94<\/td><td>97-99<\/td><td>102-104<\/td><td>107-109<\/td><\/tr><tr><td>B<\/td><td>79-81<\/td><td>84-86<\/td><td>89-91<\/td><td>94-98<\/td><td>99-101<\/td><td>104-106<\/td><td>109-111<\/td><\/tr><tr><td>C<\/td><td>81-83<\/td><td>86-88<\/td><td>91-93<\/td><td>96-98<\/td><td>101-103<\/td><td>106-108<\/td><td>111-113<\/td><\/tr><tr><td>D<\/td><td>83-85<\/td><td>88-90<\/td><td>93-95<\/td><td>98-100<\/td><td>103-105<\/td><td>108-110<\/td><td>113-115<\/td><\/tr><tr><td>DD<\/td><td>85-87<\/td><td>90-92<\/td><td>95-97<\/td><td>100-102<\/td><td>105-107<\/td><td>110-112<\/td><td>115-117<\/td><\/tr><tr><td>E<\/td><td>87-89<\/td><td>92-94<\/td><td>97-99<\/td><td>102-104<\/td><td>107-109<\/td><td>112-114<\/td><td>117-119<\/td><\/tr><tr><td>F<\/td><td>89-90<\/td><td>94-96<\/td><td>99-101<\/td><td>104-106<\/td><td>109-111<\/td><td>114-116<\/td><td>119-121<\/td><\/tr><tr><td>FF<\/td><td>91-93<\/td><td>96-98<\/td><td>101-103<\/td><td>106-108<\/td><td>111-113<\/td><td>116-118<\/td><td>121-123<\/td><\/tr><\/tbody><\/table><\/figure>\n\n<h2 class=\"wp-block-heading\"><mark style=\"background-color:rgba(0, 0, 0, 0);color:#abb8c3\" class=\"has-inline-color\">Bralete<\/mark><\/h2>\n\n<p>UK Izm\u0113rs<\/p>\n\n<figure class=\"wp-block-table is-style-stripes has-small-font-size\"><table><tbody><tr><td><\/td><td>32<\/td><td>34<\/td><td>36<\/td><td>38<\/td><\/tr><tr><td>A<\/td><td>XS<\/td><td>S<\/td><td>M<\/td><td>L<\/td><\/tr><tr><td>B<\/td><td>XS<\/td><td>S<\/td><td>M<\/td><td>L<\/td><\/tr><tr><td>C<\/td><td>XS<\/td><td>S<\/td><td>M<\/td><td>L<\/td><\/tr><tr><td>D<\/td><td>S<\/td><td>M<\/td><td>L<\/td><td>L<\/td><\/tr><tr><td>DD<\/td><td>S<\/td><td>L<\/td><td>L<\/td><td><\/td><\/tr><\/tbody><\/table><\/figure>\n\n<h2 class=\"wp-block-heading\"><mark style=\"background-color:rgba(0, 0, 0, 0);color:#abb8c3\" class=\"has-inline-color\">Biks\u012btes<\/mark><\/h2>\n\n<p><\/p>\n\n<figure class=\"wp-block-table is-style-stripes has-small-font-size\"><table><tbody><tr><td>viduk\u013ca apk\u0101rtm\u0113rs (cm)<\/td><td>66-70<\/td><td>70-74<\/td><td>74-78<\/td><td>78-82<\/td><td>82-86<\/td><td>86-90<\/td><td>90-94<\/td><\/tr><tr><td>gurnu apk\u0101rtm\u0113rs (cm)<\/td><td>92-96<\/td><td>96-100<\/td><td>100-104<\/td><td>104-108<\/td><td>108-112<\/td><td>112-116<\/td><td>116-120<\/td><\/tr><tr><td>FR<\/td><td>1<\/td><td>2<\/td><td>3<\/td><td>4<\/td><td>5<\/td><td>6<\/td><td>7<\/td><\/tr><tr><td>EUR\/DE<\/td><td>36<\/td><td>38<\/td><td>40<\/td><td>42<\/td><td>44<\/td><td>46<\/td><td>48<\/td><\/tr><tr><td>US<\/td><td>XS<\/td><td>S<\/td><td>M<\/td><td>L<\/td><td>XL<\/td><td>2XL<\/td><td>3XL<\/td><\/tr><tr><td>UK<\/td><td>8<\/td><td>10<\/td><td>12<\/td><td>14<\/td><td>16<\/td><td>18<\/td><td>20<\/td><\/tr><\/tbody><\/table><\/figure>\n\n<figure class=\"wp-block-gallery has-nested-images columns-default is-cropped wp-block-gallery-1 is-layout-flex wp-block-gallery-is-layout-flex\">\n<figure class=\"wp-block-image size-large\"><img loading=\"lazy\" decoding=\"async\" width=\"570\" height=\"760\" data-id=\"38067\" src=\"https:\/\/migle.dev.unionfintech.com\/wp-content\/uploads\/2022\/12\/pantie-size.jpeg\" alt=\"\" class=\"wp-image-38067\" srcset=\"https:\/\/migle.dev.unionfintech.com\/wp-content\/uploads\/2022\/12\/pantie-size.jpeg 570w, https:\/\/migle.dev.unionfintech.com\/wp-content\/uploads\/2022\/12\/pantie-size-225x300.jpeg 225w\" sizes=\"auto, (max-width: 570px) 100vw, 570px\" \/><\/figure>\n\n\n\n<figure class=\"wp-block-image size-large\"><img loading=\"lazy\" decoding=\"async\" width=\"570\" height=\"760\" data-id=\"38062\" src=\"https:\/\/migle.dev.unionfintech.com\/wp-content\/uploads\/2022\/12\/bra-size.jpeg\" alt=\"\" class=\"wp-image-38062\" srcset=\"https:\/\/migle.dev.unionfintech.com\/wp-content\/uploads\/2022\/12\/bra-size.jpeg 570w, https:\/\/migle.dev.unionfintech.com\/wp-content\/uploads\/2022\/12\/bra-size-225x300.jpeg 225w\" sizes=\"auto, (max-width: 570px) 100vw, 570px\" \/><\/figure>\n<\/figure>\n","protected":false},"excerpt":{"rendered":"<p>Izm\u0113ru tabula Kr\u016b\u0161turi un peld\u0113\u0161anas kr\u016b\u0161turi Nosakiet kr\u016b\u0161tura joslas garumu Apk\u0101rtm\u0113rs zem kr\u016bt\u012bm (cm) 63-67 cm 68-72 cm 73-77 cm 78-82 cm 83-87 cm 88-92 cm 93-97 cm FR\/BE 80 85 90 95 100 105 110 UK\/US 30 32 34 36 38 40 42 DE\/EUR 65 70 75 80 85 90 95 Nosakiet kausa izm\u0113ru&hellip;<\/p>\n","protected":false},"author":2,"featured_media":0,"parent":0,"menu_order":0,"comment_status":"closed","ping_status":"closed","template":"","meta":{"inline_featured_image":false,"footnotes":""},"class_list":["post-41018","page","type-page","status-publish","hentry"],"_links":{"self":[{"href":"https:\/\/migle.dev.unionfintech.com\/lv\/wp-json\/wp\/v2\/pages\/41018","targetHints":{"allow":["GET"]}}],"collection":[{"href":"https:\/\/migle.dev.unionfintech.com\/lv\/wp-json\/wp\/v2\/pages"}],"about":[{"href":"https:\/\/migle.dev.unionfintech.com\/lv\/wp-json\/wp\/v2\/types\/page"}],"author":[{"embeddable":true,"href":"https:\/\/migle.dev.unionfintech.com\/lv\/wp-json\/wp\/v2\/users\/2"}],"replies":[{"embeddable":true,"href":"https:\/\/migle.dev.unionfintech.com\/lv\/wp-json\/wp\/v2\/comments?post=41018"}],"version-history":[{"count":2,"href":"https:\/\/migle.dev.unionfintech.com\/lv\/wp-json\/wp\/v2\/pages\/41018\/revisions"}],"predecessor-version":[{"id":41020,"href":"https:\/\/migle.dev.unionfintech.com\/lv\/wp-json\/wp\/v2\/pages\/41018\/revisions\/41020"}],"wp:attachment":[{"href":"https:\/\/migle.dev.unionfintech.com\/lv\/wp-json\/wp\/v2\/media?parent=41018"}],"curies":[{"name":"wp","href":"https:\/\/api.w.org\/{rel}","templated":true}]}}