{"id":41689,"date":"2023-03-01T19:20:58","date_gmt":"2023-03-01T17:20:58","guid":{"rendered":"https:\/\/migle.dev.unionfintech.com\/davanu-kartes\/"},"modified":"2023-03-01T19:21:02","modified_gmt":"2023-03-01T17:21:02","slug":"davanu-kartes","status":"publish","type":"page","link":"https:\/\/migle.dev.unionfintech.com\/lv\/davanu-kartes\/","title":{"rendered":"D\u0101vanu kartes"},"content":{"rendered":"\n<h2 class=\"wp-block-heading\">D\u0101vanu kartes<\/h2>\n\n<p>Nezini ko d\u0101vin\u0101t? <\/p>\n\n<p>Uzd\u0101viniet <mark style=\"background-color:rgba(0, 0, 0, 0)\" class=\"has-inline-color has-vivid-red-color\">Migle apak\u0161ve\u013cas d\u0101vanu kuponu<\/mark>! \u012apa\u0161a sieviete ir peln\u012bjusi lab\u0101ko &#8211; greznu augstas kvalit\u0101tes apak\u0161ve\u013cu. <\/p>\n\n<p>T\u0101p\u0113c iepriecini sevi vai savus m\u012b\u013cos ar elegantu un stil\u012bgu apak\u0161ve\u013cas komplektu no veikaliem Migle!<\/p>\n\n<p><\/p>\n\n<p>Ieg\u0101d\u0101tos e-d\u0101vanu kuponus var izmantot pirkumiem <strong>migle.lt<\/strong> e-veikal\u0101 un <strong>fiziskajos veikalos<\/strong>.<\/p>\n\n<p>Pie mums var pas\u016bt\u012bt d\u0101vanu karti 50 \u20ac, 100 \u20ac, 150 \u20ac un 200 \u20ac v\u0113rt\u012bb\u0101. <\/p>\n\n<p><br\/>Elektronisko d\u0101vanu karti sa\u0146emsi e- past\u0101 p\u0113c apmaksas taj\u0101 pa\u0161\u0101 vai n\u0101kamaj\u0101 dien\u0101. \u0100tr\u0101kai pieg\u0101dei varat sazin\u0101ties ar mums pa t\u0101lruni vai e- pastu.<\/p>\n\n<p><br\/>Ieg\u0101d\u0101t\u0101s e-D\u0101vanu kartes tiek nos\u016bt\u012btas pa e- pastu vai ar\u012b varat izv\u0113l\u0113ties iesp\u0113ju \u201eiz\u0146emt pa\u0161am\u201c.<\/p>\n\n<figure class=\"wp-block-gallery has-nested-images columns-default is-cropped wp-block-gallery-1 is-layout-flex wp-block-gallery-is-layout-flex\">\n<figure class=\"wp-block-image size-large\"><img loading=\"lazy\" decoding=\"async\" width=\"1024\" height=\"1024\" data-id=\"37926\" src=\"https:\/\/migle.dev.unionfintech.com\/wp-content\/uploads\/2022\/12\/gift-card-2-1-1024x1024.jpeg\" alt=\"\" class=\"wp-image-37926\" srcset=\"https:\/\/migle.dev.unionfintech.com\/wp-content\/uploads\/2022\/12\/gift-card-2-1-1024x1024.jpeg 1024w, https:\/\/migle.dev.unionfintech.com\/wp-content\/uploads\/2022\/12\/gift-card-2-1-300x300.jpeg 300w, https:\/\/migle.dev.unionfintech.com\/wp-content\/uploads\/2022\/12\/gift-card-2-1-150x150.jpeg 150w, https:\/\/migle.dev.unionfintech.com\/wp-content\/uploads\/2022\/12\/gift-card-2-1-768x768.jpeg 768w, https:\/\/migle.dev.unionfintech.com\/wp-content\/uploads\/2022\/12\/gift-card-2-1-1010x1010.jpeg 1010w, https:\/\/migle.dev.unionfintech.com\/wp-content\/uploads\/2022\/12\/gift-card-2-1-50x50.jpeg 50w, https:\/\/migle.dev.unionfintech.com\/wp-content\/uploads\/2022\/12\/gift-card-2-1-100x100.jpeg 100w\" sizes=\"auto, (max-width: 1024px) 100vw, 1024px\" \/><\/figure>\n\n\n\n<figure class=\"wp-block-image size-large\"><img loading=\"lazy\" decoding=\"async\" width=\"1024\" height=\"1024\" data-id=\"37925\" src=\"https:\/\/migle.dev.unionfintech.com\/wp-content\/uploads\/2022\/12\/gift-card-1024x1024.jpeg\" alt=\"\" class=\"wp-image-37925\" srcset=\"https:\/\/migle.dev.unionfintech.com\/wp-content\/uploads\/2022\/12\/gift-card-1024x1024.jpeg 1024w, https:\/\/migle.dev.unionfintech.com\/wp-content\/uploads\/2022\/12\/gift-card-300x300.jpeg 300w, https:\/\/migle.dev.unionfintech.com\/wp-content\/uploads\/2022\/12\/gift-card-150x150.jpeg 150w, https:\/\/migle.dev.unionfintech.com\/wp-content\/uploads\/2022\/12\/gift-card-768x768.jpeg 768w, https:\/\/migle.dev.unionfintech.com\/wp-content\/uploads\/2022\/12\/gift-card-1010x1010.jpeg 1010w, https:\/\/migle.dev.unionfintech.com\/wp-content\/uploads\/2022\/12\/gift-card-50x50.jpeg 50w, https:\/\/migle.dev.unionfintech.com\/wp-content\/uploads\/2022\/12\/gift-card-100x100.jpeg 100w\" sizes=\"auto, (max-width: 1024px) 100vw, 1024px\" \/><\/figure>\n<\/figure>\n\n<p><em>D\u0101vanu kartes der\u012bguma termi\u0146\u0161 ir 6 m\u0113ne\u0161i. <\/em><\/p>\n\n<h2 class=\"wp-block-heading\">AKCIJAS atlaides kods<\/h2>\n\n<p>Atlaides kods\/akcijas kods ir \u012bpa\u0161a burtu un ciparu kombin\u0101cija, kas sniedz noteiktu atlaidi, p\u0113rkot preces Migle.lt<\/p>\n\n<p>Vien\u0101 pirkuma reiz\u0113 var izmantot tikai viena veida atlaidi. P\u0113c atlaides koda ievad\u012b\u0161anas prece tiek autom\u0101tiski apr\u0113\u0137in\u0101ta ar atlaidi.<\/p>\n\n<p>Atlai\u017eu kodam (akcijas kodam) ir ierobe\u017eots der\u012bguma termi\u0146\u0161, kas tiek nor\u0101d\u012bts akcijas laik\u0101 vai t\u0101 sa\u0146em\u0161anas br\u012bd\u012b.<\/p>\n\n<p><em>K\u0101 izmantot atlaides kodu?<\/em><\/p>\n\n<p>Izv\u0113lieties vajadz\u012bgo preci un ievietojiet to groz\u0101. P\u0113c tam lap\u0101 \u00abGrozs\u00bb attiec\u012bgaj\u0101 lauk\u0101 \u00abAtlai\u017eu karte\u00bb ievadiet atlaides kodu un nospiediet pogu \u00abPIEVIENOT\u00bb. J\u016bsu pas\u016bt\u012bjuma izmaksas tiks p\u0101rr\u0113\u0137in\u0101tas ar atlaidi akcijas kodam.<\/p>\n","protected":false},"excerpt":{"rendered":"<p>D\u0101vanu kartes Nezini ko d\u0101vin\u0101t? Uzd\u0101viniet Migle apak\u0161ve\u013cas d\u0101vanu kuponu! \u012apa\u0161a sieviete ir peln\u012bjusi lab\u0101ko &#8211; greznu augstas kvalit\u0101tes apak\u0161ve\u013cu. T\u0101p\u0113c iepriecini sevi vai savus m\u012b\u013cos ar elegantu un stil\u012bgu apak\u0161ve\u013cas komplektu no veikaliem Migle! Ieg\u0101d\u0101tos e-d\u0101vanu kuponus var izmantot pirkumiem migle.lt e-veikal\u0101 un fiziskajos veikalos. Pie mums var pas\u016bt\u012bt d\u0101vanu karti 50 \u20ac, 100&hellip;<\/p>\n","protected":false},"author":2,"featured_media":0,"parent":0,"menu_order":0,"comment_status":"closed","ping_status":"closed","template":"","meta":{"inline_featured_image":false,"footnotes":""},"class_list":["post-41689","page","type-page","status-publish","hentry"],"_links":{"self":[{"href":"https:\/\/migle.dev.unionfintech.com\/lv\/wp-json\/wp\/v2\/pages\/41689","targetHints":{"allow":["GET"]}}],"collection":[{"href":"https:\/\/migle.dev.unionfintech.com\/lv\/wp-json\/wp\/v2\/pages"}],"about":[{"href":"https:\/\/migle.dev.unionfintech.com\/lv\/wp-json\/wp\/v2\/types\/page"}],"author":[{"embeddable":true,"href":"https:\/\/migle.dev.unionfintech.com\/lv\/wp-json\/wp\/v2\/users\/2"}],"replies":[{"embeddable":true,"href":"https:\/\/migle.dev.unionfintech.com\/lv\/wp-json\/wp\/v2\/comments?post=41689"}],"version-history":[{"count":4,"href":"https:\/\/migle.dev.unionfintech.com\/lv\/wp-json\/wp\/v2\/pages\/41689\/revisions"}],"predecessor-version":[{"id":41693,"href":"https:\/\/migle.dev.unionfintech.com\/lv\/wp-json\/wp\/v2\/pages\/41689\/revisions\/41693"}],"wp:attachment":[{"href":"https:\/\/migle.dev.unionfintech.com\/lv\/wp-json\/wp\/v2\/media?parent=41689"}],"curies":[{"name":"wp","href":"https:\/\/api.w.org\/{rel}","templated":true}]}}