{"id":41878,"date":"2023-03-03T10:35:14","date_gmt":"2023-03-03T08:35:14","guid":{"rendered":"https:\/\/migle.dev.unionfintech.com\/maksajumu-veidi\/"},"modified":"2023-03-03T10:35:16","modified_gmt":"2023-03-03T08:35:16","slug":"maksajumu-veidi","status":"publish","type":"page","link":"https:\/\/migle.dev.unionfintech.com\/lv\/maksajumu-veidi\/","title":{"rendered":"Maks\u0101jumu veidi"},"content":{"rendered":"\n<h2 class=\"wp-block-heading\">Maks\u0101jumu veidi<\/h2>\n\n<p><strong>K\u0100 VAR APMAKS\u0100T PAS\u016aT\u012aJUMU?<\/strong><\/p>\n\n<figure class=\"wp-block-image size-large is-resized\"><img loading=\"lazy\" decoding=\"async\" src=\"https:\/\/migle.dev.unionfintech.com\/wp-content\/uploads\/2023\/01\/maksekeskus_logo_horizontal-1024x200.png\" alt=\"\" class=\"wp-image-40303\" width=\"212\" height=\"42\"\/><figcaption class=\"wp-element-caption\">Maksekeskus<\/figcaption><\/figure>\n\n<p>J\u016bs varat nor\u0113\u0137in\u0101ties par pas\u016bt\u012bjumu <strong>ar Visa, MasterCard un Maestro debetkart\u0113m vai kred\u012btkart\u0113m, izmantojot Lietuvas, Latvijas un Igaunijas banku saites<\/strong> (Swedbank, SEB, Nordea, Danske Bank, Krediidipank, LHV pank, Coop pank, Poco pay, Luminor, Citadele) . <\/p>\n\n<p><\/p>\n\n<p>Apmaksa notiek dro\u0161\u0101 vid\u0113 \u0101rpus migle.lt interneta veikala caur Maksekeskus AS. <\/p>\n\n<p><strong>Amica LT UAB<\/strong> ir atbild\u012bgais personas datu apstr\u0101d\u0101t\u0101js, Amica LT UAB nos\u016bta maks\u0101jumu veik\u0161anai nepiecie\u0161amos personas datus pilnvarotajam apstr\u0101d\u0101t\u0101jam <strong>Maksekeskus AS.<\/strong><\/p>\n\n<p><strong>Migle.lt nav piek\u013cuves klienta bankas un kred\u012btkartes inform\u0101cijai.<\/strong><\/p>\n\n<p><\/p>\n\n<h2 class=\"wp-block-heading\">Ar p\u0101rskait\u012bjumu<\/h2>\n\n<p>Apmaks\u0101t pas\u016bt\u012bjumu varat ar p\u0101rskait\u012bjumu uz SEB bankas nor\u0113\u0137inu kontu <strong>LT70 7044 0901 0246 5223<\/strong>, UAB Amica LT. <\/p>\n\n<p>Apmaks\u0101jot ar r\u0113\u0137inu, l\u016bdzam ail\u0113 &#8220;M\u0113r\u0137is&#8221; nor\u0101d\u012bt pas\u016bt\u012bjuma numuru vai r\u0113\u0137ina numuru. Paredzamais pieg\u0101des laiks ir 3 dienas no maks\u0101juma sa\u0146em\u0161anas dienas Amica LT UAB nor\u0113\u0137inu kont\u0101.<\/p>\n\n<p><\/p>\n\n<figure class=\"wp-block-image size-full is-resized\"><img loading=\"lazy\" decoding=\"async\" src=\"https:\/\/migle.dev.unionfintech.com\/wp-content\/uploads\/2023\/01\/1_Paysera-logo-for-light-background-1.png\" alt=\"\" class=\"wp-image-40308\" width=\"202\" height=\"47\"\/><figcaption class=\"wp-element-caption\">Paysera<\/figcaption><\/figure>\n\n<p>Paysera Paysera ir Lietuvas maks\u0101jumu sist\u0113ma maks\u0101jumu veik\u0161anai internet\u0101, kas sniedz savus pakalpojumus vair\u0101k nek\u0101 180 valst\u012bs vis\u0101 pasaul\u0113. S\u012bk\u0101ka inform\u0101cija <a href=\"https:\/\/www.paysera.com\/\" target=\"_blank\" rel=\"noopener\">www.paysera.com.<\/a><\/p>\n\n<p>Lai nor\u0113\u0137in\u0101tos caur savu banku, izv\u0113lieties maks\u0101juma veidu &#8220;Paysera&#8221;. P\u0113c pas\u016bt\u012bjuma apstiprin\u0101\u0161anas tiksiet novirz\u012bts uz Paysera sist\u0113mu, kur var\u0113siet izv\u0113l\u0113ties sev v\u0113lamo banku. P\u0113c tam izpildiet Paysera nor\u0101d\u012bt\u0101s proced\u016bras un apstipriniet maks\u0101jumu.<\/p>\n\n<p>P\u0113c maks\u0101juma apstiprin\u0101\u0161anas j\u016bs tiksiet novirz\u012bts atpaka\u013c uz m\u016bsu tie\u0161saistes veikalu. L\u016bdzu, \u0146emiet v\u0113r\u0101, ka jebk\u0101da personas inform\u0101cija, kuru ievad\u0101t, apstr\u0101d\u0101jot maks\u0101jumu, nek\u0101d\u0101 veid\u0101 netiek kop\u012bgota ar m\u016bsu uz\u0146\u0113mumu. Paysera maks\u0101jumu sist\u0113m\u0101 pas\u016bt\u012bjumu var apmaks\u0101t, izmantojot <strong>Swedbank, Luminor|Nordea, LHV pank, Coop Pank bankas saites, k\u0101 ar\u012b caur Paysera vai WebMoney<\/strong> kontu. <\/p>\n\n<p>L\u012bdzek\u013cu sa\u0146\u0113m\u0113js ir EVP INTERNATIONAL UAB vai PAYSERA. T\u0101l\u0101k naudas l\u012bdzek\u013ci no Paysera tiek p\u0101rskait\u012bti uz Amica LT UAB (migle.lt) nor\u0113\u0137inu kontu.<\/p>\n\n<p><\/p>\n<style>.kt-svg-icons_3f540e-14 .kt-svg-item-0 .kb-svg-icon-wrap{color:#444444;font-size:24px;}.wp-block-kadence-icon.kt-svg-icons_3f540e-14{justify-content:flex-start;}<\/style>\n<div class=\"wp-block-kadence-icon kt-svg-icons kt-svg-icons_3f540e-14 alignnone\" style=\"text-align:left\"><div class=\"kt-svg-style-default kt-svg-icon-wrap kt-svg-item-0\"><div style=\"display:inline-flex;justify-content:center;align-items:center;color:#444444\" class=\"kt-svg-icon kt-svg-icon-fe_mail\"><svg style=\"display:inline-block;vertical-align:middle\" viewbox=\"0 0 24 24\" height=\"24\" width=\"24\" fill=\"none\" stroke=\"currentColor\" xmlns=\"http:\/\/www.w3.org\/2000\/svg\" stroke-width=\"2\" stroke-linecap=\"round\" stroke-linejoin=\"round\" aria-hidden=\"true\"><path d=\"M4 4h16c1.1 0 2 .9 2 2v12c0 1.1-.9 2-2 2H4c-1.1 0-2-.9-2-2V6c0-1.1.9-2 2-2z\"><\/path><polyline points=\"22,6 12,13 2,6\"><\/polyline><\/svg><\/div><\/div><\/div>\n\n<p><strong>L\u016bdzu, izv\u0113lieties piem\u0113rot\u0101ko maks\u0101juma veidu un, ja jums ir k\u0101di jaut\u0101jumi, rakstiet mums uz e-pastu <a href=\"mailto:info@migle.lt\" target=\"_blank\" rel=\"noreferrer noopener\">info@migle.lt<\/a>. <\/strong><\/p>\n\n<p>M\u0113s ar prieku jums pal\u012bdz\u0113sim! <\/p>\n\n<p><em>Maks\u0101jums tiek veikts eiro. Visas cenas nor\u0101d\u012btas eiro un ietver Lietuvas Republik\u0101 sp\u0113k\u0101 eso\u0161o PVN (21%).<\/em><\/p>\n","protected":false},"excerpt":{"rendered":"<p>Maks\u0101jumu veidi K\u0100 VAR APMAKS\u0100T PAS\u016aT\u012aJUMU? J\u016bs varat nor\u0113\u0137in\u0101ties par pas\u016bt\u012bjumu ar Visa, MasterCard un Maestro debetkart\u0113m vai kred\u012btkart\u0113m, izmantojot Lietuvas, Latvijas un Igaunijas banku saites (Swedbank, SEB, Nordea, Danske Bank, Krediidipank, LHV pank, Coop pank, Poco pay, Luminor, Citadele) . Apmaksa notiek dro\u0161\u0101 vid\u0113 \u0101rpus migle.lt interneta veikala caur Maksekeskus AS. Amica LT UAB&hellip;<\/p>\n","protected":false},"author":2,"featured_media":0,"parent":0,"menu_order":0,"comment_status":"closed","ping_status":"closed","template":"","meta":{"inline_featured_image":false,"footnotes":""},"class_list":["post-41878","page","type-page","status-publish","hentry"],"_links":{"self":[{"href":"https:\/\/migle.dev.unionfintech.com\/lv\/wp-json\/wp\/v2\/pages\/41878","targetHints":{"allow":["GET"]}}],"collection":[{"href":"https:\/\/migle.dev.unionfintech.com\/lv\/wp-json\/wp\/v2\/pages"}],"about":[{"href":"https:\/\/migle.dev.unionfintech.com\/lv\/wp-json\/wp\/v2\/types\/page"}],"author":[{"embeddable":true,"href":"https:\/\/migle.dev.unionfintech.com\/lv\/wp-json\/wp\/v2\/users\/2"}],"replies":[{"embeddable":true,"href":"https:\/\/migle.dev.unionfintech.com\/lv\/wp-json\/wp\/v2\/comments?post=41878"}],"version-history":[{"count":2,"href":"https:\/\/migle.dev.unionfintech.com\/lv\/wp-json\/wp\/v2\/pages\/41878\/revisions"}],"predecessor-version":[{"id":41880,"href":"https:\/\/migle.dev.unionfintech.com\/lv\/wp-json\/wp\/v2\/pages\/41878\/revisions\/41880"}],"wp:attachment":[{"href":"https:\/\/migle.dev.unionfintech.com\/lv\/wp-json\/wp\/v2\/media?parent=41878"}],"curies":[{"name":"wp","href":"https:\/\/api.w.org\/{rel}","templated":true}]}}