{"id":39866,"date":"2023-01-12T11:48:06","date_gmt":"2023-01-12T09:48:06","guid":{"rendered":"https:\/\/migle.dev.unionfintech.com\/?post_type=product&#038;p=39866"},"modified":"2023-01-24T10:38:08","modified_gmt":"2023-01-24T08:38:08","slug":"aubade-biksites-dans-des-sense-og24","status":"publish","type":"product","link":"https:\/\/migle.dev.unionfintech.com\/lv\/produkts\/aubade-biksites-dans-des-sense-og24\/","title":{"rendered":"Aubade biks\u012btes Dans Des Sense OG24"},"content":{"rendered":"","protected":false},"excerpt":{"rendered":"<p>\u0160ios itin auk\u0161tu juosmeniu kelnait\u0117s \u201eDanse des Sens\u201c pary\u0161kina nugaros siluet\u0105. I\u0161skirtiniai n\u0117riniai t\u0119siasi nuo klub\u0173 vir\u0161aus iki s\u0117dmen\u0173 i\u0161linkimo. Sud\u0117tis: 87% poliamidas, 13% elastanas.<\/p>\n","protected":false},"featured_media":39862,"comment_status":"open","ping_status":"closed","template":"","meta":{"inline_featured_image":false},"product_cat":[864,825,597],"product_tag":[1213,1447],"class_list":["post-39866","product","type-product","status-publish","has-post-thumbnail","hentry","product_cat-ar-augstu-jostas-vietu","product_cat-biksites","product_cat-sieviesu-apaksvela","product_tag-aubade-lv","product_tag-aubade-dans-des-sense-lv"],"_links":{"self":[{"href":"https:\/\/migle.dev.unionfintech.com\/lv\/wp-json\/wp\/v3\/product\/39866","targetHints":{"allow":["GET"]}}],"collection":[{"href":"https:\/\/migle.dev.unionfintech.com\/lv\/wp-json\/wp\/v3\/product"}],"about":[{"href":"https:\/\/migle.dev.unionfintech.com\/lv\/wp-json\/wp\/v2\/types\/product"}],"replies":[{"embeddable":true,"href":"https:\/\/migle.dev.unionfintech.com\/lv\/wp-json\/wp\/v2\/comments?post=39866"}],"wp:featuredmedia":[{"embeddable":true,"href":"https:\/\/migle.dev.unionfintech.com\/lv\/wp-json\/wp\/v2\/media\/39862"}],"wp:attachment":[{"href":"https:\/\/migle.dev.unionfintech.com\/lv\/wp-json\/wp\/v2\/media?parent=39866"}],"wp:term":[{"taxonomy":"product_cat","embeddable":true,"href":"https:\/\/migle.dev.unionfintech.com\/lv\/wp-json\/wp\/v2\/product_cat?post=39866"},{"taxonomy":"product_tag","embeddable":true,"href":"https:\/\/migle.dev.unionfintech.com\/lv\/wp-json\/wp\/v2\/product_tag?post=39866"}],"curies":[{"name":"wp","href":"https:\/\/api.w.org\/{rel}","templated":true}]}}