{"id":39882,"date":"2023-01-12T12:03:35","date_gmt":"2023-01-12T10:03:35","guid":{"rendered":"https:\/\/migle.dev.unionfintech.com\/?post_type=product&#038;p=39882"},"modified":"2023-01-24T10:38:04","modified_gmt":"2023-01-24T08:38:04","slug":"aubade-biksites-dans-des-sense-og27","status":"publish","type":"product","link":"https:\/\/migle.dev.unionfintech.com\/lv\/produkts\/aubade-biksites-dans-des-sense-og27\/","title":{"rendered":"Aubade biks\u012btes Dans Des Sense OG27"},"content":{"rendered":"","protected":false},"excerpt":{"rendered":"<p>N\u0117rini\u0173 kelnait\u0117s. Sud\u0117tis: 91% poliesteris , 9% polimidas.<\/p>\n","protected":false},"featured_media":39914,"comment_status":"open","ping_status":"closed","template":"","meta":{"inline_featured_image":false},"product_cat":[2059,825,597],"product_tag":[1213,1447],"class_list":["post-39882","product","type-product","status-publish","has-post-thumbnail","hentry","product_cat-ar-zemu-jostas-vietu","product_cat-biksites","product_cat-sieviesu-apaksvela","product_tag-aubade-lv","product_tag-aubade-dans-des-sense-lv"],"_links":{"self":[{"href":"https:\/\/migle.dev.unionfintech.com\/lv\/wp-json\/wp\/v3\/product\/39882","targetHints":{"allow":["GET"]}}],"collection":[{"href":"https:\/\/migle.dev.unionfintech.com\/lv\/wp-json\/wp\/v3\/product"}],"about":[{"href":"https:\/\/migle.dev.unionfintech.com\/lv\/wp-json\/wp\/v2\/types\/product"}],"replies":[{"embeddable":true,"href":"https:\/\/migle.dev.unionfintech.com\/lv\/wp-json\/wp\/v2\/comments?post=39882"}],"wp:featuredmedia":[{"embeddable":true,"href":"https:\/\/migle.dev.unionfintech.com\/lv\/wp-json\/wp\/v2\/media\/39914"}],"wp:attachment":[{"href":"https:\/\/migle.dev.unionfintech.com\/lv\/wp-json\/wp\/v2\/media?parent=39882"}],"wp:term":[{"taxonomy":"product_cat","embeddable":true,"href":"https:\/\/migle.dev.unionfintech.com\/lv\/wp-json\/wp\/v2\/product_cat?post=39882"},{"taxonomy":"product_tag","embeddable":true,"href":"https:\/\/migle.dev.unionfintech.com\/lv\/wp-json\/wp\/v2\/product_tag?post=39882"}],"curies":[{"name":"wp","href":"https:\/\/api.w.org\/{rel}","templated":true}]}}