{"id":40524,"date":"2023-01-24T11:03:30","date_gmt":"2023-01-24T09:03:30","guid":{"rendered":"https:\/\/migle.dev.unionfintech.com\/?post_type=product&#038;p=40524"},"modified":"2023-01-24T11:09:25","modified_gmt":"2023-01-24T09:09:25","slug":"aubade-krusturis-danse-des-sens-og12","status":"publish","type":"product","link":"https:\/\/migle.dev.unionfintech.com\/lv\/produkts\/aubade-krusturis-danse-des-sens-og12\/","title":{"rendered":"Aubade kr\u016b\u0161turis Danse Des Sens OG12"},"content":{"rendered":"","protected":false},"excerpt":{"rendered":"<p>Liemen\u0117l\u0119 puo\u0161ia stulbinantys n\u0117riniai, kurie suteikia moteri\u0161kumo. \u0160i liemen\u0117l\u0117 yra su lankeliais, kad palaikyt\u0173 ir pakelt\u0173 kr\u016btin\u0119, ta\u010diau nepamink\u0161tinta, kad suteikt\u0173 kuo nat\u016bralesn\u012f vaizd\u0105. Reguliuojamos petne\u0161\u0117l\u0117s, u\u017esegimas nugaroje. Sud\u0117tis: 89% poliesteris 11% poliamidas.<\/p>\n","protected":false},"featured_media":31162,"comment_status":"open","ping_status":"closed","template":"","meta":{"inline_featured_image":false},"product_cat":[805,1154],"product_tag":[1213,1447],"class_list":["post-40524","product","type-product","status-publish","has-post-thumbnail","hentry","product_cat-krusturi","product_cat-trissturveida-krusturi","product_tag-aubade-lv","product_tag-aubade-dans-des-sense-lv"],"_links":{"self":[{"href":"https:\/\/migle.dev.unionfintech.com\/lv\/wp-json\/wp\/v3\/product\/40524","targetHints":{"allow":["GET"]}}],"collection":[{"href":"https:\/\/migle.dev.unionfintech.com\/lv\/wp-json\/wp\/v3\/product"}],"about":[{"href":"https:\/\/migle.dev.unionfintech.com\/lv\/wp-json\/wp\/v2\/types\/product"}],"replies":[{"embeddable":true,"href":"https:\/\/migle.dev.unionfintech.com\/lv\/wp-json\/wp\/v2\/comments?post=40524"}],"wp:featuredmedia":[{"embeddable":true,"href":"https:\/\/migle.dev.unionfintech.com\/lv\/wp-json\/wp\/v2\/media\/31162"}],"wp:attachment":[{"href":"https:\/\/migle.dev.unionfintech.com\/lv\/wp-json\/wp\/v2\/media?parent=40524"}],"wp:term":[{"taxonomy":"product_cat","embeddable":true,"href":"https:\/\/migle.dev.unionfintech.com\/lv\/wp-json\/wp\/v2\/product_cat?post=40524"},{"taxonomy":"product_tag","embeddable":true,"href":"https:\/\/migle.dev.unionfintech.com\/lv\/wp-json\/wp\/v2\/product_tag?post=40524"}],"curies":[{"name":"wp","href":"https:\/\/api.w.org\/{rel}","templated":true}]}}