{"id":42276,"date":"2023-03-10T11:31:09","date_gmt":"2023-03-10T09:31:09","guid":{"rendered":"https:\/\/migle.dev.unionfintech.com\/?post_type=product&#038;p=42276"},"modified":"2023-04-12T13:51:47","modified_gmt":"2023-04-12T10:51:47","slug":"aubade-krusturis-dans-des-sens-og08-n","status":"publish","type":"product","link":"https:\/\/migle.dev.unionfintech.com\/lv\/produkts\/aubade-krusturis-dans-des-sens-og08-n\/","title":{"rendered":"Aubade kr\u016b\u0161turis Dans Des Sens OG08-N"},"content":{"rendered":"","protected":false},"excerpt":{"rendered":"<p>Itin seksuali, gilesnio kirpimo Molded Plunge liemen\u0117l\u0117s i\u0161kirpt\u0117 yra itin lengva ir patogi. N\u0117rini\u0173 subtilumas su\u0161velnina liemen\u0117l\u0117s dizain\u0105 ir sukuria viliojant\u012f efekt\u0105. Reguliuojamos petne\u0161\u0117l\u0117s, u\u017esegimas nugaroje.  Sud\u0117tis: 89% poliamidas, 11% elastanas.<\/p>\n","protected":false},"featured_media":31097,"comment_status":"open","ping_status":"closed","template":"","meta":{"inline_featured_image":false},"product_cat":[804,805,597],"product_tag":[1213,1447,946],"class_list":["post-42276","product","type-product","status-publish","has-post-thumbnail","hentry","product_cat-klasiskie-krusturi","product_cat-krusturi","product_cat-sieviesu-apaksvela","product_tag-aubade-lv","product_tag-aubade-dans-des-sense-lv","product_tag-made-in-france-lv-2"],"_links":{"self":[{"href":"https:\/\/migle.dev.unionfintech.com\/lv\/wp-json\/wp\/v3\/product\/42276","targetHints":{"allow":["GET"]}}],"collection":[{"href":"https:\/\/migle.dev.unionfintech.com\/lv\/wp-json\/wp\/v3\/product"}],"about":[{"href":"https:\/\/migle.dev.unionfintech.com\/lv\/wp-json\/wp\/v2\/types\/product"}],"replies":[{"embeddable":true,"href":"https:\/\/migle.dev.unionfintech.com\/lv\/wp-json\/wp\/v2\/comments?post=42276"}],"wp:featuredmedia":[{"embeddable":true,"href":"https:\/\/migle.dev.unionfintech.com\/lv\/wp-json\/wp\/v2\/media\/31097"}],"wp:attachment":[{"href":"https:\/\/migle.dev.unionfintech.com\/lv\/wp-json\/wp\/v2\/media?parent=42276"}],"wp:term":[{"taxonomy":"product_cat","embeddable":true,"href":"https:\/\/migle.dev.unionfintech.com\/lv\/wp-json\/wp\/v2\/product_cat?post=42276"},{"taxonomy":"product_tag","embeddable":true,"href":"https:\/\/migle.dev.unionfintech.com\/lv\/wp-json\/wp\/v2\/product_tag?post=42276"}],"curies":[{"name":"wp","href":"https:\/\/api.w.org\/{rel}","templated":true}]}}