{"id":42726,"date":"2023-03-10T13:19:48","date_gmt":"2023-03-10T11:19:48","guid":{"rendered":"https:\/\/migle.dev.unionfintech.com\/?post_type=product&#038;p=42726"},"modified":"2023-03-10T13:35:26","modified_gmt":"2023-03-10T11:35:26","slug":"wacoal-biksites-gloire-tanga","status":"publish","type":"product","link":"https:\/\/migle.dev.unionfintech.com\/lv\/produkts\/wacoal-biksites-gloire-tanga\/","title":{"rendered":"Wacoal biks\u012btes Gloire tanga"},"content":{"rendered":"","protected":false},"excerpt":{"rendered":"<p>Wacoal biks\u012btes Gloire tanga.<\/p>\n<p>Sast\u0101vs: 68% poliam\u012bds, 25% elast\u0101ns, 5% kokvilna, 2% poliesters.<\/p>\n","protected":false},"featured_media":42752,"comment_status":"open","ping_status":"closed","template":"","meta":{"inline_featured_image":false},"product_cat":[825,597,1065],"product_tag":[],"class_list":["post-42726","product","type-product","status-publish","has-post-thumbnail","hentry","product_cat-biksites","product_cat-sieviesu-apaksvela","product_cat-stringi"],"_links":{"self":[{"href":"https:\/\/migle.dev.unionfintech.com\/lv\/wp-json\/wp\/v3\/product\/42726","targetHints":{"allow":["GET"]}}],"collection":[{"href":"https:\/\/migle.dev.unionfintech.com\/lv\/wp-json\/wp\/v3\/product"}],"about":[{"href":"https:\/\/migle.dev.unionfintech.com\/lv\/wp-json\/wp\/v2\/types\/product"}],"replies":[{"embeddable":true,"href":"https:\/\/migle.dev.unionfintech.com\/lv\/wp-json\/wp\/v2\/comments?post=42726"}],"wp:featuredmedia":[{"embeddable":true,"href":"https:\/\/migle.dev.unionfintech.com\/lv\/wp-json\/wp\/v2\/media\/42752"}],"wp:attachment":[{"href":"https:\/\/migle.dev.unionfintech.com\/lv\/wp-json\/wp\/v2\/media?parent=42726"}],"wp:term":[{"taxonomy":"product_cat","embeddable":true,"href":"https:\/\/migle.dev.unionfintech.com\/lv\/wp-json\/wp\/v2\/product_cat?post=42726"},{"taxonomy":"product_tag","embeddable":true,"href":"https:\/\/migle.dev.unionfintech.com\/lv\/wp-json\/wp\/v2\/product_tag?post=42726"}],"curies":[{"name":"wp","href":"https:\/\/api.w.org\/{rel}","templated":true}]}}