{"id":42802,"date":"2023-03-14T12:49:56","date_gmt":"2023-03-14T10:49:56","guid":{"rendered":"https:\/\/migle.dev.unionfintech.com\/?post_type=product&#038;p=42802"},"modified":"2023-04-12T14:00:17","modified_gmt":"2023-04-12T11:00:17","slug":"wacoal-krusturis-halo-lace","status":"publish","type":"product","link":"https:\/\/migle.dev.unionfintech.com\/lv\/produkts\/wacoal-krusturis-halo-lace\/","title":{"rendered":"Wacoal kr\u016b\u0161turis Halo Lace"},"content":{"rendered":"","protected":false},"excerpt":{"rendered":"<p>Jei norite prabangiai mink\u0161tos liemen\u0117l\u0117s tai kolekcija \u201eHalo Lace\u201c b\u016btent tai ko ie\u0161kote. Liemen\u0117l\u0117 yra dr\u0105sios Barbadoso vy\u0161ni\u0173 spalvos su viliojan\u010diu V formos priekiu, idealiai tinkanti kasdieniam d\u0117v\u0117jimui. I\u0161skirtiniai g\u0117l\u0117ti tampr\u016bs n\u0117riniai. Labai elastinga prilaikanti kr\u016btin\u0119 apatin\u0117 juosta. Sud\u0117tis: 100% poliamidas.<\/p>\n","protected":false},"featured_media":42833,"comment_status":"open","ping_status":"closed","template":"","meta":{"inline_featured_image":false},"product_cat":[805,597,1154],"product_tag":[1126,1660,1673],"class_list":["post-42802","product","type-product","status-publish","has-post-thumbnail","hentry","product_cat-krusturi","product_cat-sieviesu-apaksvela","product_cat-trissturveida-krusturi","product_tag-liemenele-be-pakietinimo-lv","product_tag-wacoal-lv","product_tag-wacoal-liemenele-lv"],"_links":{"self":[{"href":"https:\/\/migle.dev.unionfintech.com\/lv\/wp-json\/wp\/v3\/product\/42802","targetHints":{"allow":["GET"]}}],"collection":[{"href":"https:\/\/migle.dev.unionfintech.com\/lv\/wp-json\/wp\/v3\/product"}],"about":[{"href":"https:\/\/migle.dev.unionfintech.com\/lv\/wp-json\/wp\/v2\/types\/product"}],"replies":[{"embeddable":true,"href":"https:\/\/migle.dev.unionfintech.com\/lv\/wp-json\/wp\/v2\/comments?post=42802"}],"wp:featuredmedia":[{"embeddable":true,"href":"https:\/\/migle.dev.unionfintech.com\/lv\/wp-json\/wp\/v2\/media\/42833"}],"wp:attachment":[{"href":"https:\/\/migle.dev.unionfintech.com\/lv\/wp-json\/wp\/v2\/media?parent=42802"}],"wp:term":[{"taxonomy":"product_cat","embeddable":true,"href":"https:\/\/migle.dev.unionfintech.com\/lv\/wp-json\/wp\/v2\/product_cat?post=42802"},{"taxonomy":"product_tag","embeddable":true,"href":"https:\/\/migle.dev.unionfintech.com\/lv\/wp-json\/wp\/v2\/product_tag?post=42802"}],"curies":[{"name":"wp","href":"https:\/\/api.w.org\/{rel}","templated":true}]}}