{"id":44174,"date":"2023-05-05T12:49:35","date_gmt":"2023-05-05T09:49:35","guid":{"rendered":"https:\/\/migle.dev.unionfintech.com\/?post_type=product&#038;p=44174"},"modified":"2023-05-05T12:52:06","modified_gmt":"2023-05-05T09:52:06","slug":"wacoal-mezginu-naktskrekls-perfection","status":"publish","type":"product","link":"https:\/\/migle.dev.unionfintech.com\/lv\/produkts\/wacoal-mezginu-naktskrekls-perfection\/","title":{"rendered":"Wacoal me\u017e\u0123\u012b\u0146u naktskrekls Perfection"},"content":{"rendered":"","protected":false},"excerpt":{"rendered":"<p>Naktiniai mar\u0161kiniai su n\u0117riniais, vir\u0161utin\u0117 dalis ties kr\u016btine i\u0161 dailaus n\u0117rinio, nuo kr\u016btin\u0117s krenta lengvas, vos permatomas tiulis. Elastingos, reguliuojamos petne\u0161\u0117l\u0117s maksimaliam komfortui. Sud\u0117tis: 72% poliamidas, 19% elastanas, 9% poliesteris.<\/p>\n","protected":false},"featured_media":44189,"comment_status":"open","ping_status":"closed","template":"","meta":{"inline_featured_image":false},"product_cat":[1223,685],"product_tag":[1660],"class_list":["post-44174","product","type-product","status-publish","has-post-thumbnail","hentry","product_cat-naktskrekli","product_cat-naktskrekli-pidzamas-halati","product_tag-wacoal-lv"],"_links":{"self":[{"href":"https:\/\/migle.dev.unionfintech.com\/lv\/wp-json\/wp\/v3\/product\/44174","targetHints":{"allow":["GET"]}}],"collection":[{"href":"https:\/\/migle.dev.unionfintech.com\/lv\/wp-json\/wp\/v3\/product"}],"about":[{"href":"https:\/\/migle.dev.unionfintech.com\/lv\/wp-json\/wp\/v2\/types\/product"}],"replies":[{"embeddable":true,"href":"https:\/\/migle.dev.unionfintech.com\/lv\/wp-json\/wp\/v2\/comments?post=44174"}],"wp:featuredmedia":[{"embeddable":true,"href":"https:\/\/migle.dev.unionfintech.com\/lv\/wp-json\/wp\/v2\/media\/44189"}],"wp:attachment":[{"href":"https:\/\/migle.dev.unionfintech.com\/lv\/wp-json\/wp\/v2\/media?parent=44174"}],"wp:term":[{"taxonomy":"product_cat","embeddable":true,"href":"https:\/\/migle.dev.unionfintech.com\/lv\/wp-json\/wp\/v2\/product_cat?post=44174"},{"taxonomy":"product_tag","embeddable":true,"href":"https:\/\/migle.dev.unionfintech.com\/lv\/wp-json\/wp\/v2\/product_tag?post=44174"}],"curies":[{"name":"wp","href":"https:\/\/api.w.org\/{rel}","templated":true}]}}