{"id":44142,"date":"2023-05-05T10:20:21","date_gmt":"2023-05-05T07:20:21","guid":{"rendered":"https:\/\/migle.dev.unionfintech.com\/?post_type=product&#038;p=44142"},"modified":"2023-05-05T11:00:56","modified_gmt":"2023-05-05T08:00:56","slug":"wacoal-liemenele-gloire","status":"publish","type":"product","link":"https:\/\/migle.dev.unionfintech.com\/ru\/\u0442\u043e\u0432\u0430\u0440\/wacoal-liemenele-gloire\/","title":{"rendered":"Wacoal liemen\u0117l\u0117 Gloire"},"content":{"rendered":"","protected":false},"excerpt":{"rendered":"<p>Gloire linijos liemen\u0117l\u0117, kuria b\u016btina papildyti apatinio trikota\u017eo stal\u010di\u0173, tai rafinuotas paprastumas, o lygi\u0173 kont\u016br\u0173 kau\u0161eliai suteikia nat\u016brali\u0105 ir apvali\u0105 form\u0105. \u017dakardiniai n\u0117riniai u\u017ebaigia dizain\u0105. Sud\u0117tis: 68% poliamidas, 31% elastanas, 1% poliesteris.<\/p>\n","protected":false},"featured_media":33717,"comment_status":"open","ping_status":"closed","template":"","meta":{"inline_featured_image":false},"product_cat":[740,736,743,107],"product_tag":[1663],"class_list":["post-44142","product","type-product","status-publish","has-post-thumbnail","hentry","product_cat-bustgalteri","product_cat-736","product_cat-klassicheskije","product_cat-107","product_tag-wacoal-ru"],"_links":{"self":[{"href":"https:\/\/migle.dev.unionfintech.com\/ru\/wp-json\/wp\/v3\/product\/44142","targetHints":{"allow":["GET"]}}],"collection":[{"href":"https:\/\/migle.dev.unionfintech.com\/ru\/wp-json\/wp\/v3\/product"}],"about":[{"href":"https:\/\/migle.dev.unionfintech.com\/ru\/wp-json\/wp\/v2\/types\/product"}],"replies":[{"embeddable":true,"href":"https:\/\/migle.dev.unionfintech.com\/ru\/wp-json\/wp\/v2\/comments?post=44142"}],"wp:featuredmedia":[{"embeddable":true,"href":"https:\/\/migle.dev.unionfintech.com\/ru\/wp-json\/wp\/v2\/media\/33717"}],"wp:attachment":[{"href":"https:\/\/migle.dev.unionfintech.com\/ru\/wp-json\/wp\/v2\/media?parent=44142"}],"wp:term":[{"taxonomy":"product_cat","embeddable":true,"href":"https:\/\/migle.dev.unionfintech.com\/ru\/wp-json\/wp\/v2\/product_cat?post=44142"},{"taxonomy":"product_tag","embeddable":true,"href":"https:\/\/migle.dev.unionfintech.com\/ru\/wp-json\/wp\/v2\/product_tag?post=44142"}],"curies":[{"name":"wp","href":"https:\/\/api.w.org\/{rel}","templated":true}]}}